{"id":32382,"date":"2023-06-15T09:42:02","date_gmt":"2023-06-15T07:42:02","guid":{"rendered":"https:\/\/www.smovin.app\/?page_id=32382"},"modified":"2024-04-10T14:11:39","modified_gmt":"2024-04-10T12:11:39","slug":"artikels-vastgoedvennootschap","status":"publish","type":"page","link":"https:\/\/www.smovin.app\/nl-be\/artikels-vastgoedvennootschap\/","title":{"rendered":"Onze artikels over de vastgoedvennootschap"},"content":{"rendered":"\t\t<div data-elementor-type=\"wp-page\" data-elementor-id=\"32382\" class=\"elementor elementor-32382\" data-elementor-post-type=\"page\">\n\t\t\t\t\t\t<section class=\"elementor-section elementor-inner-section elementor-element elementor-element-62ce2675 elementor-section-boxed elementor-section-height-default elementor-section-height-default\" data-id=\"62ce2675\" data-element_type=\"section\" data-e-type=\"section\">\n\t\t\t\t\t\t<div class=\"elementor-container elementor-column-gap-default\">\n\t\t\t\t\t<div class=\"elementor-column elementor-col-100 elementor-inner-column elementor-element elementor-element-5263b12d\" data-id=\"5263b12d\" data-element_type=\"column\" data-e-type=\"column\" data-settings=\"{&quot;background_background&quot;:&quot;classic&quot;}\">\n\t\t\t<div class=\"elementor-widget-wrap elementor-element-populated\">\n\t\t\t\t\t\t<div class=\"elementor-element elementor-element-18aac71c elementor-widget elementor-widget-heading\" data-id=\"18aac71c\" data-element_type=\"widget\" data-e-type=\"widget\" data-widget_type=\"heading.default\">\n\t\t\t\t<div class=\"elementor-widget-container\">\n\t\t\t\t\t<h1 class=\"elementor-heading-title elementor-size-default\" class=\"elementor-heading-title elementor-size-default\" id=\"onze-artikels-over-de-vastgoed-vennootschap\"><a href=\"#onze-artikels-over-de-vastgoed-vennootschap\" class=\"heading-link\"><i class=\"glyphicon glyphicon-link\"><\/i><\/a>Onze artikels over de vastgoed vennootschap<\/h1>\t\t\t\t<\/div>\n\t\t\t\t<\/div>\n\t\t\t\t<div class=\"elementor-element elementor-element-223798e6 elementor-widget elementor-widget-text-editor\" data-id=\"223798e6\" data-element_type=\"widget\" data-e-type=\"widget\" data-widget_type=\"text-editor.default\">\n\t\t\t\t<div class=\"elementor-widget-container\">\n\t\t\t\t\t\t\t\t\t<p>Een vastgoedvennootschap is een structuur die toelaat om vastgoedkapitaal op lange termijn te laten groeien. De bestuurders kunnen in de ogen van de wet als vennootschap en niet als natuurlijke persoon worden beschouwd.&nbsp;<\/p><p>Hier vindt u alles wat u moet weten over een vastgoedvennootschap.<\/p>\t\t\t\t\t\t\t\t<\/div>\n\t\t\t\t<\/div>\n\t\t\t\t<div class=\"elementor-element elementor-element-403bdad9 elementor-posts--align-left elementor-grid-3 elementor-grid-tablet-2 elementor-grid-mobile-1 elementor-posts--thumbnail-top elementor-widget elementor-widget-posts\" data-id=\"403bdad9\" data-element_type=\"widget\" data-e-type=\"widget\" data-settings=\"{&quot;classic_row_gap&quot;:{&quot;unit&quot;:&quot;px&quot;,&quot;size&quot;:52,&quot;sizes&quot;:[]},&quot;classic_columns&quot;:&quot;3&quot;,&quot;classic_columns_tablet&quot;:&quot;2&quot;,&quot;classic_columns_mobile&quot;:&quot;1&quot;,&quot;classic_row_gap_tablet&quot;:{&quot;unit&quot;:&quot;px&quot;,&quot;size&quot;:&quot;&quot;,&quot;sizes&quot;:[]},&quot;classic_row_gap_mobile&quot;:{&quot;unit&quot;:&quot;px&quot;,&quot;size&quot;:&quot;&quot;,&quot;sizes&quot;:[]}}\" data-widget_type=\"posts.classic\">\n\t\t\t\t<div class=\"elementor-widget-container\">\n\t\t\t\t\t\t\t<div class=\"elementor-posts-container elementor-posts elementor-posts--skin-classic elementor-grid\" role=\"list\">\n\t\t\t\t<article class=\"elementor-post elementor-grid-item post-22591 page type-page status-publish has-post-thumbnail hentry category-blog-nl tag-seo-nl tag-vastgoedvennootschap\" role=\"listitem\">\n\t\t\t\t<a class=\"elementor-post__thumbnail__link\" href=\"https:\/\/www.smovin.app\/nl-be\/vastgoedvennootschap\/\" tabindex=\"-1\" >\n\t\t\t<div class=\"elementor-post__thumbnail\"><img fetchpriority=\"high\" decoding=\"async\" width=\"768\" height=\"511\" src=\"https:\/\/www.smovin.app\/wp-content\/uploads\/2023\/07\/AdobeStock_57366938-scaled-1-768x511.webp\" class=\"attachment-medium_large size-medium_large wp-image-35236\" alt=\"Societe immobiliere\" srcset=\"https:\/\/www.smovin.app\/wp-content\/uploads\/2023\/07\/AdobeStock_57366938-scaled-1-768x511.webp 768w, https:\/\/www.smovin.app\/wp-content\/uploads\/2023\/07\/AdobeStock_57366938-scaled-1-300x200.webp 300w, https:\/\/www.smovin.app\/wp-content\/uploads\/2023\/07\/AdobeStock_57366938-scaled-1-1024x681.webp 1024w, https:\/\/www.smovin.app\/wp-content\/uploads\/2023\/07\/AdobeStock_57366938-scaled-1-1536x1022.webp 1536w, https:\/\/www.smovin.app\/wp-content\/uploads\/2023\/07\/AdobeStock_57366938-scaled-1-2048x1362.webp 2048w\" sizes=\"(max-width: 768px) 100vw, 768px\" \/><\/div>\n\t\t<\/a>\n\t\t\t\t<div class=\"elementor-post__text\">\n\t\t\t\t<h2 class=\"elementor-post__title\">\n\t\t\t<a href=\"https:\/\/www.smovin.app\/nl-be\/vastgoedvennootschap\/\" >\n\t\t\t\tVastgoedvennootschap in Belgi\u00eb: de complete gids\t\t\t<\/a>\n\t\t<\/h2>\n\t\t\t\t<div class=\"elementor-post__meta-data\">\n\t\t\t\t\t<span class=\"elementor-post-date\">\n\t\t\t18 February 2025\t\t<\/span>\n\t\t\t\t<\/div>\n\t\t\t\t<div class=\"elementor-post__excerpt\">\n\t\t\t<p>In Belgi\u00eb vragen veel vastgoedeigenaars zich af hoe ze hun vermogen het beste kunnen beheren. Een vastgoedvennootschap is een structuur<\/p>\n\t\t<\/div>\n\t\t\t\t<\/div>\n\t\t\t\t<\/article>\n\t\t\t\t<article class=\"elementor-post elementor-grid-item post-22594 page type-page status-publish has-post-thumbnail hentry category-blog-nl tag-patrimoniumvennootschap tag-seo-nl\" role=\"listitem\">\n\t\t\t\t<a class=\"elementor-post__thumbnail__link\" href=\"https:\/\/www.smovin.app\/nl-be\/patrimoniumvennootschap\/\" tabindex=\"-1\" >\n\t\t\t<div class=\"elementor-post__thumbnail\"><img decoding=\"async\" width=\"768\" height=\"542\" src=\"https:\/\/www.smovin.app\/wp-content\/uploads\/2023\/07\/AdobeStock_454263593-min-768x542.webp\" class=\"attachment-medium_large size-medium_large wp-image-35538\" alt=\"soci\u00e9t\u00e9 patrimoniale\" srcset=\"https:\/\/www.smovin.app\/wp-content\/uploads\/2023\/07\/AdobeStock_454263593-min-768x542.webp 768w, https:\/\/www.smovin.app\/wp-content\/uploads\/2023\/07\/AdobeStock_454263593-min-300x212.webp 300w, https:\/\/www.smovin.app\/wp-content\/uploads\/2023\/07\/AdobeStock_454263593-min.webp 1000w\" sizes=\"(max-width: 768px) 100vw, 768px\" \/><\/div>\n\t\t<\/a>\n\t\t\t\t<div class=\"elementor-post__text\">\n\t\t\t\t<h2 class=\"elementor-post__title\">\n\t\t\t<a href=\"https:\/\/www.smovin.app\/nl-be\/patrimoniumvennootschap\/\" >\n\t\t\t\tWat is een patrimoniumvennootschap in Belgi\u00eb?\t\t\t<\/a>\n\t\t<\/h2>\n\t\t\t\t<div class=\"elementor-post__meta-data\">\n\t\t\t\t\t<span class=\"elementor-post-date\">\n\t\t\t4 February 2025\t\t<\/span>\n\t\t\t\t<\/div>\n\t\t\t\t<div class=\"elementor-post__excerpt\">\n\t\t\t<p>Zoals de naam al laat vermoeden, is het doel van een patrimoniumvennootschap het beheer van een vermogen. Dit kan bestaan<\/p>\n\t\t<\/div>\n\t\t\t\t<\/div>\n\t\t\t\t<\/article>\n\t\t\t\t<article class=\"elementor-post elementor-grid-item post-22795 page type-page status-publish has-post-thumbnail hentry category-blog-nl tag-seo-nl tag-vastgoedvennootschap\" role=\"listitem\">\n\t\t\t\t<a class=\"elementor-post__thumbnail__link\" href=\"https:\/\/www.smovin.app\/nl-be\/vastgoedvennootschap\/oprichten\/\" tabindex=\"-1\" >\n\t\t\t<div class=\"elementor-post__thumbnail\"><img decoding=\"async\" width=\"768\" height=\"432\" src=\"https:\/\/www.smovin.app\/wp-content\/uploads\/2022\/10\/AdobeStock_313768748-768x432.jpeg\" class=\"attachment-medium_large size-medium_large wp-image-19396\" alt=\"Cr\u00e9er une soci\u00e9t\u00e9 immombili\u00e8re\" srcset=\"https:\/\/www.smovin.app\/wp-content\/uploads\/2022\/10\/AdobeStock_313768748-768x432.jpeg 768w, https:\/\/www.smovin.app\/wp-content\/uploads\/2022\/10\/AdobeStock_313768748-300x169.jpeg 300w, https:\/\/www.smovin.app\/wp-content\/uploads\/2022\/10\/AdobeStock_313768748-1024x576.jpeg 1024w, https:\/\/www.smovin.app\/wp-content\/uploads\/2022\/10\/AdobeStock_313768748-1536x864.jpeg 1536w, https:\/\/www.smovin.app\/wp-content\/uploads\/2022\/10\/AdobeStock_313768748-2048x1153.jpeg 2048w\" sizes=\"(max-width: 768px) 100vw, 768px\" \/><\/div>\n\t\t<\/a>\n\t\t\t\t<div class=\"elementor-post__text\">\n\t\t\t\t<h2 class=\"elementor-post__title\">\n\t\t\t<a href=\"https:\/\/www.smovin.app\/nl-be\/vastgoedvennootschap\/oprichten\/\" >\n\t\t\t\tHoe een vastgoedvennootschap oprichten in Belgi\u00eb?\t\t\t<\/a>\n\t\t<\/h2>\n\t\t\t\t<div class=\"elementor-post__meta-data\">\n\t\t\t\t\t<span class=\"elementor-post-date\">\n\t\t\t4 February 2025\t\t<\/span>\n\t\t\t\t<\/div>\n\t\t\t\t<div class=\"elementor-post__excerpt\">\n\t\t\t<p>In Belgi\u00eb kunt u als eigenaar een vastgoedvennootschap oprichten met als doel het beheer van vastgoed (gebouwen, appartementen, garages, magazijnen<\/p>\n\t\t<\/div>\n\t\t\t\t<\/div>\n\t\t\t\t<\/article>\n\t\t\t\t<article class=\"elementor-post elementor-grid-item post-25405 page type-page status-publish has-post-thumbnail hentry category-blog-nl tag-seo-nl tag-vastgoedvennootschap\" role=\"listitem\">\n\t\t\t\t<a class=\"elementor-post__thumbnail__link\" href=\"https:\/\/www.smovin.app\/nl-be\/vastgoedvennootschap\/kopen\/\" tabindex=\"-1\" >\n\t\t\t<div class=\"elementor-post__thumbnail\"><img loading=\"lazy\" decoding=\"async\" width=\"768\" height=\"512\" src=\"https:\/\/www.smovin.app\/wp-content\/uploads\/2023\/03\/AdobeStock_331574727-1-768x512.jpeg\" class=\"attachment-medium_large size-medium_large wp-image-24392\" alt=\"Soci\u00e9t\u00e9 immobili\u00e8re \u00e0 vendre\" srcset=\"https:\/\/www.smovin.app\/wp-content\/uploads\/2023\/03\/AdobeStock_331574727-1-768x512.jpeg 768w, https:\/\/www.smovin.app\/wp-content\/uploads\/2023\/03\/AdobeStock_331574727-1-300x200.jpeg 300w, https:\/\/www.smovin.app\/wp-content\/uploads\/2023\/03\/AdobeStock_331574727-1-1024x683.jpeg 1024w\" sizes=\"(max-width: 768px) 100vw, 768px\" \/><\/div>\n\t\t<\/a>\n\t\t\t\t<div class=\"elementor-post__text\">\n\t\t\t\t<h2 class=\"elementor-post__title\">\n\t\t\t<a href=\"https:\/\/www.smovin.app\/nl-be\/vastgoedvennootschap\/kopen\/\" >\n\t\t\t\tEen vastgoedvennootschap kopen: wat u moet weten\t\t\t<\/a>\n\t\t<\/h2>\n\t\t\t\t<div class=\"elementor-post__meta-data\">\n\t\t\t\t\t<span class=\"elementor-post-date\">\n\t\t\t2 August 2023\t\t<\/span>\n\t\t\t\t<\/div>\n\t\t\t\t<div class=\"elementor-post__excerpt\">\n\t\t\t<p>Met een vastgoedvennootschap beheert u onroerend goed als bedrijf en niet als natuurlijke persoon. Dit biedt belastingvoordelen en beperkt de<\/p>\n\t\t<\/div>\n\t\t\t\t<\/div>\n\t\t\t\t<\/article>\n\t\t\t\t<\/div>\n\t\t\n\t\t\t\t\t\t<\/div>\n\t\t\t\t<\/div>\n\t\t\t\t\t<\/div>\n\t\t<\/div>\n\t\t\t\t\t<\/div>\n\t\t<\/section>\n\t\t\t\t<\/div>\n\t\t","protected":false},"excerpt":{"rendered":"<p>Onze artikels over de vastgoed vennootschap Een vastgoedvennootschap is een structuur die toelaat om vastgoedkapitaal op lange termijn te laten [&hellip;]<\/p>\n","protected":false},"author":208846801,"featured_media":0,"parent":0,"menu_order":0,"comment_status":"closed","ping_status":"closed","template":"","meta":{"_acf_changed":false,"content-type":"","site-sidebar-layout":"no-sidebar","site-content-layout":"page-builder","ast-site-content-layout":"default","site-content-style":"default","site-sidebar-style":"default","ast-global-header-display":"","ast-banner-title-visibility":"","ast-main-header-display":"","ast-hfb-above-header-display":"","ast-hfb-below-header-display":"","ast-hfb-mobile-header-display":"","site-post-title":"disabled","ast-breadcrumbs-content":"","ast-featured-img":"disabled","footer-sml-layout":"","ast-disable-related-posts":"","theme-transparent-header-meta":"","adv-header-id-meta":"","stick-header-meta":"","header-above-stick-meta":"","header-main-stick-meta":"","header-below-stick-meta":"","astra-migrate-meta-layouts":"default","ast-page-background-enabled":"default","ast-page-background-meta":{"desktop":{"background-color":"var(--ast-global-color-5)","background-image":"","background-repeat":"repeat","background-position":"center center","background-size":"auto","background-attachment":"scroll","background-type":"","background-media":"","overlay-type":"","overlay-color":"","overlay-opacity":"","overlay-gradient":""},"tablet":{"background-color":"","background-image":"","background-repeat":"repeat","background-position":"center center","background-size":"auto","background-attachment":"scroll","background-type":"","background-media":"","overlay-type":"","overlay-color":"","overlay-opacity":"","overlay-gradient":""},"mobile":{"background-color":"","background-image":"","background-repeat":"repeat","background-position":"center center","background-size":"auto","background-attachment":"scroll","background-type":"","background-media":"","overlay-type":"","overlay-color":"","overlay-opacity":"","overlay-gradient":""}},"ast-content-background-meta":{"desktop":{"background-color":"var(--ast-global-color-4)","background-image":"","background-repeat":"repeat","background-position":"center center","background-size":"auto","background-attachment":"scroll","background-type":"","background-media":"","overlay-type":"","overlay-color":"","overlay-opacity":"","overlay-gradient":""},"tablet":{"background-color":"var(--ast-global-color-4)","background-image":"","background-repeat":"repeat","background-position":"center center","background-size":"auto","background-attachment":"scroll","background-type":"","background-media":"","overlay-type":"","overlay-color":"","overlay-opacity":"","overlay-gradient":""},"mobile":{"background-color":"var(--ast-global-color-4)","background-image":"","background-repeat":"repeat","background-position":"center center","background-size":"auto","background-attachment":"scroll","background-type":"","background-media":"","overlay-type":"","overlay-color":"","overlay-opacity":"","overlay-gradient":""}},"cybocfi_hide_featured_image":"","footnotes":""},"categories":[],"tags":[],"class_list":["post-32382","page","type-page","status-publish","hentry"],"acf":[],"yoast_head":"<!-- This site is optimized with the Yoast SEO plugin v27.5 - https:\/\/yoast.com\/product\/yoast-seo-wordpress\/ -->\n<title>Onze artikels over de vastgoedvennootschap | Smovin<\/title>\n<meta name=\"description\" content=\"Hier vindt u alles wat u als investeerder moet weten over een vastgoedvennootschap: oprichten, kopen, patrimoniumvennootschap...\" \/>\n<meta name=\"robots\" content=\"index, follow, max-snippet:-1, max-image-preview:large, max-video-preview:-1\" \/>\n<link rel=\"canonical\" href=\"https:\/\/www.smovin.app\/nl-be\/artikels-vastgoedvennootschap\/\" \/>\n<meta property=\"og:locale\" content=\"nl_NL\" \/>\n<meta property=\"og:type\" content=\"article\" \/>\n<meta property=\"og:title\" content=\"Onze artikels over de vastgoedvennootschap | Smovin\" \/>\n<meta property=\"og:description\" content=\"Hier vindt u alles wat u als investeerder moet weten over een vastgoedvennootschap: oprichten, kopen, patrimoniumvennootschap...\" \/>\n<meta property=\"og:url\" content=\"https:\/\/www.smovin.app\/nl-be\/artikels-vastgoedvennootschap\/\" \/>\n<meta property=\"og:site_name\" content=\"Smovin | Logiciel de gestion locative\" \/>\n<meta property=\"article:modified_time\" content=\"2024-04-10T12:11:39+00:00\" \/>\n<meta name=\"twitter:card\" content=\"summary_large_image\" \/>\n<meta name=\"twitter:label1\" content=\"Est. reading time\" \/>\n\t<meta name=\"twitter:data1\" content=\"2 minutes\" \/>\n<script type=\"application\/ld+json\" class=\"yoast-schema-graph\">{\"@context\":\"https:\\\/\\\/schema.org\",\"@graph\":[{\"@type\":\"WebPage\",\"@id\":\"https:\\\/\\\/www.smovin.app\\\/nl-be\\\/artikels-vastgoedvennootschap\\\/\",\"url\":\"https:\\\/\\\/www.smovin.app\\\/nl-be\\\/artikels-vastgoedvennootschap\\\/\",\"name\":\"Onze artikels over de vastgoedvennootschap | Smovin\",\"isPartOf\":{\"@id\":\"https:\\\/\\\/www.smovin.app\\\/fr-be\\\/#website\"},\"datePublished\":\"2023-06-15T07:42:02+00:00\",\"dateModified\":\"2024-04-10T12:11:39+00:00\",\"description\":\"Hier vindt u alles wat u als investeerder moet weten over een vastgoedvennootschap: oprichten, kopen, patrimoniumvennootschap...\",\"breadcrumb\":{\"@id\":\"https:\\\/\\\/www.smovin.app\\\/nl-be\\\/artikels-vastgoedvennootschap\\\/#breadcrumb\"},\"inLanguage\":\"nl-be\",\"potentialAction\":[{\"@type\":\"ReadAction\",\"target\":[\"https:\\\/\\\/www.smovin.app\\\/nl-be\\\/artikels-vastgoedvennootschap\\\/\"]}]},{\"@type\":\"BreadcrumbList\",\"@id\":\"https:\\\/\\\/www.smovin.app\\\/nl-be\\\/artikels-vastgoedvennootschap\\\/#breadcrumb\",\"itemListElement\":[{\"@type\":\"ListItem\",\"position\":1,\"name\":\"Accueil\",\"item\":\"https:\\\/\\\/www.smovin.app\\\/nl-be\\\/\"},{\"@type\":\"ListItem\",\"position\":2,\"name\":\"Onze artikels over de vastgoedvennootschap\"}]},{\"@type\":\"WebSite\",\"@id\":\"https:\\\/\\\/www.smovin.app\\\/fr-be\\\/#website\",\"url\":\"https:\\\/\\\/www.smovin.app\\\/fr-be\\\/\",\"name\":\"Smovin | Logiciel de gestion locative\",\"description\":\"Application de gestion locative puissante et intuitive pour investisseurs immobiliers.\",\"publisher\":{\"@id\":\"https:\\\/\\\/www.smovin.app\\\/fr-be\\\/#organization\"},\"potentialAction\":[{\"@type\":\"SearchAction\",\"target\":{\"@type\":\"EntryPoint\",\"urlTemplate\":\"https:\\\/\\\/www.smovin.app\\\/fr-be\\\/?s={search_term_string}\"},\"query-input\":{\"@type\":\"PropertyValueSpecification\",\"valueRequired\":true,\"valueName\":\"search_term_string\"}}],\"inLanguage\":\"nl-be\"},{\"@type\":\"Organization\",\"@id\":\"https:\\\/\\\/www.smovin.app\\\/fr-be\\\/#organization\",\"name\":\"Smovin\",\"url\":\"https:\\\/\\\/www.smovin.app\\\/fr-be\\\/\",\"logo\":{\"@type\":\"ImageObject\",\"inLanguage\":\"nl-be\",\"@id\":\"https:\\\/\\\/www.smovin.app\\\/fr-be\\\/#\\\/schema\\\/logo\\\/image\\\/\",\"url\":\"https:\\\/\\\/www.smovin.app\\\/wp-content\\\/uploads\\\/2021\\\/07\\\/LogoSmovinColors.svg\",\"contentUrl\":\"https:\\\/\\\/www.smovin.app\\\/wp-content\\\/uploads\\\/2021\\\/07\\\/LogoSmovinColors.svg\",\"width\":540,\"height\":103,\"caption\":\"Smovin\"},\"image\":{\"@id\":\"https:\\\/\\\/www.smovin.app\\\/fr-be\\\/#\\\/schema\\\/logo\\\/image\\\/\"}}]}<\/script>\n<!-- \/ Yoast SEO plugin. -->","yoast_head_json":{"title":"Onze artikels over de vastgoedvennootschap | Smovin","description":"Hier vindt u alles wat u als investeerder moet weten over een vastgoedvennootschap: oprichten, kopen, patrimoniumvennootschap...","robots":{"index":"index","follow":"follow","max-snippet":"max-snippet:-1","max-image-preview":"max-image-preview:large","max-video-preview":"max-video-preview:-1"},"canonical":"https:\/\/www.smovin.app\/nl-be\/artikels-vastgoedvennootschap\/","og_locale":"nl_NL","og_type":"article","og_title":"Onze artikels over de vastgoedvennootschap | Smovin","og_description":"Hier vindt u alles wat u als investeerder moet weten over een vastgoedvennootschap: oprichten, kopen, patrimoniumvennootschap...","og_url":"https:\/\/www.smovin.app\/nl-be\/artikels-vastgoedvennootschap\/","og_site_name":"Smovin | Logiciel de gestion locative","article_modified_time":"2024-04-10T12:11:39+00:00","twitter_card":"summary_large_image","twitter_misc":{"Est. reading time":"2 minutes"},"schema":{"@context":"https:\/\/schema.org","@graph":[{"@type":"WebPage","@id":"https:\/\/www.smovin.app\/nl-be\/artikels-vastgoedvennootschap\/","url":"https:\/\/www.smovin.app\/nl-be\/artikels-vastgoedvennootschap\/","name":"Onze artikels over de vastgoedvennootschap | Smovin","isPartOf":{"@id":"https:\/\/www.smovin.app\/fr-be\/#website"},"datePublished":"2023-06-15T07:42:02+00:00","dateModified":"2024-04-10T12:11:39+00:00","description":"Hier vindt u alles wat u als investeerder moet weten over een vastgoedvennootschap: oprichten, kopen, patrimoniumvennootschap...","breadcrumb":{"@id":"https:\/\/www.smovin.app\/nl-be\/artikels-vastgoedvennootschap\/#breadcrumb"},"inLanguage":"nl-be","potentialAction":[{"@type":"ReadAction","target":["https:\/\/www.smovin.app\/nl-be\/artikels-vastgoedvennootschap\/"]}]},{"@type":"BreadcrumbList","@id":"https:\/\/www.smovin.app\/nl-be\/artikels-vastgoedvennootschap\/#breadcrumb","itemListElement":[{"@type":"ListItem","position":1,"name":"Accueil","item":"https:\/\/www.smovin.app\/nl-be\/"},{"@type":"ListItem","position":2,"name":"Onze artikels over de vastgoedvennootschap"}]},{"@type":"WebSite","@id":"https:\/\/www.smovin.app\/fr-be\/#website","url":"https:\/\/www.smovin.app\/fr-be\/","name":"Smovin | Logiciel de gestion locative","description":"Application de gestion locative puissante et intuitive pour investisseurs immobiliers.","publisher":{"@id":"https:\/\/www.smovin.app\/fr-be\/#organization"},"potentialAction":[{"@type":"SearchAction","target":{"@type":"EntryPoint","urlTemplate":"https:\/\/www.smovin.app\/fr-be\/?s={search_term_string}"},"query-input":{"@type":"PropertyValueSpecification","valueRequired":true,"valueName":"search_term_string"}}],"inLanguage":"nl-be"},{"@type":"Organization","@id":"https:\/\/www.smovin.app\/fr-be\/#organization","name":"Smovin","url":"https:\/\/www.smovin.app\/fr-be\/","logo":{"@type":"ImageObject","inLanguage":"nl-be","@id":"https:\/\/www.smovin.app\/fr-be\/#\/schema\/logo\/image\/","url":"https:\/\/www.smovin.app\/wp-content\/uploads\/2021\/07\/LogoSmovinColors.svg","contentUrl":"https:\/\/www.smovin.app\/wp-content\/uploads\/2021\/07\/LogoSmovinColors.svg","width":540,"height":103,"caption":"Smovin"},"image":{"@id":"https:\/\/www.smovin.app\/fr-be\/#\/schema\/logo\/image\/"}}]}},"_links":{"self":[{"href":"https:\/\/www.smovin.app\/nl-be\/wp-json\/wp\/v2\/pages\/32382","targetHints":{"allow":["GET"]}}],"collection":[{"href":"https:\/\/www.smovin.app\/nl-be\/wp-json\/wp\/v2\/pages"}],"about":[{"href":"https:\/\/www.smovin.app\/nl-be\/wp-json\/wp\/v2\/types\/page"}],"author":[{"embeddable":true,"href":"https:\/\/www.smovin.app\/nl-be\/wp-json\/wp\/v2\/users\/208846801"}],"replies":[{"embeddable":true,"href":"https:\/\/www.smovin.app\/nl-be\/wp-json\/wp\/v2\/comments?post=32382"}],"version-history":[{"count":0,"href":"https:\/\/www.smovin.app\/nl-be\/wp-json\/wp\/v2\/pages\/32382\/revisions"}],"wp:attachment":[{"href":"https:\/\/www.smovin.app\/nl-be\/wp-json\/wp\/v2\/media?parent=32382"}],"wp:term":[{"taxonomy":"category","embeddable":true,"href":"https:\/\/www.smovin.app\/nl-be\/wp-json\/wp\/v2\/categories?post=32382"},{"taxonomy":"post_tag","embeddable":true,"href":"https:\/\/www.smovin.app\/nl-be\/wp-json\/wp\/v2\/tags?post=32382"}],"curies":[{"name":"wp","href":"https:\/\/api.w.org\/{rel}","templated":true}]}}