{"id":58799,"date":"2025-03-07T10:23:34","date_gmt":"2025-03-07T09:23:34","guid":{"rendered":"https:\/\/www.smovin.app\/?page_id=58799"},"modified":"2026-01-28T10:35:27","modified_gmt":"2026-01-28T09:35:27","slug":"articles-factures-loyer","status":"publish","type":"page","link":"https:\/\/www.smovin.app\/fr-fr\/articles-factures-loyer\/","title":{"rendered":"Nos articles sur les factures de loyer"},"content":{"rendered":"\t\t<div data-elementor-type=\"wp-page\" data-elementor-id=\"58799\" class=\"elementor elementor-58799\" data-elementor-post-type=\"page\">\n\t\t\t\t\t\t<section class=\"elementor-section elementor-inner-section elementor-element elementor-element-71b9ec64 elementor-section-boxed elementor-section-height-default elementor-section-height-default\" data-id=\"71b9ec64\" data-element_type=\"section\" data-e-type=\"section\">\n\t\t\t\t\t\t<div class=\"elementor-container elementor-column-gap-default\">\n\t\t\t\t\t<div class=\"elementor-column elementor-col-100 elementor-inner-column elementor-element elementor-element-7c52c16a\" data-id=\"7c52c16a\" data-element_type=\"column\" data-e-type=\"column\" data-settings=\"{&quot;background_background&quot;:&quot;classic&quot;}\">\n\t\t\t<div class=\"elementor-widget-wrap elementor-element-populated\">\n\t\t\t\t\t\t<div class=\"elementor-element elementor-element-3d474b0e elementor-widget elementor-widget-heading\" data-id=\"3d474b0e\" data-element_type=\"widget\" data-e-type=\"widget\" data-widget_type=\"heading.default\">\n\t\t\t\t<div class=\"elementor-widget-container\">\n\t\t\t\t\t<h1 class=\"elementor-heading-title elementor-size-default\" class=\"elementor-heading-title elementor-size-default\" id=\"nos-articles-sur-les-factures-de-loyer\"><a href=\"#nos-articles-sur-les-factures-de-loyer\" class=\"heading-link\"><i class=\"glyphicon glyphicon-link\"><\/i><\/a>Nos articles sur les factures de loyer<\/h1>\t\t\t\t<\/div>\n\t\t\t\t<\/div>\n\t\t\t\t<div class=\"elementor-element elementor-element-4a700de2 elementor-posts--align-left elementor-grid-3 elementor-grid-tablet-2 elementor-grid-mobile-1 elementor-posts--thumbnail-top elementor-widget elementor-widget-posts\" data-id=\"4a700de2\" data-element_type=\"widget\" data-e-type=\"widget\" data-settings=\"{&quot;classic_row_gap&quot;:{&quot;unit&quot;:&quot;px&quot;,&quot;size&quot;:52,&quot;sizes&quot;:[]},&quot;classic_columns&quot;:&quot;3&quot;,&quot;classic_columns_tablet&quot;:&quot;2&quot;,&quot;classic_columns_mobile&quot;:&quot;1&quot;,&quot;classic_row_gap_tablet&quot;:{&quot;unit&quot;:&quot;px&quot;,&quot;size&quot;:&quot;&quot;,&quot;sizes&quot;:[]},&quot;classic_row_gap_mobile&quot;:{&quot;unit&quot;:&quot;px&quot;,&quot;size&quot;:&quot;&quot;,&quot;sizes&quot;:[]}}\" data-widget_type=\"posts.classic\">\n\t\t\t\t<div class=\"elementor-widget-container\">\n\t\t\t\t\t\t\t<div class=\"elementor-posts-container elementor-posts elementor-posts--skin-classic elementor-grid\" role=\"list\">\n\t\t\t\t<article class=\"elementor-post elementor-grid-item post-64267 page type-page status-publish has-post-thumbnail hentry category-blog-fr-fr tag-seo-france-2\" role=\"listitem\">\n\t\t\t\t<a class=\"elementor-post__thumbnail__link\" href=\"https:\/\/www.smovin.app\/fr-fr\/quittance-de-loyer-definitions-obligations\/\" tabindex=\"-1\" target=&quot;_blank&quot;>\n\t\t\t<div class=\"elementor-post__thumbnail\"><img fetchpriority=\"high\" decoding=\"async\" width=\"768\" height=\"512\" src=\"https:\/\/www.smovin.app\/wp-content\/uploads\/2026\/01\/Quittance-de-loyer-France-768x512.webp\" class=\"attachment-medium_large size-medium_large wp-image-64268\" alt=\"Quittance de loyer France\" srcset=\"https:\/\/www.smovin.app\/wp-content\/uploads\/2026\/01\/Quittance-de-loyer-France-768x512.webp 768w, https:\/\/www.smovin.app\/wp-content\/uploads\/2026\/01\/Quittance-de-loyer-France-300x200.webp 300w, https:\/\/www.smovin.app\/wp-content\/uploads\/2026\/01\/Quittance-de-loyer-France-1024x683.webp 1024w, https:\/\/www.smovin.app\/wp-content\/uploads\/2026\/01\/Quittance-de-loyer-France.webp 1200w\" sizes=\"(max-width: 768px) 100vw, 768px\" \/><\/div>\n\t\t<\/a>\n\t\t\t\t<div class=\"elementor-post__text\">\n\t\t\t\t<h2 class=\"elementor-post__title\">\n\t\t\t<a href=\"https:\/\/www.smovin.app\/fr-fr\/quittance-de-loyer-definitions-obligations\/\" target=&quot;_blank&quot;>\n\t\t\t\tQuittance de loyer : d\u00e9finition, obligations l\u00e9gales et mod\u00e8le pr\u00eat \u00e0 l\u2019emploi\t\t\t<\/a>\n\t\t<\/h2>\n\t\t\t\t<div class=\"elementor-post__meta-data\">\n\t\t\t\t\t<span class=\"elementor-post-date\">\n\t\t\t28 January 2026\t\t<\/span>\n\t\t\t\t<\/div>\n\t\t\t\t<div class=\"elementor-post__excerpt\">\n\t\t\t<p>La quittance de loyer fait partie des documents incontournables de la gestion locative. Pourtant, de nombreux propri\u00e9taires et gestionnaires s\u2019interrogent<\/p>\n\t\t<\/div>\n\t\t\t\t\t<div class=\"elementor-post__read-more-wrapper\">\n\t\t\n\t\t<a class=\"elementor-post__read-more\" href=\"https:\/\/www.smovin.app\/fr-fr\/quittance-de-loyer-definitions-obligations\/\" aria-label=\"Read more about Quittance de loyer : d\u00e9finition, obligations l\u00e9gales et mod\u00e8le pr\u00eat \u00e0 l\u2019emploi\" tabindex=\"-1\" target=\"_blank\">\n\t\t\tLire l'article\t\t<\/a>\n\n\t\t\t\t\t<\/div>\n\t\t\t\t<\/div>\n\t\t\t\t<\/article>\n\t\t\t\t<article class=\"elementor-post elementor-grid-item post-63999 page type-page status-publish has-post-thumbnail hentry category-blog-fr-fr tag-seo-france-2\" role=\"listitem\">\n\t\t\t\t<a class=\"elementor-post__thumbnail__link\" href=\"https:\/\/www.smovin.app\/fr-fr\/facturation-automatique-loyers-france\/\" tabindex=\"-1\" target=&quot;_blank&quot;>\n\t\t\t<div class=\"elementor-post__thumbnail\"><img decoding=\"async\" width=\"768\" height=\"512\" src=\"https:\/\/www.smovin.app\/wp-content\/uploads\/2025\/12\/Comment-facturer-automatiquement-ses-loyers-768x512.webp\" class=\"attachment-medium_large size-medium_large wp-image-64000\" alt=\"Comment facturer automatiquement ses loyers\" srcset=\"https:\/\/www.smovin.app\/wp-content\/uploads\/2025\/12\/Comment-facturer-automatiquement-ses-loyers-768x512.webp 768w, https:\/\/www.smovin.app\/wp-content\/uploads\/2025\/12\/Comment-facturer-automatiquement-ses-loyers-300x200.webp 300w, https:\/\/www.smovin.app\/wp-content\/uploads\/2025\/12\/Comment-facturer-automatiquement-ses-loyers-1024x683.webp 1024w, https:\/\/www.smovin.app\/wp-content\/uploads\/2025\/12\/Comment-facturer-automatiquement-ses-loyers.webp 1200w\" sizes=\"(max-width: 768px) 100vw, 768px\" \/><\/div>\n\t\t<\/a>\n\t\t\t\t<div class=\"elementor-post__text\">\n\t\t\t\t<h2 class=\"elementor-post__title\">\n\t\t\t<a href=\"https:\/\/www.smovin.app\/fr-fr\/facturation-automatique-loyers-france\/\" target=&quot;_blank&quot;>\n\t\t\t\tFacturation automatique des loyers : comment automatiser la gestion locative en France ?\t\t\t<\/a>\n\t\t<\/h2>\n\t\t\t\t<div class=\"elementor-post__meta-data\">\n\t\t\t\t\t<span class=\"elementor-post-date\">\n\t\t\t28 January 2026\t\t<\/span>\n\t\t\t\t<\/div>\n\t\t\t\t<div class=\"elementor-post__excerpt\">\n\t\t\t<p>G\u00e9rer la facturation des loyers \u00e0 la main repr\u00e9sente l\u2019une des t\u00e2ches les plus chronophages pour les propri\u00e9taires. Entre l\u2019envoi<\/p>\n\t\t<\/div>\n\t\t\t\t\t<div class=\"elementor-post__read-more-wrapper\">\n\t\t\n\t\t<a class=\"elementor-post__read-more\" href=\"https:\/\/www.smovin.app\/fr-fr\/facturation-automatique-loyers-france\/\" aria-label=\"Read more about Facturation automatique des loyers : comment automatiser la gestion locative en France ?\" tabindex=\"-1\" target=\"_blank\">\n\t\t\tLire l'article\t\t<\/a>\n\n\t\t\t\t\t<\/div>\n\t\t\t\t<\/div>\n\t\t\t\t<\/article>\n\t\t\t\t<article class=\"elementor-post elementor-grid-item post-48346 page type-page status-publish has-post-thumbnail hentry category-blog\" role=\"listitem\">\n\t\t\t\t<a class=\"elementor-post__thumbnail__link\" href=\"https:\/\/www.smovin.app\/fr-fr\/factures-de-loyer\/\" tabindex=\"-1\" target=&quot;_blank&quot;>\n\t\t\t<div class=\"elementor-post__thumbnail\"><img decoding=\"async\" width=\"768\" height=\"512\" src=\"https:\/\/www.smovin.app\/wp-content\/uploads\/2024\/04\/AdobeStock_631724522-768x512.webp\" class=\"attachment-medium_large size-medium_large wp-image-48360\" alt=\"Facture de loyer\" srcset=\"https:\/\/www.smovin.app\/wp-content\/uploads\/2024\/04\/AdobeStock_631724522-768x512.webp 768w, https:\/\/www.smovin.app\/wp-content\/uploads\/2024\/04\/AdobeStock_631724522-300x200.webp 300w, https:\/\/www.smovin.app\/wp-content\/uploads\/2024\/04\/AdobeStock_631724522-1024x683.webp 1024w, https:\/\/www.smovin.app\/wp-content\/uploads\/2024\/04\/AdobeStock_631724522-1536x1025.webp 1536w\" sizes=\"(max-width: 768px) 100vw, 768px\" \/><\/div>\n\t\t<\/a>\n\t\t\t\t<div class=\"elementor-post__text\">\n\t\t\t\t<h2 class=\"elementor-post__title\">\n\t\t\t<a href=\"https:\/\/www.smovin.app\/fr-fr\/factures-de-loyer\/\" target=&quot;_blank&quot;>\n\t\t\t\tTout savoir sur les factures de loyer\t\t\t<\/a>\n\t\t<\/h2>\n\t\t\t\t<div class=\"elementor-post__meta-data\">\n\t\t\t\t\t<span class=\"elementor-post-date\">\n\t\t\t28 January 2026\t\t<\/span>\n\t\t\t\t<\/div>\n\t\t\t\t<div class=\"elementor-post__excerpt\">\n\t\t\t<p>Une facture de loyer est un document comptable \u00e9mis par le propri\u00e9taire \u00e0 son ou ses locataires pour lui demander<\/p>\n\t\t<\/div>\n\t\t\t\t\t<div class=\"elementor-post__read-more-wrapper\">\n\t\t\n\t\t<a class=\"elementor-post__read-more\" href=\"https:\/\/www.smovin.app\/fr-fr\/factures-de-loyer\/\" aria-label=\"Read more about Tout savoir sur les factures de loyer\" tabindex=\"-1\" target=\"_blank\">\n\t\t\tLire l'article\t\t<\/a>\n\n\t\t\t\t\t<\/div>\n\t\t\t\t<\/div>\n\t\t\t\t<\/article>\n\t\t\t\t<\/div>\n\t\t\n\t\t\t\t\t\t<\/div>\n\t\t\t\t<\/div>\n\t\t\t\t\t<\/div>\n\t\t<\/div>\n\t\t\t\t\t<\/div>\n\t\t<\/section>\n\t\t\t\t<\/div>\n\t\t","protected":false},"excerpt":{"rendered":"<p>Nos articles sur les factures de loyer<\/p>\n","protected":false},"author":208846801,"featured_media":0,"parent":0,"menu_order":0,"comment_status":"closed","ping_status":"closed","template":"","meta":{"_acf_changed":false,"content-type":"","site-sidebar-layout":"no-sidebar","site-content-layout":"page-builder","ast-site-content-layout":"full-width-container","site-content-style":"default","site-sidebar-style":"default","ast-global-header-display":"","ast-banner-title-visibility":"","ast-main-header-display":"","ast-hfb-above-header-display":"","ast-hfb-below-header-display":"","ast-hfb-mobile-header-display":"","site-post-title":"disabled","ast-breadcrumbs-content":"","ast-featured-img":"disabled","footer-sml-layout":"","ast-disable-related-posts":"","theme-transparent-header-meta":"","adv-header-id-meta":"","stick-header-meta":"","header-above-stick-meta":"","header-main-stick-meta":"","header-below-stick-meta":"","astra-migrate-meta-layouts":"set","ast-page-background-enabled":"default","ast-page-background-meta":{"desktop":{"background-color":"var(--ast-global-color-5)","background-image":"","background-repeat":"repeat","background-position":"center center","background-size":"auto","background-attachment":"scroll","background-type":"","background-media":"","overlay-type":"","overlay-color":"","overlay-opacity":"","overlay-gradient":""},"tablet":{"background-color":"","background-image":"","background-repeat":"repeat","background-position":"center center","background-size":"auto","background-attachment":"scroll","background-type":"","background-media":"","overlay-type":"","overlay-color":"","overlay-opacity":"","overlay-gradient":""},"mobile":{"background-color":"","background-image":"","background-repeat":"repeat","background-position":"center center","background-size":"auto","background-attachment":"scroll","background-type":"","background-media":"","overlay-type":"","overlay-color":"","overlay-opacity":"","overlay-gradient":""}},"ast-content-background-meta":{"desktop":{"background-color":"var(--ast-global-color-4)","background-image":"","background-repeat":"repeat","background-position":"center center","background-size":"auto","background-attachment":"scroll","background-type":"","background-media":"","overlay-type":"","overlay-color":"","overlay-opacity":"","overlay-gradient":""},"tablet":{"background-color":"var(--ast-global-color-4)","background-image":"","background-repeat":"repeat","background-position":"center center","background-size":"auto","background-attachment":"scroll","background-type":"","background-media":"","overlay-type":"","overlay-color":"","overlay-opacity":"","overlay-gradient":""},"mobile":{"background-color":"var(--ast-global-color-4)","background-image":"","background-repeat":"repeat","background-position":"center center","background-size":"auto","background-attachment":"scroll","background-type":"","background-media":"","overlay-type":"","overlay-color":"","overlay-opacity":"","overlay-gradient":""}},"cybocfi_hide_featured_image":"","footnotes":""},"categories":[],"tags":[],"class_list":["post-58799","page","type-page","status-publish","hentry"],"acf":[],"yoast_head":"<!-- This site is optimized with the Yoast SEO plugin v27.4 - https:\/\/yoast.com\/product\/yoast-seo-wordpress\/ -->\n<title>Nos articles sur les factures de loyer<\/title>\n<meta name=\"description\" content=\"Retrouvez tous nos articles sur les factures de loyers, document \u00e9mis par le propri\u00e9taire \u00e0 son locataire pour le paiement du loyer.\" \/>\n<meta name=\"robots\" content=\"index, follow, max-snippet:-1, max-image-preview:large, max-video-preview:-1\" \/>\n<link rel=\"canonical\" href=\"https:\/\/www.smovin.app\/fr-fr\/articles-factures-loyer\/\" \/>\n<meta property=\"og:locale\" content=\"fr_FR\" \/>\n<meta property=\"og:type\" content=\"article\" \/>\n<meta property=\"og:title\" content=\"Nos articles sur les factures de loyer\" \/>\n<meta property=\"og:description\" content=\"Retrouvez tous nos articles sur les factures de loyers, document \u00e9mis par le propri\u00e9taire \u00e0 son locataire pour le paiement du loyer.\" \/>\n<meta property=\"og:url\" content=\"https:\/\/www.smovin.app\/fr-fr\/articles-factures-loyer\/\" \/>\n<meta property=\"og:site_name\" content=\"Smovin | Focus on what really matters\" \/>\n<meta property=\"article:modified_time\" content=\"2026-01-28T09:35:27+00:00\" \/>\n<meta name=\"twitter:card\" content=\"summary_large_image\" \/>\n<meta name=\"twitter:label1\" content=\"Est. reading time\" \/>\n\t<meta name=\"twitter:data1\" content=\"3 minutes\" \/>\n<script type=\"application\/ld+json\" class=\"yoast-schema-graph\">{\"@context\":\"https:\\\/\\\/schema.org\",\"@graph\":[{\"@type\":\"WebPage\",\"@id\":\"https:\\\/\\\/www.smovin.app\\\/fr-fr\\\/articles-factures-loyer\\\/\",\"url\":\"https:\\\/\\\/www.smovin.app\\\/fr-fr\\\/articles-factures-loyer\\\/\",\"name\":\"Nos articles sur les factures de loyer\",\"isPartOf\":{\"@id\":\"https:\\\/\\\/www.smovin.app\\\/fr-be\\\/#website\"},\"datePublished\":\"2025-03-07T09:23:34+00:00\",\"dateModified\":\"2026-01-28T09:35:27+00:00\",\"description\":\"Retrouvez tous nos articles sur les factures de loyers, document \u00e9mis par le propri\u00e9taire \u00e0 son locataire pour le paiement du loyer.\",\"breadcrumb\":{\"@id\":\"https:\\\/\\\/www.smovin.app\\\/fr-fr\\\/articles-factures-loyer\\\/#breadcrumb\"},\"inLanguage\":\"fr-fr\",\"potentialAction\":[{\"@type\":\"ReadAction\",\"target\":[\"https:\\\/\\\/www.smovin.app\\\/fr-fr\\\/articles-factures-loyer\\\/\"]}]},{\"@type\":\"BreadcrumbList\",\"@id\":\"https:\\\/\\\/www.smovin.app\\\/fr-fr\\\/articles-factures-loyer\\\/#breadcrumb\",\"itemListElement\":[{\"@type\":\"ListItem\",\"position\":1,\"name\":\"Accueil\",\"item\":\"https:\\\/\\\/www.smovin.app\\\/fr-fr\\\/\"},{\"@type\":\"ListItem\",\"position\":2,\"name\":\"Nos articles sur les factures de loyer\"}]},{\"@type\":\"WebSite\",\"@id\":\"https:\\\/\\\/www.smovin.app\\\/fr-be\\\/#website\",\"url\":\"https:\\\/\\\/www.smovin.app\\\/fr-be\\\/\",\"name\":\"Smovin | Focus on what really matters\",\"description\":\"Application de gestion locative puissante et intuitive pour investisseurs immobiliers.\",\"publisher\":{\"@id\":\"https:\\\/\\\/www.smovin.app\\\/fr-be\\\/#organization\"},\"potentialAction\":[{\"@type\":\"SearchAction\",\"target\":{\"@type\":\"EntryPoint\",\"urlTemplate\":\"https:\\\/\\\/www.smovin.app\\\/fr-be\\\/?s={search_term_string}\"},\"query-input\":{\"@type\":\"PropertyValueSpecification\",\"valueRequired\":true,\"valueName\":\"search_term_string\"}}],\"inLanguage\":\"fr-fr\"},{\"@type\":\"Organization\",\"@id\":\"https:\\\/\\\/www.smovin.app\\\/fr-be\\\/#organization\",\"name\":\"Smovin\",\"url\":\"https:\\\/\\\/www.smovin.app\\\/fr-be\\\/\",\"logo\":{\"@type\":\"ImageObject\",\"inLanguage\":\"fr-fr\",\"@id\":\"https:\\\/\\\/www.smovin.app\\\/fr-be\\\/#\\\/schema\\\/logo\\\/image\\\/\",\"url\":\"https:\\\/\\\/www.smovin.app\\\/wp-content\\\/uploads\\\/2021\\\/07\\\/LogoSmovinColors.svg\",\"contentUrl\":\"https:\\\/\\\/www.smovin.app\\\/wp-content\\\/uploads\\\/2021\\\/07\\\/LogoSmovinColors.svg\",\"width\":540,\"height\":103,\"caption\":\"Smovin\"},\"image\":{\"@id\":\"https:\\\/\\\/www.smovin.app\\\/fr-be\\\/#\\\/schema\\\/logo\\\/image\\\/\"}}]}<\/script>\n<!-- \/ Yoast SEO plugin. -->","yoast_head_json":{"title":"Nos articles sur les factures de loyer","description":"Retrouvez tous nos articles sur les factures de loyers, document \u00e9mis par le propri\u00e9taire \u00e0 son locataire pour le paiement du loyer.","robots":{"index":"index","follow":"follow","max-snippet":"max-snippet:-1","max-image-preview":"max-image-preview:large","max-video-preview":"max-video-preview:-1"},"canonical":"https:\/\/www.smovin.app\/fr-fr\/articles-factures-loyer\/","og_locale":"fr_FR","og_type":"article","og_title":"Nos articles sur les factures de loyer","og_description":"Retrouvez tous nos articles sur les factures de loyers, document \u00e9mis par le propri\u00e9taire \u00e0 son locataire pour le paiement du loyer.","og_url":"https:\/\/www.smovin.app\/fr-fr\/articles-factures-loyer\/","og_site_name":"Smovin | Focus on what really matters","article_modified_time":"2026-01-28T09:35:27+00:00","twitter_card":"summary_large_image","twitter_misc":{"Est. reading time":"3 minutes"},"schema":{"@context":"https:\/\/schema.org","@graph":[{"@type":"WebPage","@id":"https:\/\/www.smovin.app\/fr-fr\/articles-factures-loyer\/","url":"https:\/\/www.smovin.app\/fr-fr\/articles-factures-loyer\/","name":"Nos articles sur les factures de loyer","isPartOf":{"@id":"https:\/\/www.smovin.app\/fr-be\/#website"},"datePublished":"2025-03-07T09:23:34+00:00","dateModified":"2026-01-28T09:35:27+00:00","description":"Retrouvez tous nos articles sur les factures de loyers, document \u00e9mis par le propri\u00e9taire \u00e0 son locataire pour le paiement du loyer.","breadcrumb":{"@id":"https:\/\/www.smovin.app\/fr-fr\/articles-factures-loyer\/#breadcrumb"},"inLanguage":"fr-fr","potentialAction":[{"@type":"ReadAction","target":["https:\/\/www.smovin.app\/fr-fr\/articles-factures-loyer\/"]}]},{"@type":"BreadcrumbList","@id":"https:\/\/www.smovin.app\/fr-fr\/articles-factures-loyer\/#breadcrumb","itemListElement":[{"@type":"ListItem","position":1,"name":"Accueil","item":"https:\/\/www.smovin.app\/fr-fr\/"},{"@type":"ListItem","position":2,"name":"Nos articles sur les factures de loyer"}]},{"@type":"WebSite","@id":"https:\/\/www.smovin.app\/fr-be\/#website","url":"https:\/\/www.smovin.app\/fr-be\/","name":"Smovin | Focus on what really matters","description":"Application de gestion locative puissante et intuitive pour investisseurs immobiliers.","publisher":{"@id":"https:\/\/www.smovin.app\/fr-be\/#organization"},"potentialAction":[{"@type":"SearchAction","target":{"@type":"EntryPoint","urlTemplate":"https:\/\/www.smovin.app\/fr-be\/?s={search_term_string}"},"query-input":{"@type":"PropertyValueSpecification","valueRequired":true,"valueName":"search_term_string"}}],"inLanguage":"fr-fr"},{"@type":"Organization","@id":"https:\/\/www.smovin.app\/fr-be\/#organization","name":"Smovin","url":"https:\/\/www.smovin.app\/fr-be\/","logo":{"@type":"ImageObject","inLanguage":"fr-fr","@id":"https:\/\/www.smovin.app\/fr-be\/#\/schema\/logo\/image\/","url":"https:\/\/www.smovin.app\/wp-content\/uploads\/2021\/07\/LogoSmovinColors.svg","contentUrl":"https:\/\/www.smovin.app\/wp-content\/uploads\/2021\/07\/LogoSmovinColors.svg","width":540,"height":103,"caption":"Smovin"},"image":{"@id":"https:\/\/www.smovin.app\/fr-be\/#\/schema\/logo\/image\/"}}]}},"_links":{"self":[{"href":"https:\/\/www.smovin.app\/fr-fr\/wp-json\/wp\/v2\/pages\/58799","targetHints":{"allow":["GET"]}}],"collection":[{"href":"https:\/\/www.smovin.app\/fr-fr\/wp-json\/wp\/v2\/pages"}],"about":[{"href":"https:\/\/www.smovin.app\/fr-fr\/wp-json\/wp\/v2\/types\/page"}],"author":[{"embeddable":true,"href":"https:\/\/www.smovin.app\/fr-fr\/wp-json\/wp\/v2\/users\/208846801"}],"replies":[{"embeddable":true,"href":"https:\/\/www.smovin.app\/fr-fr\/wp-json\/wp\/v2\/comments?post=58799"}],"version-history":[{"count":10,"href":"https:\/\/www.smovin.app\/fr-fr\/wp-json\/wp\/v2\/pages\/58799\/revisions"}],"predecessor-version":[{"id":64280,"href":"https:\/\/www.smovin.app\/fr-fr\/wp-json\/wp\/v2\/pages\/58799\/revisions\/64280"}],"wp:attachment":[{"href":"https:\/\/www.smovin.app\/fr-fr\/wp-json\/wp\/v2\/media?parent=58799"}],"wp:term":[{"taxonomy":"category","embeddable":true,"href":"https:\/\/www.smovin.app\/fr-fr\/wp-json\/wp\/v2\/categories?post=58799"},{"taxonomy":"post_tag","embeddable":true,"href":"https:\/\/www.smovin.app\/fr-fr\/wp-json\/wp\/v2\/tags?post=58799"}],"curies":[{"name":"wp","href":"https:\/\/api.w.org\/{rel}","templated":true}]}}