{"id":8920,"date":"2021-12-09T12:55:20","date_gmt":"2021-12-09T11:55:20","guid":{"rendered":"https:\/\/www.smovin.app\/?page_id=8920"},"modified":"2025-02-11T13:51:21","modified_gmt":"2025-02-11T12:51:21","slug":"tarifs","status":"publish","type":"page","link":"https:\/\/www.smovin.app\/fr-be\/gestion-locative\/tarifs\/","title":{"rendered":"Quels sont les frais de la gestion locative\u202f?"},"content":{"rendered":"\n\n<div class=\"kk-star-ratings kksr-shortcode\"\n    data-payload='{&quot;id&quot;:&quot;8920&quot;,&quot;slug&quot;:&quot;default&quot;,&quot;ignore&quot;:&quot;&quot;,&quot;reference&quot;:&quot;shortcode&quot;,&quot;align&quot;:&quot;&quot;,&quot;class&quot;:&quot;&quot;,&quot;count&quot;:&quot;41&quot;,&quot;legendonly&quot;:&quot;&quot;,&quot;readonly&quot;:&quot;&quot;,&quot;score&quot;:&quot;5&quot;,&quot;starsonly&quot;:&quot;&quot;,&quot;valign&quot;:&quot;&quot;,&quot;best&quot;:&quot;5&quot;,&quot;gap&quot;:&quot;5&quot;,&quot;greet&quot;:&quot;Rate this&quot;,&quot;legend&quot;:&quot;5\\\/5 - (41 votes)&quot;,&quot;size&quot;:&quot;14&quot;,&quot;title&quot;:&quot;Quels sont les frais de la gestion locative\u202f?&quot;,&quot;width&quot;:&quot;92.5&quot;,&quot;_legend&quot;:&quot;{score}\\\/{best} - ({count} {votes})&quot;,&quot;font_factor&quot;:&quot;1.25&quot;}'>\n            \n<div class=\"kksr-stars\">\n    \n<div class=\"kksr-stars-inactive\">\n            <div class=\"kksr-star\" data-star=\"1\" style=\"padding-right: 5px\">\n            \n\n<div class=\"kksr-icon\" style=\"width: 14px; height: 14px;\"><\/div>\n        <\/div>\n            <div class=\"kksr-star\" data-star=\"2\" style=\"padding-right: 5px\">\n            \n\n<div class=\"kksr-icon\" style=\"width: 14px; height: 14px;\"><\/div>\n        <\/div>\n            <div class=\"kksr-star\" data-star=\"3\" style=\"padding-right: 5px\">\n            \n\n<div class=\"kksr-icon\" style=\"width: 14px; height: 14px;\"><\/div>\n        <\/div>\n            <div class=\"kksr-star\" data-star=\"4\" style=\"padding-right: 5px\">\n            \n\n<div class=\"kksr-icon\" style=\"width: 14px; height: 14px;\"><\/div>\n        <\/div>\n            <div class=\"kksr-star\" data-star=\"5\" style=\"padding-right: 5px\">\n            \n\n<div class=\"kksr-icon\" style=\"width: 14px; height: 14px;\"><\/div>\n        <\/div>\n    <\/div>\n    \n<div class=\"kksr-stars-active\" style=\"width: 92.5px;\">\n            <div class=\"kksr-star\" style=\"padding-right: 5px\">\n            \n\n<div class=\"kksr-icon\" style=\"width: 14px; height: 14px;\"><\/div>\n        <\/div>\n            <div class=\"kksr-star\" style=\"padding-right: 5px\">\n            \n\n<div class=\"kksr-icon\" style=\"width: 14px; height: 14px;\"><\/div>\n        <\/div>\n            <div class=\"kksr-star\" style=\"padding-right: 5px\">\n            \n\n<div class=\"kksr-icon\" style=\"width: 14px; height: 14px;\"><\/div>\n        <\/div>\n            <div class=\"kksr-star\" style=\"padding-right: 5px\">\n            \n\n<div class=\"kksr-icon\" style=\"width: 14px; height: 14px;\"><\/div>\n        <\/div>\n            <div class=\"kksr-star\" style=\"padding-right: 5px\">\n            \n\n<div class=\"kksr-icon\" style=\"width: 14px; height: 14px;\"><\/div>\n        <\/div>\n    <\/div>\n<\/div>\n                \n\n<div class=\"kksr-legend\" style=\"font-size: 11.2px;\">\n            5\/5 - (41 votes)    <\/div>\n    <\/div>\n\n\n\n\n<p>Si la location d\u2019un bien immobilier g\u00e9n\u00e8re des revenus, elle n\u00e9cessite une organisation rigoureuse. <\/p>\n\n\n\n<p>Les services de <a href=\"https:\/\/www.smovin.app\/gestion-locative\/\"><strong>gestion<\/strong> <strong>locative<\/strong><\/a> engendrent des frais qui doivent \u00eatre pris en compte dans le calcul de la rentabilit\u00e9 d\u2019un investissement.<\/p>\n\n\n\n<p>Il existe plusieurs possibilit\u00e9s plus ou moins couteuses telles que la sous-traitance \u00e0 un <a href=\"https:\/\/www.smovin.app\/logiciel-gestion-locative\/\"><strong>gestionnaire immobilier<\/strong><\/a><strong> <\/strong>pour les solutions les plus ch\u00e8res ou l&#8217;utilisation de<strong> <\/strong><a href=\"https:\/\/www.smovin.app\/logiciel-gestion-locative\/\"><strong>d&#8217;un outil digital<\/strong><\/a>, qui s\u2019adressent aux propri\u00e9taires et aux investisseurs immobiliers, solutions souvent moins on\u00e9reuses.<\/p>\n\n\n\n<h2 class=\"wp-block-heading\" id=\"les-frais-de-gestion-locative-via-un-agent-immobilier\">Les frais de gestion locative via un agent immobilier<\/h2>\n\n\n\n<p>Les agences immobili\u00e8res proposent souvent des services de gestion locative. Elles b\u00e9n\u00e9ficient d\u2019une bonne connaissance du march\u00e9 et ont \u00e0 leur disposition un r\u00e9seau dense de locataires qui permet d\u2019\u00e9viter la vacance locative.<\/p>\n\n\n\n<h3 class=\"wp-block-heading\" id=\"qu-est-ce-que-les-honoraires\">Qu\u2019est-ce que les honoraires ?<\/h3>\n\n\n\n<p>Les honoraires des agences de gestion locative repr\u00e9sentent un pourcentage du loyer g\u00e9n\u00e9r\u00e9 par le bien immobilier lou\u00e9.<\/p>\n\n\n\n<p>Les frais d\u2019agences sont d\u00e9clench\u00e9s par les services li\u00e9s \u00e0 la gestion locative. Parmi les services propos\u00e9s on trouve :<\/p>\n\n\n\n<ul class=\"wp-block-list\">\n<li>La recherche du locataire<\/li>\n\n\n\n<li>L\u2019analyse des dossiers des locataires<\/li>\n\n\n\n<li>L\u2019\u00e9tablissement du bail<\/li>\n\n\n\n<li>L\u2019\u00e9tat des lieux d\u2019entr\u00e9e<\/li>\n\n\n\n<li>La gestion des loyers<\/li>\n\n\n\n<li>La gestion des pr\u00e9avis de d\u00e9part<\/li>\n\n\n\n<li>L\u2019\u00e9tat des lieux de sortie<\/li>\n<\/ul>\n\n\n\n<p><br>Ainsi, les honoraires de l\u2019agence peuvent atteindre les 10% du montant du loyer si le propri\u00e9taire opte pour une formule incluant une <a href=\"https:\/\/www.smovin.app\/loyer-impaye\/assurance\/\"><strong>assurance sur les loyers impay\u00e9s<\/strong><\/a>.&nbsp;<\/p>\n\n\n\n<p>De nombreux services ne sont pas compris dans les formules de base et engendrent des co\u00fbts suppl\u00e9mentaires.<\/p>\n\n\n\n<p>Le paiement des honoraires permet \u00e0 l\u2019agence de couvrir ses frais fixes (charges, loyers\u2026), de r\u00e9mun\u00e9rer ses collaborateurs et d\u2019entretenir son r\u00e9seau (supports de communication, \u00e9v\u00e9nements, salons\u2026).<\/p>\n\n\n\n<h2 class=\"wp-block-heading\" id=\"les-couts-de-gestion-via-un-logiciel\">Les co\u00fbts de gestion via un logiciel<\/h2>\n\n\n\n<p>Les solutions num\u00e9riques offrent aujourd\u2019hui une alternative aux services des agences de gestion locatives.&nbsp;<\/p>\n\n\n\n<p>Moins co\u00fbteux, ils permettent d\u2019automatiser de nombreuses t\u00e2ches et de simplifier la gestion des biens lou\u00e9s.<\/p>\n\n\n\n<h3 class=\"wp-block-heading\" id=\"les-logiciels-saas\">Les logiciels Saas<\/h3>\n\n\n\n<p>Les logiciels Saas ou Software as a service, de gestion locative offrent une flexibilit\u00e9 appr\u00e9ci\u00e9e par les propri\u00e9taires dont le parc immobilier \u00e9volue en fonction de leurs investissements.<\/p>\n\n\n\n<p>Ces solutions sont \u00e9volutives et s\u2019adaptent au nombre de biens du propri\u00e9taire. Ainsi, leur co\u00fbt d\u00e9pend du portefeuille immobilier \u00e0 g\u00e9rer. Les frais de gestion locative se situent \u200b\u200bentre 1,5 \u20ac et 9,5 \u20ac par bien, en fonction du logiciel choisi.<\/p>\n\n\n\n<p>Peu contraignantes, elles sont accessibles en ligne et ne n\u00e9cessitent pas d\u2019installation en local sur un ordinateur. Elles sont mises \u00e0 jour r\u00e9guli\u00e8rement et s\u2019adaptent aux besoins les plus r\u00e9cents des propri\u00e9taires, particuliers comme professionnels.<\/p>\n\n\n\n<p>Les logiciels Saas proposent des interfaces ludiques et intuitives qui permettent de fluidifier les processus li\u00e9s \u00e0 la gestion locative.<\/p>\n\n\n\n<h3 class=\"wp-block-heading\" id=\"les-logiciels-on-premise-achat-du-logiciel\">Les logiciels on premise (achat du logiciel)&nbsp;<\/h3>\n\n\n\n<p>Les logiciels \u201con premise\u201d n\u00e9cessitent l\u2019achat d\u2019une licence pour \u00eatre utilis\u00e9s ind\u00e9finiment en local sur un ordinateur. Leur co\u00fbt est donc plus cons\u00e9quent que celui des solutions Saas.<\/p>\n\n\n\n<p>Il est important d\u2019effectuer un calcul selon le nombre de biens immobilier \u00e0 g\u00e9rer avant d\u2019opter pour cette solution.<\/p>\n\n\n\n<p>Il faudra pr\u00e9voir le co\u00fbt des mises \u00e0 jour et la compatibilit\u00e9 avec les ordinateurs utilis\u00e9s.<\/p>\n\n\n\n<p>Accessibles hors ligne, ces solutions sont personnalisables et n\u00e9cessitent souvent une formation pour \u00eatre utilis\u00e9es.<\/p>\n\n\n\n<figure class=\"wp-block-image size-full\"><a href=\"https:\/\/www.smovin.app\/ebook-gestion-locative\/?utm_source=seo&amp;utm_medium=article-8&amp;utm_campaign=ebook-gestion-locative-fr\"><img fetchpriority=\"high\" decoding=\"async\" width=\"1024\" height=\"261\" src=\"https:\/\/www.smovin.app\/wp-content\/uploads\/2023\/03\/Banner-ebook-2-Gestion-locative-1024x261-1.png\" alt=\"Ebook gestion locative\" class=\"wp-image-27447\" srcset=\"https:\/\/www.smovin.app\/wp-content\/uploads\/2023\/03\/Banner-ebook-2-Gestion-locative-1024x261-1.png 1024w, https:\/\/www.smovin.app\/wp-content\/uploads\/2023\/03\/Banner-ebook-2-Gestion-locative-1024x261-1-300x76.png 300w, https:\/\/www.smovin.app\/wp-content\/uploads\/2023\/03\/Banner-ebook-2-Gestion-locative-1024x261-1-768x196.png 768w\" sizes=\"(max-width: 1024px) 100vw, 1024px\" \/><\/a><\/figure>\n\n\n\n<h2 class=\"wp-block-heading\" id=\"la-gestion-locative-gratuite-est-ce-possible\">La gestion locative gratuite est-ce possible ?&nbsp;<\/h2>\n\n\n\n<p>Pour optimiser le rendement d\u2019un parc immobilier, il est important d\u2019opter pour une solution adapt\u00e9e. Les logiciels de gestion locative permettent d\u2019automatiser des t\u00e2ches qui n\u00e9cessitent un suivi rigoureux :<\/p>\n\n\n\n<ul class=\"wp-block-list\">\n<li>V\u00e9rification de la bonne r\u00e9ception des loyers<\/li>\n\n\n\n<li>Calcul et envoi des r\u00e9gularisations de charges&nbsp;<\/li>\n\n\n\n<li>Calcul des indexations de loyers \u00e0 chaque anniversaire de bail<\/li>\n<\/ul>\n\n\n\n<p>Certains acteurs sur le march\u00e9 de la gestion locative proposent des services gratuits. Avec ce type d\u2019offre, les fonctionnalit\u00e9s restent limit\u00e9es.<\/p>\n\n\n\n<p>Il peut \u00eatre plus judicieux de d\u00e9penser quelques euros suppl\u00e9mentaires et de choisir un <a href=\"https:\/\/www.smovin.app\/logiciel-gestion-locative\/comparatif\/\"><strong>logiciel de gestion locative complet<\/strong><\/a>. Celui-ci permettra de gagner du temps et d\u2019\u00e9viter les erreurs de gestion.<\/p>\n\n\n\n<figure class=\"wp-block-image size-large\"><a href=\"https:\/\/www.smovin.app\/fr-be\/rendez-vous\/?utm_source=seo&amp;utm_medium=article-8-rdv&amp;utm_campaign=banner-rdv\"><img decoding=\"async\" width=\"1024\" height=\"307\" src=\"https:\/\/www.smovin.app\/wp-content\/uploads\/2025\/02\/FR-1024x307.png\" alt=\"Banner prise de rdv FR\" class=\"wp-image-58483\" srcset=\"https:\/\/www.smovin.app\/wp-content\/uploads\/2025\/02\/FR-1024x307.png 1024w, https:\/\/www.smovin.app\/wp-content\/uploads\/2025\/02\/FR-300x90.png 300w, https:\/\/www.smovin.app\/wp-content\/uploads\/2025\/02\/FR-768x230.png 768w, https:\/\/www.smovin.app\/wp-content\/uploads\/2025\/02\/FR-1536x461.png 1536w, https:\/\/www.smovin.app\/wp-content\/uploads\/2025\/02\/FR.png 2000w\" sizes=\"(max-width: 1024px) 100vw, 1024px\" \/><\/a><\/figure>\n","protected":false},"excerpt":{"rendered":"<p>Si la location d\u2019un bien immobilier g\u00e9n\u00e8re des revenus, elle n\u00e9cessite une organisation rigoureuse. Les services de gestion locative engendrent [&hellip;]<\/p>\n","protected":false},"author":208846801,"featured_media":8571,"parent":8898,"menu_order":0,"comment_status":"closed","ping_status":"closed","template":"","meta":{"_acf_changed":false,"content-type":"","site-sidebar-layout":"default","site-content-layout":"","ast-site-content-layout":"default","site-content-style":"default","site-sidebar-style":"default","ast-global-header-display":"","ast-banner-title-visibility":"","ast-main-header-display":"","ast-hfb-above-header-display":"","ast-hfb-below-header-display":"","ast-hfb-mobile-header-display":"","site-post-title":"","ast-breadcrumbs-content":"","ast-featured-img":"","footer-sml-layout":"","ast-disable-related-posts":"","theme-transparent-header-meta":"","adv-header-id-meta":"","stick-header-meta":"","header-above-stick-meta":"","header-main-stick-meta":"","header-below-stick-meta":"","astra-migrate-meta-layouts":"set","ast-page-background-enabled":"default","ast-page-background-meta":{"desktop":{"background-color":"var(--ast-global-color-5)","background-image":"","background-repeat":"repeat","background-position":"center center","background-size":"auto","background-attachment":"scroll","background-type":"","background-media":"","overlay-type":"","overlay-color":"","overlay-opacity":"","overlay-gradient":""},"tablet":{"background-color":"","background-image":"","background-repeat":"repeat","background-position":"center center","background-size":"auto","background-attachment":"scroll","background-type":"","background-media":"","overlay-type":"","overlay-color":"","overlay-opacity":"","overlay-gradient":""},"mobile":{"background-color":"","background-image":"","background-repeat":"repeat","background-position":"center center","background-size":"auto","background-attachment":"scroll","background-type":"","background-media":"","overlay-type":"","overlay-color":"","overlay-opacity":"","overlay-gradient":""}},"ast-content-background-meta":{"desktop":{"background-color":"var(--ast-global-color-4)","background-image":"","background-repeat":"repeat","background-position":"center center","background-size":"auto","background-attachment":"scroll","background-type":"","background-media":"","overlay-type":"","overlay-color":"","overlay-opacity":"","overlay-gradient":""},"tablet":{"background-color":"var(--ast-global-color-4)","background-image":"","background-repeat":"repeat","background-position":"center center","background-size":"auto","background-attachment":"scroll","background-type":"","background-media":"","overlay-type":"","overlay-color":"","overlay-opacity":"","overlay-gradient":""},"mobile":{"background-color":"var(--ast-global-color-4)","background-image":"","background-repeat":"repeat","background-position":"center center","background-size":"auto","background-attachment":"scroll","background-type":"","background-media":"","overlay-type":"","overlay-color":"","overlay-opacity":"","overlay-gradient":""}},"cybocfi_hide_featured_image":"","footnotes":""},"categories":[6435],"tags":[6439,6448],"class_list":["post-8920","page","type-page","status-publish","has-post-thumbnail","hentry","category-blog","tag-gestion-locative","tag-seo"],"acf":[],"yoast_head":"<!-- This site is optimized with the Yoast SEO plugin v27.4 - https:\/\/yoast.com\/product\/yoast-seo-wordpress\/ -->\n<title>Quels sont les frais de la gestion locative\u202f? | Smovin<\/title>\n<meta name=\"description\" content=\"Quels sont les frais engendr\u00e9s par la gestion locative ? D\u00e9couvrez comment les optimiser afin d&#039;am\u00e9liorer la rentabilit\u00e9 de votre patrimoine.\" \/>\n<meta name=\"robots\" content=\"index, follow, max-snippet:-1, max-image-preview:large, max-video-preview:-1\" \/>\n<link rel=\"canonical\" href=\"https:\/\/www.smovin.app\/fr-be\/gestion-locative\/tarifs\/\" \/>\n<meta property=\"og:locale\" content=\"fr_FR\" \/>\n<meta property=\"og:type\" content=\"article\" \/>\n<meta property=\"og:title\" content=\"Quels sont les frais de la gestion locative\u202f? | Smovin\" \/>\n<meta property=\"og:description\" content=\"Quels sont les frais engendr\u00e9s par la gestion locative ? D\u00e9couvrez comment les optimiser afin d&#039;am\u00e9liorer la rentabilit\u00e9 de votre patrimoine.\" \/>\n<meta property=\"og:url\" content=\"https:\/\/www.smovin.app\/fr-be\/gestion-locative\/tarifs\/\" \/>\n<meta property=\"og:site_name\" content=\"Smovin | Focus on what really matters\" \/>\n<meta property=\"article:modified_time\" content=\"2025-02-11T12:51:21+00:00\" \/>\n<meta property=\"og:image\" content=\"https:\/\/www.smovin.app\/wp-content\/uploads\/2021\/11\/AdobeStock_254119814-scaled.jpeg\" \/>\n\t<meta property=\"og:image:width\" content=\"2560\" \/>\n\t<meta property=\"og:image:height\" content=\"1707\" \/>\n\t<meta property=\"og:image:type\" content=\"image\/jpeg\" \/>\n<meta name=\"twitter:card\" content=\"summary_large_image\" \/>\n<meta name=\"twitter:label1\" content=\"Est. reading time\" \/>\n\t<meta name=\"twitter:data1\" content=\"4 minutes\" \/>\n<script type=\"application\/ld+json\" class=\"yoast-schema-graph\">{\"@context\":\"https:\\\/\\\/schema.org\",\"@graph\":[{\"@type\":\"WebPage\",\"@id\":\"https:\\\/\\\/www.smovin.app\\\/fr-be\\\/gestion-locative\\\/tarifs\\\/\",\"url\":\"https:\\\/\\\/www.smovin.app\\\/fr-be\\\/gestion-locative\\\/tarifs\\\/\",\"name\":\"Quels sont les frais de la gestion locative\u202f? | Smovin\",\"isPartOf\":{\"@id\":\"https:\\\/\\\/www.smovin.app\\\/fr-be\\\/#website\"},\"primaryImageOfPage\":{\"@id\":\"https:\\\/\\\/www.smovin.app\\\/fr-be\\\/gestion-locative\\\/tarifs\\\/#primaryimage\"},\"image\":{\"@id\":\"https:\\\/\\\/www.smovin.app\\\/fr-be\\\/gestion-locative\\\/tarifs\\\/#primaryimage\"},\"thumbnailUrl\":\"https:\\\/\\\/www.smovin.app\\\/wp-content\\\/uploads\\\/2021\\\/11\\\/AdobeStock_254119814-scaled.jpeg\",\"datePublished\":\"2021-12-09T11:55:20+00:00\",\"dateModified\":\"2025-02-11T12:51:21+00:00\",\"description\":\"Quels sont les frais engendr\u00e9s par la gestion locative ? D\u00e9couvrez comment les optimiser afin d'am\u00e9liorer la rentabilit\u00e9 de votre patrimoine.\",\"breadcrumb\":{\"@id\":\"https:\\\/\\\/www.smovin.app\\\/fr-be\\\/gestion-locative\\\/tarifs\\\/#breadcrumb\"},\"inLanguage\":\"fr-be\",\"potentialAction\":[{\"@type\":\"ReadAction\",\"target\":[\"https:\\\/\\\/www.smovin.app\\\/fr-be\\\/gestion-locative\\\/tarifs\\\/\"]}]},{\"@type\":\"ImageObject\",\"inLanguage\":\"fr-be\",\"@id\":\"https:\\\/\\\/www.smovin.app\\\/fr-be\\\/gestion-locative\\\/tarifs\\\/#primaryimage\",\"url\":\"https:\\\/\\\/www.smovin.app\\\/wp-content\\\/uploads\\\/2021\\\/11\\\/AdobeStock_254119814-scaled.jpeg\",\"contentUrl\":\"https:\\\/\\\/www.smovin.app\\\/wp-content\\\/uploads\\\/2021\\\/11\\\/AdobeStock_254119814-scaled.jpeg\",\"width\":2560,\"height\":1707,\"caption\":\"Gestion locative\"},{\"@type\":\"BreadcrumbList\",\"@id\":\"https:\\\/\\\/www.smovin.app\\\/fr-be\\\/gestion-locative\\\/tarifs\\\/#breadcrumb\",\"itemListElement\":[{\"@type\":\"ListItem\",\"position\":1,\"name\":\"Accueil\",\"item\":\"https:\\\/\\\/www.smovin.app\\\/fr-be\\\/\"},{\"@type\":\"ListItem\",\"position\":2,\"name\":\"La gestion locative : tout ce qu\u2019il faut savoir\",\"item\":\"https:\\\/\\\/www.smovin.app\\\/fr-be\\\/gestion-locative\\\/\"},{\"@type\":\"ListItem\",\"position\":3,\"name\":\"Quels sont les frais de la gestion locative\u202f?\"}]},{\"@type\":\"WebSite\",\"@id\":\"https:\\\/\\\/www.smovin.app\\\/fr-be\\\/#website\",\"url\":\"https:\\\/\\\/www.smovin.app\\\/fr-be\\\/\",\"name\":\"Smovin | Focus on what really matters\",\"description\":\"Application de gestion locative puissante et intuitive pour investisseurs immobiliers.\",\"publisher\":{\"@id\":\"https:\\\/\\\/www.smovin.app\\\/fr-be\\\/#organization\"},\"potentialAction\":[{\"@type\":\"SearchAction\",\"target\":{\"@type\":\"EntryPoint\",\"urlTemplate\":\"https:\\\/\\\/www.smovin.app\\\/fr-be\\\/?s={search_term_string}\"},\"query-input\":{\"@type\":\"PropertyValueSpecification\",\"valueRequired\":true,\"valueName\":\"search_term_string\"}}],\"inLanguage\":\"fr-be\"},{\"@type\":\"Organization\",\"@id\":\"https:\\\/\\\/www.smovin.app\\\/fr-be\\\/#organization\",\"name\":\"Smovin\",\"url\":\"https:\\\/\\\/www.smovin.app\\\/fr-be\\\/\",\"logo\":{\"@type\":\"ImageObject\",\"inLanguage\":\"fr-be\",\"@id\":\"https:\\\/\\\/www.smovin.app\\\/fr-be\\\/#\\\/schema\\\/logo\\\/image\\\/\",\"url\":\"https:\\\/\\\/www.smovin.app\\\/wp-content\\\/uploads\\\/2021\\\/07\\\/LogoSmovinColors.svg\",\"contentUrl\":\"https:\\\/\\\/www.smovin.app\\\/wp-content\\\/uploads\\\/2021\\\/07\\\/LogoSmovinColors.svg\",\"width\":540,\"height\":103,\"caption\":\"Smovin\"},\"image\":{\"@id\":\"https:\\\/\\\/www.smovin.app\\\/fr-be\\\/#\\\/schema\\\/logo\\\/image\\\/\"}}]}<\/script>\n<!-- \/ Yoast SEO plugin. -->","yoast_head_json":{"title":"Quels sont les frais de la gestion locative\u202f? | Smovin","description":"Quels sont les frais engendr\u00e9s par la gestion locative ? D\u00e9couvrez comment les optimiser afin d'am\u00e9liorer la rentabilit\u00e9 de votre patrimoine.","robots":{"index":"index","follow":"follow","max-snippet":"max-snippet:-1","max-image-preview":"max-image-preview:large","max-video-preview":"max-video-preview:-1"},"canonical":"https:\/\/www.smovin.app\/fr-be\/gestion-locative\/tarifs\/","og_locale":"fr_FR","og_type":"article","og_title":"Quels sont les frais de la gestion locative\u202f? | Smovin","og_description":"Quels sont les frais engendr\u00e9s par la gestion locative ? D\u00e9couvrez comment les optimiser afin d'am\u00e9liorer la rentabilit\u00e9 de votre patrimoine.","og_url":"https:\/\/www.smovin.app\/fr-be\/gestion-locative\/tarifs\/","og_site_name":"Smovin | Focus on what really matters","article_modified_time":"2025-02-11T12:51:21+00:00","og_image":[{"width":2560,"height":1707,"url":"https:\/\/www.smovin.app\/wp-content\/uploads\/2021\/11\/AdobeStock_254119814-scaled.jpeg","type":"image\/jpeg"}],"twitter_card":"summary_large_image","twitter_misc":{"Est. reading time":"4 minutes"},"schema":{"@context":"https:\/\/schema.org","@graph":[{"@type":"WebPage","@id":"https:\/\/www.smovin.app\/fr-be\/gestion-locative\/tarifs\/","url":"https:\/\/www.smovin.app\/fr-be\/gestion-locative\/tarifs\/","name":"Quels sont les frais de la gestion locative\u202f? | Smovin","isPartOf":{"@id":"https:\/\/www.smovin.app\/fr-be\/#website"},"primaryImageOfPage":{"@id":"https:\/\/www.smovin.app\/fr-be\/gestion-locative\/tarifs\/#primaryimage"},"image":{"@id":"https:\/\/www.smovin.app\/fr-be\/gestion-locative\/tarifs\/#primaryimage"},"thumbnailUrl":"https:\/\/www.smovin.app\/wp-content\/uploads\/2021\/11\/AdobeStock_254119814-scaled.jpeg","datePublished":"2021-12-09T11:55:20+00:00","dateModified":"2025-02-11T12:51:21+00:00","description":"Quels sont les frais engendr\u00e9s par la gestion locative ? D\u00e9couvrez comment les optimiser afin d'am\u00e9liorer la rentabilit\u00e9 de votre patrimoine.","breadcrumb":{"@id":"https:\/\/www.smovin.app\/fr-be\/gestion-locative\/tarifs\/#breadcrumb"},"inLanguage":"fr-be","potentialAction":[{"@type":"ReadAction","target":["https:\/\/www.smovin.app\/fr-be\/gestion-locative\/tarifs\/"]}]},{"@type":"ImageObject","inLanguage":"fr-be","@id":"https:\/\/www.smovin.app\/fr-be\/gestion-locative\/tarifs\/#primaryimage","url":"https:\/\/www.smovin.app\/wp-content\/uploads\/2021\/11\/AdobeStock_254119814-scaled.jpeg","contentUrl":"https:\/\/www.smovin.app\/wp-content\/uploads\/2021\/11\/AdobeStock_254119814-scaled.jpeg","width":2560,"height":1707,"caption":"Gestion locative"},{"@type":"BreadcrumbList","@id":"https:\/\/www.smovin.app\/fr-be\/gestion-locative\/tarifs\/#breadcrumb","itemListElement":[{"@type":"ListItem","position":1,"name":"Accueil","item":"https:\/\/www.smovin.app\/fr-be\/"},{"@type":"ListItem","position":2,"name":"La gestion locative : tout ce qu\u2019il faut savoir","item":"https:\/\/www.smovin.app\/fr-be\/gestion-locative\/"},{"@type":"ListItem","position":3,"name":"Quels sont les frais de la gestion locative\u202f?"}]},{"@type":"WebSite","@id":"https:\/\/www.smovin.app\/fr-be\/#website","url":"https:\/\/www.smovin.app\/fr-be\/","name":"Smovin | Focus on what really matters","description":"Application de gestion locative puissante et intuitive pour investisseurs immobiliers.","publisher":{"@id":"https:\/\/www.smovin.app\/fr-be\/#organization"},"potentialAction":[{"@type":"SearchAction","target":{"@type":"EntryPoint","urlTemplate":"https:\/\/www.smovin.app\/fr-be\/?s={search_term_string}"},"query-input":{"@type":"PropertyValueSpecification","valueRequired":true,"valueName":"search_term_string"}}],"inLanguage":"fr-be"},{"@type":"Organization","@id":"https:\/\/www.smovin.app\/fr-be\/#organization","name":"Smovin","url":"https:\/\/www.smovin.app\/fr-be\/","logo":{"@type":"ImageObject","inLanguage":"fr-be","@id":"https:\/\/www.smovin.app\/fr-be\/#\/schema\/logo\/image\/","url":"https:\/\/www.smovin.app\/wp-content\/uploads\/2021\/07\/LogoSmovinColors.svg","contentUrl":"https:\/\/www.smovin.app\/wp-content\/uploads\/2021\/07\/LogoSmovinColors.svg","width":540,"height":103,"caption":"Smovin"},"image":{"@id":"https:\/\/www.smovin.app\/fr-be\/#\/schema\/logo\/image\/"}}]}},"_links":{"self":[{"href":"https:\/\/www.smovin.app\/fr-be\/wp-json\/wp\/v2\/pages\/8920","targetHints":{"allow":["GET"]}}],"collection":[{"href":"https:\/\/www.smovin.app\/fr-be\/wp-json\/wp\/v2\/pages"}],"about":[{"href":"https:\/\/www.smovin.app\/fr-be\/wp-json\/wp\/v2\/types\/page"}],"author":[{"embeddable":true,"href":"https:\/\/www.smovin.app\/fr-be\/wp-json\/wp\/v2\/users\/208846801"}],"replies":[{"embeddable":true,"href":"https:\/\/www.smovin.app\/fr-be\/wp-json\/wp\/v2\/comments?post=8920"}],"version-history":[{"count":1,"href":"https:\/\/www.smovin.app\/fr-be\/wp-json\/wp\/v2\/pages\/8920\/revisions"}],"predecessor-version":[{"id":58501,"href":"https:\/\/www.smovin.app\/fr-be\/wp-json\/wp\/v2\/pages\/8920\/revisions\/58501"}],"up":[{"embeddable":true,"href":"https:\/\/www.smovin.app\/fr-be\/wp-json\/wp\/v2\/pages\/8898"}],"wp:featuredmedia":[{"embeddable":true,"href":"https:\/\/www.smovin.app\/fr-be\/wp-json\/wp\/v2\/media\/8571"}],"wp:attachment":[{"href":"https:\/\/www.smovin.app\/fr-be\/wp-json\/wp\/v2\/media?parent=8920"}],"wp:term":[{"taxonomy":"category","embeddable":true,"href":"https:\/\/www.smovin.app\/fr-be\/wp-json\/wp\/v2\/categories?post=8920"},{"taxonomy":"post_tag","embeddable":true,"href":"https:\/\/www.smovin.app\/fr-be\/wp-json\/wp\/v2\/tags?post=8920"}],"curies":[{"name":"wp","href":"https:\/\/api.w.org\/{rel}","templated":true}]}}