{"id":6969,"date":"2021-10-12T16:38:54","date_gmt":"2021-10-12T14:38:54","guid":{"rendered":"https:\/\/www.smovin.app\/?page_id=6969"},"modified":"2023-07-13T09:48:27","modified_gmt":"2023-07-13T07:48:27","slug":"merci-davoir-reserve-une-demo","status":"publish","type":"page","link":"https:\/\/www.smovin.app\/fr-be\/demander-une-demo\/merci-davoir-reserve-une-demo\/","title":{"rendered":"Merci d&#8217;avoir r\u00e9serv\u00e9 une demo de l&#8217;outil Smovin"},"content":{"rendered":"\t\t<div data-elementor-type=\"wp-page\" data-elementor-id=\"6969\" class=\"elementor elementor-6969\" data-elementor-post-type=\"page\">\n\t\t\t\t\t\t<section class=\"elementor-section elementor-top-section elementor-element elementor-element-76db218e elementor-section-content-middle elementor-reverse-tablet elementor-reverse-mobile elementor-section-boxed elementor-section-height-default elementor-section-height-default\" data-id=\"76db218e\" data-element_type=\"section\" data-e-type=\"section\" data-settings=\"{&quot;background_background&quot;:&quot;classic&quot;}\">\n\t\t\t\t\t\t<div class=\"elementor-container elementor-column-gap-default\">\n\t\t\t\t\t<div class=\"elementor-column elementor-col-100 elementor-top-column elementor-element elementor-element-5ff6da61\" data-id=\"5ff6da61\" data-element_type=\"column\" data-e-type=\"column\">\n\t\t\t<div class=\"elementor-widget-wrap elementor-element-populated\">\n\t\t\t\t\t\t<div class=\"elementor-element elementor-element-50f5bb31 elementor-invisible elementor-widget elementor-widget-image\" data-id=\"50f5bb31\" data-element_type=\"widget\" data-e-type=\"widget\" data-settings=\"{&quot;_animation&quot;:&quot;fadeInDown&quot;,&quot;motion_fx_motion_fx_mouse&quot;:&quot;yes&quot;,&quot;motion_fx_tilt_effect&quot;:&quot;yes&quot;,&quot;motion_fx_tilt_speed&quot;:{&quot;unit&quot;:&quot;px&quot;,&quot;size&quot;:3,&quot;sizes&quot;:[]}}\" data-widget_type=\"image.default\">\n\t\t\t\t<div class=\"elementor-widget-container\">\n\t\t\t\t\t\t\t\t\t\t\t\t\t\t\t<img fetchpriority=\"high\" decoding=\"async\" width=\"357\" height=\"360\" src=\"https:\/\/www.smovin.app\/wp-content\/uploads\/2021\/10\/ThumbsUp-bg.png\" class=\"attachment-large size-large wp-image-7006\" alt=\"Pouce vers le haut\" srcset=\"https:\/\/www.smovin.app\/wp-content\/uploads\/2021\/10\/ThumbsUp-bg.png 357w, https:\/\/www.smovin.app\/wp-content\/uploads\/2021\/10\/ThumbsUp-bg-298x300.png 298w, https:\/\/www.smovin.app\/wp-content\/uploads\/2021\/10\/ThumbsUp-bg-150x150.png 150w\" sizes=\"(max-width: 357px) 100vw, 357px\" \/>\t\t\t\t\t\t\t\t\t\t\t\t\t\t\t<\/div>\n\t\t\t\t<\/div>\n\t\t\t\t<div class=\"elementor-element elementor-element-116274aa elementor-invisible elementor-widget elementor-widget-heading\" data-id=\"116274aa\" data-element_type=\"widget\" data-e-type=\"widget\" data-settings=\"{&quot;_animation&quot;:&quot;fadeInUp&quot;}\" data-widget_type=\"heading.default\">\n\t\t\t\t<div class=\"elementor-widget-container\">\n\t\t\t\t\t<h1 class=\"elementor-heading-title elementor-size-default\" class=\"elementor-heading-title elementor-size-default\" id=\"merci-davoir-reserve-une-demo\"><a href=\"#merci-davoir-reserve-une-demo\" class=\"heading-link\"><i class=\"glyphicon glyphicon-link\"><\/i><\/a>Merci d'avoir r\u00e9serv\u00e9 une d\u00e9mo ! <\/h1>\t\t\t\t<\/div>\n\t\t\t\t<\/div>\n\t\t\t\t<div class=\"elementor-element elementor-element-5b3954cc elementor-invisible elementor-widget elementor-widget-text-editor\" data-id=\"5b3954cc\" data-element_type=\"widget\" data-e-type=\"widget\" data-settings=\"{&quot;_animation&quot;:&quot;fadeInUp&quot;}\" data-widget_type=\"text-editor.default\">\n\t\t\t\t<div class=\"elementor-widget-container\">\n\t\t\t\t\t\t\t\t\t<p style=\"text-align: center;\"><span style=\"font-style: inherit; font-weight: inherit; color: var( --e-global-color-text );\">Avant celle-ci, <\/span><span style=\"font-style: inherit; font-weight: inherit; color: var( --e-global-color-text );\">n&#8217;h\u00e9sitez pas \u00e0 d\u00e9j\u00e0 d\u00e9couvrir notre plateforme <\/span><img decoding=\"async\" class=\"emoji\" style=\"font-style: inherit; font-weight: inherit; background-color: #ffffff; color: var( --e-global-color-text );\" role=\"img\" draggable=\"false\" src=\"https:\/\/s.w.org\/images\/core\/emoji\/14.0.0\/svg\/1f447.svg\" alt=\"\ud83d\udc47\" \/><\/p>\t\t\t\t\t\t\t\t<\/div>\n\t\t\t\t<\/div>\n\t\t\t\t<div class=\"elementor-element elementor-element-4fd69775 elementor-invisible elementor-widget elementor-widget-image\" data-id=\"4fd69775\" data-element_type=\"widget\" data-e-type=\"widget\" data-settings=\"{&quot;_animation&quot;:&quot;fadeInUp&quot;}\" data-widget_type=\"image.default\">\n\t\t\t\t<div class=\"elementor-widget-container\">\n\t\t\t\t\t\t\t\t\t\t\t\t\t\t\t\t<a href=\"https:\/\/demo.smovin.app\/users\/sign_up\/?utm_source=thank-you-pages&#038;utm_medium=banner-thank-you-page&#038;utm_campaign=banner-thank-you-page\">\n\t\t\t\t\t\t\t<img decoding=\"async\" width=\"1024\" height=\"272\" src=\"https:\/\/www.smovin.app\/wp-content\/uploads\/2023\/03\/Banner-thank-you-page-1024x272-1.jpg\" class=\"attachment-large size-large wp-image-27869\" alt=\"Automatisez toutes les t\u00e2ches de la gestion locative\" srcset=\"https:\/\/www.smovin.app\/wp-content\/uploads\/2023\/03\/Banner-thank-you-page-1024x272-1.jpg 1024w, https:\/\/www.smovin.app\/wp-content\/uploads\/2023\/03\/Banner-thank-you-page-1024x272-1-300x80.jpg 300w, https:\/\/www.smovin.app\/wp-content\/uploads\/2023\/03\/Banner-thank-you-page-1024x272-1-768x204.jpg 768w\" sizes=\"(max-width: 1024px) 100vw, 1024px\" \/>\t\t\t\t\t\t\t\t<\/a>\n\t\t\t\t\t\t\t\t\t\t\t\t\t\t\t<\/div>\n\t\t\t\t<\/div>\n\t\t\t\t\t<\/div>\n\t\t<\/div>\n\t\t\t\t\t<\/div>\n\t\t<\/section>\n\t\t\t\t<\/div>\n\t\t","protected":false},"excerpt":{"rendered":"<p>Merci d&#8217;avoir r\u00e9serv\u00e9 une d\u00e9mo ! Avant celle-ci, n&#8217;h\u00e9sitez pas \u00e0 d\u00e9j\u00e0 d\u00e9couvrir notre plateforme<\/p>\n","protected":false},"author":208846801,"featured_media":0,"parent":3893,"menu_order":0,"comment_status":"closed","ping_status":"closed","template":"","meta":{"_acf_changed":false,"content-type":"","site-sidebar-layout":"no-sidebar","site-content-layout":"page-builder","ast-site-content-layout":"default","site-content-style":"default","site-sidebar-style":"default","ast-global-header-display":"","ast-banner-title-visibility":"","ast-main-header-display":"","ast-hfb-above-header-display":"","ast-hfb-below-header-display":"","ast-hfb-mobile-header-display":"","site-post-title":"disabled","ast-breadcrumbs-content":"","ast-featured-img":"disabled","footer-sml-layout":"","ast-disable-related-posts":"","theme-transparent-header-meta":"default","adv-header-id-meta":"","stick-header-meta":"","header-above-stick-meta":"","header-main-stick-meta":"","header-below-stick-meta":"","astra-migrate-meta-layouts":"default","ast-page-background-enabled":"default","ast-page-background-meta":{"desktop":{"background-color":"var(--ast-global-color-5)","background-image":"","background-repeat":"repeat","background-position":"center center","background-size":"auto","background-attachment":"scroll","background-type":"","background-media":"","overlay-type":"","overlay-color":"","overlay-opacity":"","overlay-gradient":""},"tablet":{"background-color":"","background-image":"","background-repeat":"repeat","background-position":"center center","background-size":"auto","background-attachment":"scroll","background-type":"","background-media":"","overlay-type":"","overlay-color":"","overlay-opacity":"","overlay-gradient":""},"mobile":{"background-color":"","background-image":"","background-repeat":"repeat","background-position":"center center","background-size":"auto","background-attachment":"scroll","background-type":"","background-media":"","overlay-type":"","overlay-color":"","overlay-opacity":"","overlay-gradient":""}},"ast-content-background-meta":{"desktop":{"background-color":"var(--ast-global-color-4)","background-image":"","background-repeat":"repeat","background-position":"center center","background-size":"auto","background-attachment":"scroll","background-type":"","background-media":"","overlay-type":"","overlay-color":"","overlay-opacity":"","overlay-gradient":""},"tablet":{"background-color":"var(--ast-global-color-4)","background-image":"","background-repeat":"repeat","background-position":"center center","background-size":"auto","background-attachment":"scroll","background-type":"","background-media":"","overlay-type":"","overlay-color":"","overlay-opacity":"","overlay-gradient":""},"mobile":{"background-color":"var(--ast-global-color-4)","background-image":"","background-repeat":"repeat","background-position":"center center","background-size":"auto","background-attachment":"scroll","background-type":"","background-media":"","overlay-type":"","overlay-color":"","overlay-opacity":"","overlay-gradient":""}},"cybocfi_hide_featured_image":"","footnotes":""},"categories":[],"tags":[6445],"class_list":["post-6969","page","type-page","status-publish","hentry","tag-thank-you-page"],"acf":[],"yoast_head":"<!-- This site is optimized with the Yoast SEO plugin v27.5 - https:\/\/yoast.com\/product\/yoast-seo-wordpress\/ -->\n<title>Merci d&#039;avoir r\u00e9serv\u00e9 une demo de l&#039;outil Smovin<\/title>\n<meta name=\"description\" content=\"Merci d&#039;avoir r\u00e9serv\u00e9 une d\u00e9mo, vous serrez bient\u00f4t contact\u00e9 pour discuter de vos besoins, d\u00e9couvrir Smovin et r\u00e9pondre \u00e0 toutes vos questions\" \/>\n<meta name=\"robots\" content=\"noindex, nofollow\" \/>\n<meta property=\"og:locale\" content=\"fr_FR\" \/>\n<meta property=\"og:type\" content=\"article\" \/>\n<meta property=\"og:title\" content=\"Merci d&#039;avoir r\u00e9serv\u00e9 une demo de l&#039;outil Smovin\" \/>\n<meta property=\"og:description\" content=\"Merci d&#039;avoir r\u00e9serv\u00e9 une d\u00e9mo, vous serrez bient\u00f4t contact\u00e9 pour discuter de vos besoins, d\u00e9couvrir Smovin et r\u00e9pondre \u00e0 toutes vos questions\" \/>\n<meta property=\"og:url\" content=\"https:\/\/www.smovin.app\/fr-be\/demander-une-demo\/merci-davoir-reserve-une-demo\/\" \/>\n<meta property=\"og:site_name\" content=\"Smovin | Focus on what really matters\" \/>\n<meta property=\"article:modified_time\" content=\"2023-07-13T07:48:27+00:00\" \/>\n<meta property=\"og:image\" content=\"https:\/\/www.smovin.app\/wp-content\/uploads\/2021\/10\/ThumbsUp-bg.png\" \/>\n<meta name=\"twitter:card\" content=\"summary_large_image\" \/>\n<meta name=\"twitter:label1\" content=\"Est. reading time\" \/>\n\t<meta name=\"twitter:data1\" content=\"1 minute\" \/>\n<script type=\"application\/ld+json\" class=\"yoast-schema-graph\">{\"@context\":\"https:\\\/\\\/schema.org\",\"@graph\":[{\"@type\":\"WebPage\",\"@id\":\"https:\\\/\\\/www.smovin.app\\\/fr-be\\\/demander-une-demo\\\/merci-davoir-reserve-une-demo\\\/\",\"url\":\"https:\\\/\\\/www.smovin.app\\\/fr-be\\\/demander-une-demo\\\/merci-davoir-reserve-une-demo\\\/\",\"name\":\"Merci d'avoir r\u00e9serv\u00e9 une demo de l'outil Smovin\",\"isPartOf\":{\"@id\":\"https:\\\/\\\/www.smovin.app\\\/fr-be\\\/#website\"},\"primaryImageOfPage\":{\"@id\":\"https:\\\/\\\/www.smovin.app\\\/fr-be\\\/demander-une-demo\\\/merci-davoir-reserve-une-demo\\\/#primaryimage\"},\"image\":{\"@id\":\"https:\\\/\\\/www.smovin.app\\\/fr-be\\\/demander-une-demo\\\/merci-davoir-reserve-une-demo\\\/#primaryimage\"},\"thumbnailUrl\":\"https:\\\/\\\/www.smovin.app\\\/wp-content\\\/uploads\\\/2021\\\/10\\\/ThumbsUp-bg.png\",\"datePublished\":\"2021-10-12T14:38:54+00:00\",\"dateModified\":\"2023-07-13T07:48:27+00:00\",\"description\":\"Merci d'avoir r\u00e9serv\u00e9 une d\u00e9mo, vous serrez bient\u00f4t contact\u00e9 pour discuter de vos besoins, d\u00e9couvrir Smovin et r\u00e9pondre \u00e0 toutes vos questions\",\"breadcrumb\":{\"@id\":\"https:\\\/\\\/www.smovin.app\\\/fr-be\\\/demander-une-demo\\\/merci-davoir-reserve-une-demo\\\/#breadcrumb\"},\"inLanguage\":\"fr-be\",\"potentialAction\":[{\"@type\":\"ReadAction\",\"target\":[\"https:\\\/\\\/www.smovin.app\\\/fr-be\\\/demander-une-demo\\\/merci-davoir-reserve-une-demo\\\/\"]}]},{\"@type\":\"ImageObject\",\"inLanguage\":\"fr-be\",\"@id\":\"https:\\\/\\\/www.smovin.app\\\/fr-be\\\/demander-une-demo\\\/merci-davoir-reserve-une-demo\\\/#primaryimage\",\"url\":\"https:\\\/\\\/www.smovin.app\\\/wp-content\\\/uploads\\\/2021\\\/10\\\/ThumbsUp-bg.png\",\"contentUrl\":\"https:\\\/\\\/www.smovin.app\\\/wp-content\\\/uploads\\\/2021\\\/10\\\/ThumbsUp-bg.png\"},{\"@type\":\"BreadcrumbList\",\"@id\":\"https:\\\/\\\/www.smovin.app\\\/fr-be\\\/demander-une-demo\\\/merci-davoir-reserve-une-demo\\\/#breadcrumb\",\"itemListElement\":[{\"@type\":\"ListItem\",\"position\":1,\"name\":\"Accueil\",\"item\":\"https:\\\/\\\/www.smovin.app\\\/fr-be\\\/\"},{\"@type\":\"ListItem\",\"position\":2,\"name\":\"Demander une d\u00e9mo\",\"item\":\"https:\\\/\\\/www.smovin.app\\\/fr-be\\\/demander-une-demo\\\/\"},{\"@type\":\"ListItem\",\"position\":3,\"name\":\"Merci d&#8217;avoir r\u00e9serv\u00e9 une demo de l&#8217;outil Smovin\"}]},{\"@type\":\"WebSite\",\"@id\":\"https:\\\/\\\/www.smovin.app\\\/fr-be\\\/#website\",\"url\":\"https:\\\/\\\/www.smovin.app\\\/fr-be\\\/\",\"name\":\"Smovin | Focus on what really matters\",\"description\":\"Application de gestion locative puissante et intuitive pour investisseurs immobiliers.\",\"publisher\":{\"@id\":\"https:\\\/\\\/www.smovin.app\\\/fr-be\\\/#organization\"},\"potentialAction\":[{\"@type\":\"SearchAction\",\"target\":{\"@type\":\"EntryPoint\",\"urlTemplate\":\"https:\\\/\\\/www.smovin.app\\\/fr-be\\\/?s={search_term_string}\"},\"query-input\":{\"@type\":\"PropertyValueSpecification\",\"valueRequired\":true,\"valueName\":\"search_term_string\"}}],\"inLanguage\":\"fr-be\"},{\"@type\":\"Organization\",\"@id\":\"https:\\\/\\\/www.smovin.app\\\/fr-be\\\/#organization\",\"name\":\"Smovin\",\"url\":\"https:\\\/\\\/www.smovin.app\\\/fr-be\\\/\",\"logo\":{\"@type\":\"ImageObject\",\"inLanguage\":\"fr-be\",\"@id\":\"https:\\\/\\\/www.smovin.app\\\/fr-be\\\/#\\\/schema\\\/logo\\\/image\\\/\",\"url\":\"https:\\\/\\\/www.smovin.app\\\/wp-content\\\/uploads\\\/2021\\\/07\\\/LogoSmovinColors.svg\",\"contentUrl\":\"https:\\\/\\\/www.smovin.app\\\/wp-content\\\/uploads\\\/2021\\\/07\\\/LogoSmovinColors.svg\",\"width\":540,\"height\":103,\"caption\":\"Smovin\"},\"image\":{\"@id\":\"https:\\\/\\\/www.smovin.app\\\/fr-be\\\/#\\\/schema\\\/logo\\\/image\\\/\"}}]}<\/script>\n<!-- \/ Yoast SEO plugin. -->","yoast_head_json":{"title":"Merci d'avoir r\u00e9serv\u00e9 une demo de l'outil Smovin","description":"Merci d'avoir r\u00e9serv\u00e9 une d\u00e9mo, vous serrez bient\u00f4t contact\u00e9 pour discuter de vos besoins, d\u00e9couvrir Smovin et r\u00e9pondre \u00e0 toutes vos questions","robots":{"index":"noindex","follow":"nofollow"},"og_locale":"fr_FR","og_type":"article","og_title":"Merci d'avoir r\u00e9serv\u00e9 une demo de l'outil Smovin","og_description":"Merci d'avoir r\u00e9serv\u00e9 une d\u00e9mo, vous serrez bient\u00f4t contact\u00e9 pour discuter de vos besoins, d\u00e9couvrir Smovin et r\u00e9pondre \u00e0 toutes vos questions","og_url":"https:\/\/www.smovin.app\/fr-be\/demander-une-demo\/merci-davoir-reserve-une-demo\/","og_site_name":"Smovin | Focus on what really matters","article_modified_time":"2023-07-13T07:48:27+00:00","og_image":[{"url":"https:\/\/www.smovin.app\/wp-content\/uploads\/2021\/10\/ThumbsUp-bg.png","type":"","width":"","height":""}],"twitter_card":"summary_large_image","twitter_misc":{"Est. reading time":"1 minute"},"schema":{"@context":"https:\/\/schema.org","@graph":[{"@type":"WebPage","@id":"https:\/\/www.smovin.app\/fr-be\/demander-une-demo\/merci-davoir-reserve-une-demo\/","url":"https:\/\/www.smovin.app\/fr-be\/demander-une-demo\/merci-davoir-reserve-une-demo\/","name":"Merci d'avoir r\u00e9serv\u00e9 une demo de l'outil Smovin","isPartOf":{"@id":"https:\/\/www.smovin.app\/fr-be\/#website"},"primaryImageOfPage":{"@id":"https:\/\/www.smovin.app\/fr-be\/demander-une-demo\/merci-davoir-reserve-une-demo\/#primaryimage"},"image":{"@id":"https:\/\/www.smovin.app\/fr-be\/demander-une-demo\/merci-davoir-reserve-une-demo\/#primaryimage"},"thumbnailUrl":"https:\/\/www.smovin.app\/wp-content\/uploads\/2021\/10\/ThumbsUp-bg.png","datePublished":"2021-10-12T14:38:54+00:00","dateModified":"2023-07-13T07:48:27+00:00","description":"Merci d'avoir r\u00e9serv\u00e9 une d\u00e9mo, vous serrez bient\u00f4t contact\u00e9 pour discuter de vos besoins, d\u00e9couvrir Smovin et r\u00e9pondre \u00e0 toutes vos questions","breadcrumb":{"@id":"https:\/\/www.smovin.app\/fr-be\/demander-une-demo\/merci-davoir-reserve-une-demo\/#breadcrumb"},"inLanguage":"fr-be","potentialAction":[{"@type":"ReadAction","target":["https:\/\/www.smovin.app\/fr-be\/demander-une-demo\/merci-davoir-reserve-une-demo\/"]}]},{"@type":"ImageObject","inLanguage":"fr-be","@id":"https:\/\/www.smovin.app\/fr-be\/demander-une-demo\/merci-davoir-reserve-une-demo\/#primaryimage","url":"https:\/\/www.smovin.app\/wp-content\/uploads\/2021\/10\/ThumbsUp-bg.png","contentUrl":"https:\/\/www.smovin.app\/wp-content\/uploads\/2021\/10\/ThumbsUp-bg.png"},{"@type":"BreadcrumbList","@id":"https:\/\/www.smovin.app\/fr-be\/demander-une-demo\/merci-davoir-reserve-une-demo\/#breadcrumb","itemListElement":[{"@type":"ListItem","position":1,"name":"Accueil","item":"https:\/\/www.smovin.app\/fr-be\/"},{"@type":"ListItem","position":2,"name":"Demander une d\u00e9mo","item":"https:\/\/www.smovin.app\/fr-be\/demander-une-demo\/"},{"@type":"ListItem","position":3,"name":"Merci d&#8217;avoir r\u00e9serv\u00e9 une demo de l&#8217;outil Smovin"}]},{"@type":"WebSite","@id":"https:\/\/www.smovin.app\/fr-be\/#website","url":"https:\/\/www.smovin.app\/fr-be\/","name":"Smovin | Focus on what really matters","description":"Application de gestion locative puissante et intuitive pour investisseurs immobiliers.","publisher":{"@id":"https:\/\/www.smovin.app\/fr-be\/#organization"},"potentialAction":[{"@type":"SearchAction","target":{"@type":"EntryPoint","urlTemplate":"https:\/\/www.smovin.app\/fr-be\/?s={search_term_string}"},"query-input":{"@type":"PropertyValueSpecification","valueRequired":true,"valueName":"search_term_string"}}],"inLanguage":"fr-be"},{"@type":"Organization","@id":"https:\/\/www.smovin.app\/fr-be\/#organization","name":"Smovin","url":"https:\/\/www.smovin.app\/fr-be\/","logo":{"@type":"ImageObject","inLanguage":"fr-be","@id":"https:\/\/www.smovin.app\/fr-be\/#\/schema\/logo\/image\/","url":"https:\/\/www.smovin.app\/wp-content\/uploads\/2021\/07\/LogoSmovinColors.svg","contentUrl":"https:\/\/www.smovin.app\/wp-content\/uploads\/2021\/07\/LogoSmovinColors.svg","width":540,"height":103,"caption":"Smovin"},"image":{"@id":"https:\/\/www.smovin.app\/fr-be\/#\/schema\/logo\/image\/"}}]}},"_links":{"self":[{"href":"https:\/\/www.smovin.app\/fr-be\/wp-json\/wp\/v2\/pages\/6969","targetHints":{"allow":["GET"]}}],"collection":[{"href":"https:\/\/www.smovin.app\/fr-be\/wp-json\/wp\/v2\/pages"}],"about":[{"href":"https:\/\/www.smovin.app\/fr-be\/wp-json\/wp\/v2\/types\/page"}],"author":[{"embeddable":true,"href":"https:\/\/www.smovin.app\/fr-be\/wp-json\/wp\/v2\/users\/208846801"}],"replies":[{"embeddable":true,"href":"https:\/\/www.smovin.app\/fr-be\/wp-json\/wp\/v2\/comments?post=6969"}],"version-history":[{"count":0,"href":"https:\/\/www.smovin.app\/fr-be\/wp-json\/wp\/v2\/pages\/6969\/revisions"}],"up":[{"embeddable":true,"href":"https:\/\/www.smovin.app\/fr-be\/wp-json\/wp\/v2\/pages\/3893"}],"wp:attachment":[{"href":"https:\/\/www.smovin.app\/fr-be\/wp-json\/wp\/v2\/media?parent=6969"}],"wp:term":[{"taxonomy":"category","embeddable":true,"href":"https:\/\/www.smovin.app\/fr-be\/wp-json\/wp\/v2\/categories?post=6969"},{"taxonomy":"post_tag","embeddable":true,"href":"https:\/\/www.smovin.app\/fr-be\/wp-json\/wp\/v2\/tags?post=6969"}],"curies":[{"name":"wp","href":"https:\/\/api.w.org\/{rel}","templated":true}]}}