{"id":5326,"date":"2021-09-24T12:31:48","date_gmt":"2021-09-24T10:31:48","guid":{"rendered":"https:\/\/www.smovin.app\/?page_id=5326"},"modified":"2025-03-06T11:01:13","modified_gmt":"2025-03-06T10:01:13","slug":"privacy-policy","status":"publish","type":"page","link":"https:\/\/www.smovin.app\/fr-be\/privacy-policy\/","title":{"rendered":"Charte de confidentialit\u00e9"},"content":{"rendered":"\t\t<div data-elementor-type=\"wp-page\" data-elementor-id=\"5326\" class=\"elementor elementor-5326\" data-elementor-post-type=\"page\">\n\t\t\t\t\t\t<section class=\"elementor-section elementor-top-section elementor-element elementor-element-2ce45de elementor-section-boxed elementor-section-height-default elementor-section-height-default\" data-id=\"2ce45de\" data-element_type=\"section\" data-e-type=\"section\">\n\t\t\t\t\t\t<div class=\"elementor-container elementor-column-gap-default\">\n\t\t\t\t\t<div class=\"elementor-column elementor-col-100 elementor-top-column elementor-element elementor-element-c7d4ea3\" data-id=\"c7d4ea3\" data-element_type=\"column\" data-e-type=\"column\">\n\t\t\t<div class=\"elementor-widget-wrap elementor-element-populated\">\n\t\t\t\t\t\t<div class=\"elementor-element elementor-element-a6bcf29 elementor-widget elementor-widget-heading\" data-id=\"a6bcf29\" data-element_type=\"widget\" data-e-type=\"widget\" data-widget_type=\"heading.default\">\n\t\t\t\t<div class=\"elementor-widget-container\">\n\t\t\t\t\t<h1 class=\"elementor-heading-title elementor-size-default\" class=\"elementor-heading-title elementor-size-default\" id=\"protection-des-donnees-personnelles-et-politique-de-confidentialite\"><a href=\"#protection-des-donnees-personnelles-et-politique-de-confidentialite\" class=\"heading-link\"><i class=\"glyphicon glyphicon-link\"><\/i><\/a>Protection des donn\u00e9es personnelles et politique de confidentialit\u00e9 <\/h1>\t\t\t\t<\/div>\n\t\t\t\t<\/div>\n\t\t\t\t\t<\/div>\n\t\t<\/div>\n\t\t\t\t\t<\/div>\n\t\t<\/section>\n\t\t\t\t<section class=\"elementor-section elementor-top-section elementor-element elementor-element-ba5825b elementor-section-boxed elementor-section-height-default elementor-section-height-default\" data-id=\"ba5825b\" data-element_type=\"section\" data-e-type=\"section\">\n\t\t\t\t\t\t<div class=\"elementor-container elementor-column-gap-default\">\n\t\t\t\t\t<div class=\"elementor-column elementor-col-100 elementor-top-column elementor-element elementor-element-79ddfcc\" data-id=\"79ddfcc\" data-element_type=\"column\" data-e-type=\"column\">\n\t\t\t<div class=\"elementor-widget-wrap elementor-element-populated\">\n\t\t\t\t\t\t<div class=\"elementor-element elementor-element-53f4872 elementor-widget elementor-widget-text-editor\" data-id=\"53f4872\" data-element_type=\"widget\" data-e-type=\"widget\" data-widget_type=\"text-editor.default\">\n\t\t\t\t<div class=\"elementor-widget-container\">\n\t\t\t\t\t\t\t\t\t<p>\u00c0 titre pr\u00e9liminaire, les termes \u00ab donn\u00e9es personnelles \u00bb et \u00ab donn\u00e9es \u00e0 caract\u00e8re personnel \u00bb doivent \u00eatre entendus au sens qui leur est donn\u00e9 \u00e0 l\u2019article 4 du R\u00e8glement 2016\/679 (le \u00ab <strong>RGPD<\/strong> \u00bb).<\/p><p>En s\u2019inscrivant sur SMOVIN, le Client accepte que SMOVIN puisse stocker, traiter et utiliser les donn\u00e9es personnelles et \u00e0 caract\u00e8re personnel collect\u00e9es lors de l\u2019inscription, et celles relatives au devoir de facturation de SMOVIN envers le Client. Cela inclut la possibilit\u00e9 de citer le nom du Client dans les r\u00e9f\u00e9rences client de SMOVIN.<\/p><p>En s\u2019inscrivant sur SMOVIN, le Client consent \u00e0 ce que SMOVIN, en qualit\u00e9 de responsable de traitement, conserve et traite ses donn\u00e9es pour la r\u00e9alisation des services, en ce compris pour la commercialisation de services suppl\u00e9mentaires g\u00e9r\u00e9s par des tiers et propos\u00e9s par SMOVIN. Ces donn\u00e9es personnelles et \u00e0 caract\u00e8re personnel du Client seront conserv\u00e9es pendant toute la dur\u00e9e du Contrat et pendant une p\u00e9riode de cinq (5) ans apr\u00e8s la terminaison de celui-ci.<\/p><p>Le Client accepte que la communication de ses informations personnelles intervienne d\u00e8s la p\u00e9riode d\u2019essai gratuite lorsqu\u2019une telle p\u00e9riode a \u00e9t\u00e9 sollicit\u00e9e par le Client.<\/p><p>Les donn\u00e9es confi\u00e9es par le Client \u00e0 SMOVIN sont initialement trait\u00e9es par SMOVIN en sa qualit\u00e9 de Responsable de traitement. Cependant, en fonction des produits ou services de votre choix, dans certains cas particuliers, SMOVIN peut \u00eatre amen\u00e9e \u00e0 partager les donn\u00e9es personnelles du Client requises avec :<\/p><ul><li>Les interlocuteurs au sein de SMOVIN afin de traiter les \u00e9ventuels probl\u00e8mes techniques du Client par le syst\u00e8me d\u2019assistance technique ;<\/li><li>Les partenaires de SMOVIN pour qu\u2019ils puissent fournir au Client leurs produits et services commercialis\u00e9s par SMOVIN et que le Client a accept\u00e9s lors d\u2019une p\u00e9riode d\u2019essai gratuite et\/ou dans le cadre de l\u2019Abonnement via notre Site Web. SMOVIN ne partage les donn\u00e9es du Client li\u00e9es \u00e0 ces transactions qu&#8217;avec ce tiers. Les partenaires de Smovin sont des tiers \u00e0 Smovin, ne constituant pas une filiale de Smovin ;<\/li><li>Les autorit\u00e9s gouvernementales et publiques comp\u00e9tentes, pour se conformer aux obligations ou demandes l\u00e9gales ou r\u00e9glementaires ;<\/li><li>Les \u00e9ventuels autres tiers jug\u00e9s n\u00e9cessaires ou appropri\u00e9s : (a) en vertu de la loi applicable ; (b) pour se conformer \u00e0 la proc\u00e9dure judiciaire ; (c) pour faire respecter les CGU; (d) pour prot\u00e9ger les droits de SMOVIN, les int\u00e9r\u00eats de SMOVIN, sa s\u00e9curit\u00e9 ou ses biens, celle du Client ou celle d&#8217;autres ; et (f) pour permettre au Client de poursuivre les recours disponibles ou de limiter les dommages que SMOVIN pourrait subir.<\/li><\/ul><p>En dehors de situations pr\u00e9cit\u00e9es, SMOVIN demande l\u2019autorisation du Client, si n\u00e9cessaire, afin de pouvoir utiliser et\/ou partager ses donn\u00e9es avec des tiers.<\/p><p>SMOVIN ne partagera les donn\u00e9es du Client que comme d\u00e9crit ci-dessus et veillera \u00e0 ce que toutes les parties impliqu\u00e9es traitent celles-ci conform\u00e9ment \u00e0 la clause ou suivent des pratiques au moins aussi protectrices que celles d\u00e9crites dans la clause et agissent \u00e0 tout moment comme le permettent les r\u00e9glementations applicables, lois et R\u00e8glements sur la protection des donn\u00e9es.<\/p><p>Le Client dispose d\u2019un droit d\u2019acc\u00e8s, de modification, de rectification et de suppression des donn\u00e9es qui le concernent. Ces informations ne seront aucunement communiqu\u00e9es \u00e0 des tiers. Toute demande relative aux informations conserv\u00e9es par SMOVIN doit \u00eatre adress\u00e9e \u00e0 SA SMOVIN dont le si\u00e8ge est situ\u00e9 2, rue Fran\u00e7ois Dubois, 1310 La Hulpe (Belgique), et dont l\u2019adresse e-mail est la suivante : <a href=\"mailto:info@smovin.be\">info@smovin.be<\/a>.<\/p><p>Le Client peut \u00e9galement, s\u2019il le souhaite, contacter l\u2019Autorit\u00e9 de la Protection des Donn\u00e9es pour toute question relative \u00e0 ses droits et\/ou d\u00e9poser plainte aupr\u00e8s de l\u2019Autorit\u00e9 de la Protection des Donn\u00e9es quant au traitement de ses donn\u00e9es \u00e0 caract\u00e8re personnel par SMOVIN, aux adresses suivantes : <a href=\"mailto:dpo@apd-gba.be\">dpo@apd-gba.be<\/a> ou Rue de la Presse, 35 \u00e0 1000 Bruxelles.<\/p><p>Les donn\u00e9es appartenant au Client et h\u00e9berg\u00e9es sur SMOVIN (locataires, contrats, informations financi\u00e8res, etc.) sont et demeurent la propri\u00e9t\u00e9 du Client. SMOVIN s\u2019engage \u00e0 garder ces donn\u00e9es strictement confidentielles, \u00e0 n\u2019effectuer, en dehors des n\u00e9cessit\u00e9s techniques, aucune copie des donn\u00e9es et \u00e0 n\u2019en faire aucune utilisation autre que celle pr\u00e9vue pour l\u2019ex\u00e9cution des CGU.<\/p><p>Le Client est le seul responsable des donn\u00e9es qu\u2019il transmet \u00e0 SMOVIN aux fins d\u2019h\u00e9bergement ou d\u2019utilisation du logiciel. Le Client garantit que ces donn\u00e9es lui appartiennent ou qu\u2019il dispose du droit de les utiliser et les transf\u00e9rer \u00e0 SMOVIN. Il\u00a0 garantit \u00e9galement la l\u00e9galit\u00e9 et la justesse des donn\u00e9es communiqu\u00e9es \u00e0 SMOVIN. En tout \u00e9tat de cause, le Client garantit qu\u2019il s\u2019est acquitt\u00e9 de toutes les obligations \u00e9ventuelles lui incombant \u00e0 l\u2019\u00e9gard des informations\/biens\/donn\u00e9es qu\u2019il partage avec SMOVIN est dont il est titulaire.<\/p><p>Le Client garantit express\u00e9ment SMOVIN contre toute pr\u00e9tention ou recours de tiers, \u00e0 quelque titre que ce soit, li\u00e9 \u00e0 l\u2019inscription du Client sur SMOVIN ou aux donn\u00e9es transmises \u00e0 SMOVIN par le Client. En cas d\u2019appel, par SMOVIN, du Client en garantie d\u00fb au recours d\u2019un tiers, tous les frais judiciaires de SMOVIN, en ce compris les honoraires de ses avocats, seront \u00e0 la charge exclusive du Client.<\/p><p><\/p>\t\t\t\t\t\t\t\t<\/div>\n\t\t\t\t<\/div>\n\t\t\t\t\t<\/div>\n\t\t<\/div>\n\t\t\t\t\t<\/div>\n\t\t<\/section>\n\t\t\t\t<\/div>\n\t\t","protected":false},"excerpt":{"rendered":"<p>Protection des donn\u00e9es personnelles et politique de confidentialit\u00e9 \u00c0 titre pr\u00e9liminaire, les termes \u00ab donn\u00e9es personnelles \u00bb et \u00ab donn\u00e9es [&hellip;]<\/p>\n","protected":false},"author":208846801,"featured_media":0,"parent":0,"menu_order":0,"comment_status":"closed","ping_status":"closed","template":"","meta":{"_acf_changed":false,"content-type":"","site-sidebar-layout":"no-sidebar","site-content-layout":"page-builder","ast-site-content-layout":"full-width-container","site-content-style":"unboxed","site-sidebar-style":"unboxed","ast-global-header-display":"","ast-banner-title-visibility":"","ast-main-header-display":"","ast-hfb-above-header-display":"","ast-hfb-below-header-display":"","ast-hfb-mobile-header-display":"","site-post-title":"disabled","ast-breadcrumbs-content":"","ast-featured-img":"disabled","footer-sml-layout":"","ast-disable-related-posts":"","theme-transparent-header-meta":"default","adv-header-id-meta":"","stick-header-meta":"","header-above-stick-meta":"","header-main-stick-meta":"","header-below-stick-meta":"","astra-migrate-meta-layouts":"set","ast-page-background-enabled":"default","ast-page-background-meta":{"desktop":{"background-color":"var(--ast-global-color-5)","background-image":"","background-repeat":"repeat","background-position":"center center","background-size":"auto","background-attachment":"scroll","background-type":"","background-media":"","overlay-type":"","overlay-color":"","overlay-opacity":"","overlay-gradient":""},"tablet":{"background-color":"","background-image":"","background-repeat":"repeat","background-position":"center center","background-size":"auto","background-attachment":"scroll","background-type":"","background-media":"","overlay-type":"","overlay-color":"","overlay-opacity":"","overlay-gradient":""},"mobile":{"background-color":"","background-image":"","background-repeat":"repeat","background-position":"center center","background-size":"auto","background-attachment":"scroll","background-type":"","background-media":"","overlay-type":"","overlay-color":"","overlay-opacity":"","overlay-gradient":""}},"ast-content-background-meta":{"desktop":{"background-color":"var(--ast-global-color-4)","background-image":"","background-repeat":"repeat","background-position":"center center","background-size":"auto","background-attachment":"scroll","background-type":"","background-media":"","overlay-type":"","overlay-color":"","overlay-opacity":"","overlay-gradient":""},"tablet":{"background-color":"var(--ast-global-color-4)","background-image":"","background-repeat":"repeat","background-position":"center center","background-size":"auto","background-attachment":"scroll","background-type":"","background-media":"","overlay-type":"","overlay-color":"","overlay-opacity":"","overlay-gradient":""},"mobile":{"background-color":"var(--ast-global-color-4)","background-image":"","background-repeat":"repeat","background-position":"center center","background-size":"auto","background-attachment":"scroll","background-type":"","background-media":"","overlay-type":"","overlay-color":"","overlay-opacity":"","overlay-gradient":""}},"cybocfi_hide_featured_image":"","footnotes":""},"categories":[],"tags":[],"class_list":["post-5326","page","type-page","status-publish","hentry"],"acf":[],"yoast_head":"<!-- This site is optimized with the Yoast SEO plugin v27.4 - https:\/\/yoast.com\/product\/yoast-seo-wordpress\/ -->\n<title>Politique de confidentialit\u00e9 Smovin<\/title>\n<meta name=\"description\" content=\"Politique de confidentialit\u00e9 : Smovin assure une gestion s\u00e9curis\u00e9e de votre compte et vous fournit ce dont vous avez besoin.\" \/>\n<meta name=\"robots\" content=\"index, follow, max-snippet:-1, max-image-preview:large, max-video-preview:-1\" \/>\n<link rel=\"canonical\" href=\"https:\/\/www.smovin.app\/fr-be\/privacy-policy\/\" \/>\n<meta property=\"og:locale\" content=\"fr_FR\" \/>\n<meta property=\"og:type\" content=\"article\" \/>\n<meta property=\"og:title\" content=\"Politique de confidentialit\u00e9 Smovin\" \/>\n<meta property=\"og:description\" content=\"Politique de confidentialit\u00e9 : Smovin assure une gestion s\u00e9curis\u00e9e de votre compte et vous fournit ce dont vous avez besoin.\" \/>\n<meta property=\"og:url\" content=\"https:\/\/www.smovin.app\/fr-be\/privacy-policy\/\" \/>\n<meta property=\"og:site_name\" content=\"Smovin | Focus on what really matters\" \/>\n<meta property=\"article:modified_time\" content=\"2025-03-06T10:01:13+00:00\" \/>\n<meta name=\"twitter:card\" content=\"summary_large_image\" \/>\n<meta name=\"twitter:label1\" content=\"Est. reading time\" \/>\n\t<meta name=\"twitter:data1\" content=\"5 minutes\" \/>\n<script type=\"application\/ld+json\" class=\"yoast-schema-graph\">{\"@context\":\"https:\\\/\\\/schema.org\",\"@graph\":[{\"@type\":\"WebPage\",\"@id\":\"https:\\\/\\\/www.smovin.app\\\/fr-be\\\/privacy-policy\\\/\",\"url\":\"https:\\\/\\\/www.smovin.app\\\/fr-be\\\/privacy-policy\\\/\",\"name\":\"Politique de confidentialit\u00e9 Smovin\",\"isPartOf\":{\"@id\":\"https:\\\/\\\/www.smovin.app\\\/fr-be\\\/#website\"},\"datePublished\":\"2021-09-24T10:31:48+00:00\",\"dateModified\":\"2025-03-06T10:01:13+00:00\",\"description\":\"Politique de confidentialit\u00e9 : Smovin assure une gestion s\u00e9curis\u00e9e de votre compte et vous fournit ce dont vous avez besoin.\",\"breadcrumb\":{\"@id\":\"https:\\\/\\\/www.smovin.app\\\/fr-be\\\/privacy-policy\\\/#breadcrumb\"},\"inLanguage\":\"fr-be\",\"potentialAction\":[{\"@type\":\"ReadAction\",\"target\":[\"https:\\\/\\\/www.smovin.app\\\/fr-be\\\/privacy-policy\\\/\"]}]},{\"@type\":\"BreadcrumbList\",\"@id\":\"https:\\\/\\\/www.smovin.app\\\/fr-be\\\/privacy-policy\\\/#breadcrumb\",\"itemListElement\":[{\"@type\":\"ListItem\",\"position\":1,\"name\":\"Accueil\",\"item\":\"https:\\\/\\\/www.smovin.app\\\/fr-be\\\/\"},{\"@type\":\"ListItem\",\"position\":2,\"name\":\"Charte de confidentialit\u00e9\"}]},{\"@type\":\"WebSite\",\"@id\":\"https:\\\/\\\/www.smovin.app\\\/fr-be\\\/#website\",\"url\":\"https:\\\/\\\/www.smovin.app\\\/fr-be\\\/\",\"name\":\"Smovin | Focus on what really matters\",\"description\":\"Application de gestion locative puissante et intuitive pour investisseurs immobiliers.\",\"publisher\":{\"@id\":\"https:\\\/\\\/www.smovin.app\\\/fr-be\\\/#organization\"},\"potentialAction\":[{\"@type\":\"SearchAction\",\"target\":{\"@type\":\"EntryPoint\",\"urlTemplate\":\"https:\\\/\\\/www.smovin.app\\\/fr-be\\\/?s={search_term_string}\"},\"query-input\":{\"@type\":\"PropertyValueSpecification\",\"valueRequired\":true,\"valueName\":\"search_term_string\"}}],\"inLanguage\":\"fr-be\"},{\"@type\":\"Organization\",\"@id\":\"https:\\\/\\\/www.smovin.app\\\/fr-be\\\/#organization\",\"name\":\"Smovin\",\"url\":\"https:\\\/\\\/www.smovin.app\\\/fr-be\\\/\",\"logo\":{\"@type\":\"ImageObject\",\"inLanguage\":\"fr-be\",\"@id\":\"https:\\\/\\\/www.smovin.app\\\/fr-be\\\/#\\\/schema\\\/logo\\\/image\\\/\",\"url\":\"https:\\\/\\\/www.smovin.app\\\/wp-content\\\/uploads\\\/2021\\\/07\\\/LogoSmovinColors.svg\",\"contentUrl\":\"https:\\\/\\\/www.smovin.app\\\/wp-content\\\/uploads\\\/2021\\\/07\\\/LogoSmovinColors.svg\",\"width\":540,\"height\":103,\"caption\":\"Smovin\"},\"image\":{\"@id\":\"https:\\\/\\\/www.smovin.app\\\/fr-be\\\/#\\\/schema\\\/logo\\\/image\\\/\"}}]}<\/script>\n<!-- \/ Yoast SEO plugin. -->","yoast_head_json":{"title":"Politique de confidentialit\u00e9 Smovin","description":"Politique de confidentialit\u00e9 : Smovin assure une gestion s\u00e9curis\u00e9e de votre compte et vous fournit ce dont vous avez besoin.","robots":{"index":"index","follow":"follow","max-snippet":"max-snippet:-1","max-image-preview":"max-image-preview:large","max-video-preview":"max-video-preview:-1"},"canonical":"https:\/\/www.smovin.app\/fr-be\/privacy-policy\/","og_locale":"fr_FR","og_type":"article","og_title":"Politique de confidentialit\u00e9 Smovin","og_description":"Politique de confidentialit\u00e9 : Smovin assure une gestion s\u00e9curis\u00e9e de votre compte et vous fournit ce dont vous avez besoin.","og_url":"https:\/\/www.smovin.app\/fr-be\/privacy-policy\/","og_site_name":"Smovin | Focus on what really matters","article_modified_time":"2025-03-06T10:01:13+00:00","twitter_card":"summary_large_image","twitter_misc":{"Est. reading time":"5 minutes"},"schema":{"@context":"https:\/\/schema.org","@graph":[{"@type":"WebPage","@id":"https:\/\/www.smovin.app\/fr-be\/privacy-policy\/","url":"https:\/\/www.smovin.app\/fr-be\/privacy-policy\/","name":"Politique de confidentialit\u00e9 Smovin","isPartOf":{"@id":"https:\/\/www.smovin.app\/fr-be\/#website"},"datePublished":"2021-09-24T10:31:48+00:00","dateModified":"2025-03-06T10:01:13+00:00","description":"Politique de confidentialit\u00e9 : Smovin assure une gestion s\u00e9curis\u00e9e de votre compte et vous fournit ce dont vous avez besoin.","breadcrumb":{"@id":"https:\/\/www.smovin.app\/fr-be\/privacy-policy\/#breadcrumb"},"inLanguage":"fr-be","potentialAction":[{"@type":"ReadAction","target":["https:\/\/www.smovin.app\/fr-be\/privacy-policy\/"]}]},{"@type":"BreadcrumbList","@id":"https:\/\/www.smovin.app\/fr-be\/privacy-policy\/#breadcrumb","itemListElement":[{"@type":"ListItem","position":1,"name":"Accueil","item":"https:\/\/www.smovin.app\/fr-be\/"},{"@type":"ListItem","position":2,"name":"Charte de confidentialit\u00e9"}]},{"@type":"WebSite","@id":"https:\/\/www.smovin.app\/fr-be\/#website","url":"https:\/\/www.smovin.app\/fr-be\/","name":"Smovin | Focus on what really matters","description":"Application de gestion locative puissante et intuitive pour investisseurs immobiliers.","publisher":{"@id":"https:\/\/www.smovin.app\/fr-be\/#organization"},"potentialAction":[{"@type":"SearchAction","target":{"@type":"EntryPoint","urlTemplate":"https:\/\/www.smovin.app\/fr-be\/?s={search_term_string}"},"query-input":{"@type":"PropertyValueSpecification","valueRequired":true,"valueName":"search_term_string"}}],"inLanguage":"fr-be"},{"@type":"Organization","@id":"https:\/\/www.smovin.app\/fr-be\/#organization","name":"Smovin","url":"https:\/\/www.smovin.app\/fr-be\/","logo":{"@type":"ImageObject","inLanguage":"fr-be","@id":"https:\/\/www.smovin.app\/fr-be\/#\/schema\/logo\/image\/","url":"https:\/\/www.smovin.app\/wp-content\/uploads\/2021\/07\/LogoSmovinColors.svg","contentUrl":"https:\/\/www.smovin.app\/wp-content\/uploads\/2021\/07\/LogoSmovinColors.svg","width":540,"height":103,"caption":"Smovin"},"image":{"@id":"https:\/\/www.smovin.app\/fr-be\/#\/schema\/logo\/image\/"}}]}},"_links":{"self":[{"href":"https:\/\/www.smovin.app\/fr-be\/wp-json\/wp\/v2\/pages\/5326","targetHints":{"allow":["GET"]}}],"collection":[{"href":"https:\/\/www.smovin.app\/fr-be\/wp-json\/wp\/v2\/pages"}],"about":[{"href":"https:\/\/www.smovin.app\/fr-be\/wp-json\/wp\/v2\/types\/page"}],"author":[{"embeddable":true,"href":"https:\/\/www.smovin.app\/fr-be\/wp-json\/wp\/v2\/users\/208846801"}],"replies":[{"embeddable":true,"href":"https:\/\/www.smovin.app\/fr-be\/wp-json\/wp\/v2\/comments?post=5326"}],"version-history":[{"count":3,"href":"https:\/\/www.smovin.app\/fr-be\/wp-json\/wp\/v2\/pages\/5326\/revisions"}],"predecessor-version":[{"id":58783,"href":"https:\/\/www.smovin.app\/fr-be\/wp-json\/wp\/v2\/pages\/5326\/revisions\/58783"}],"wp:attachment":[{"href":"https:\/\/www.smovin.app\/fr-be\/wp-json\/wp\/v2\/media?parent=5326"}],"wp:term":[{"taxonomy":"category","embeddable":true,"href":"https:\/\/www.smovin.app\/fr-be\/wp-json\/wp\/v2\/categories?post=5326"},{"taxonomy":"post_tag","embeddable":true,"href":"https:\/\/www.smovin.app\/fr-be\/wp-json\/wp\/v2\/tags?post=5326"}],"curies":[{"name":"wp","href":"https:\/\/api.w.org\/{rel}","templated":true}]}}