{"id":31247,"date":"2023-05-16T16:22:18","date_gmt":"2023-05-16T14:22:18","guid":{"rendered":"https:\/\/www.smovin.app\/?page_id=31247"},"modified":"2024-03-20T15:35:09","modified_gmt":"2024-03-20T14:35:09","slug":"articles-expulsion-locataire","status":"publish","type":"page","link":"https:\/\/www.smovin.app\/fr-be\/articles-expulsion-locataire\/","title":{"rendered":"Nos articles sur l&#8217;expulsion\u200b"},"content":{"rendered":"\t\t<div data-elementor-type=\"wp-page\" data-elementor-id=\"31247\" class=\"elementor elementor-31247\" data-elementor-post-type=\"page\">\n\t\t\t\t\t\t<section class=\"elementor-section elementor-inner-section elementor-element elementor-element-4e05bb67 elementor-section-boxed elementor-section-height-default elementor-section-height-default\" data-id=\"4e05bb67\" data-element_type=\"section\" data-e-type=\"section\">\n\t\t\t\t\t\t<div class=\"elementor-container elementor-column-gap-default\">\n\t\t\t\t\t<div class=\"elementor-column elementor-col-100 elementor-inner-column elementor-element elementor-element-42353330\" data-id=\"42353330\" data-element_type=\"column\" data-e-type=\"column\" data-settings=\"{&quot;background_background&quot;:&quot;classic&quot;}\">\n\t\t\t<div class=\"elementor-widget-wrap elementor-element-populated\">\n\t\t\t\t\t\t<div class=\"elementor-element elementor-element-3c702dca elementor-widget elementor-widget-heading\" data-id=\"3c702dca\" data-element_type=\"widget\" data-e-type=\"widget\" data-widget_type=\"heading.default\">\n\t\t\t\t<div class=\"elementor-widget-container\">\n\t\t\t\t\t<h1 class=\"elementor-heading-title elementor-size-default\" class=\"elementor-heading-title elementor-size-default\" id=\"nos-articles-sur-lexpulsion-dun-locataire\"><a href=\"#nos-articles-sur-lexpulsion-dun-locataire\" class=\"heading-link\"><i class=\"glyphicon glyphicon-link\"><\/i><\/a>Nos articles sur l'expulsion d'un locataire<\/h1>\t\t\t\t<\/div>\n\t\t\t\t<\/div>\n\t\t\t\t<div class=\"elementor-element elementor-element-3dfcf41e elementor-widget elementor-widget-text-editor\" data-id=\"3dfcf41e\" data-element_type=\"widget\" data-e-type=\"widget\" data-widget_type=\"text-editor.default\">\n\t\t\t\t<div class=\"elementor-widget-container\">\n\t\t\t\t\t\t\t\t\t<p>Lorsqu\u2019un locataire ne paie plus son loyer ou nuit au bien qu\u2019il occupe, le propri\u00e9taire peut \u00eatre fortement tent\u00e9 d\u2019expulser son locataire. Mais attention, les r\u00e8gles pour expulser votre locataire sont strictes et les \u00e9tapes doivent \u00eatre scrupuleusement respect\u00e9es.&nbsp;<\/p><p>Retrouvez ici, tout ce qu&#8217;il faut savoir.&nbsp;<\/p>\t\t\t\t\t\t\t\t<\/div>\n\t\t\t\t<\/div>\n\t\t\t\t<div class=\"elementor-element elementor-element-f391768 elementor-posts--align-left elementor-grid-3 elementor-grid-tablet-2 elementor-grid-mobile-1 elementor-posts--thumbnail-top elementor-widget elementor-widget-posts\" data-id=\"f391768\" data-element_type=\"widget\" data-e-type=\"widget\" data-settings=\"{&quot;classic_row_gap&quot;:{&quot;unit&quot;:&quot;px&quot;,&quot;size&quot;:52,&quot;sizes&quot;:[]},&quot;classic_columns&quot;:&quot;3&quot;,&quot;classic_columns_tablet&quot;:&quot;2&quot;,&quot;classic_columns_mobile&quot;:&quot;1&quot;,&quot;classic_row_gap_tablet&quot;:{&quot;unit&quot;:&quot;px&quot;,&quot;size&quot;:&quot;&quot;,&quot;sizes&quot;:[]},&quot;classic_row_gap_mobile&quot;:{&quot;unit&quot;:&quot;px&quot;,&quot;size&quot;:&quot;&quot;,&quot;sizes&quot;:[]}}\" data-widget_type=\"posts.classic\">\n\t\t\t\t<div class=\"elementor-widget-container\">\n\t\t\t\t\t\t\t<div class=\"elementor-posts-container elementor-posts elementor-posts--skin-classic elementor-grid\" role=\"list\">\n\t\t\t\t<article class=\"elementor-post elementor-grid-item post-10703 page type-page status-publish has-post-thumbnail hentry category-blog tag-expulsion tag-seo\" role=\"listitem\">\n\t\t\t\t<a class=\"elementor-post__thumbnail__link\" href=\"https:\/\/www.smovin.app\/fr-be\/expulsion-locataire\/\" tabindex=\"-1\" >\n\t\t\t<div class=\"elementor-post__thumbnail\"><img fetchpriority=\"high\" decoding=\"async\" width=\"768\" height=\"512\" src=\"https:\/\/www.smovin.app\/wp-content\/uploads\/2022\/01\/AdobeStock_134671118-768x512.jpeg\" class=\"attachment-medium_large size-medium_large wp-image-10726\" alt=\"Expulsion gestion locative\" srcset=\"https:\/\/www.smovin.app\/wp-content\/uploads\/2022\/01\/AdobeStock_134671118-768x512.jpeg 768w, https:\/\/www.smovin.app\/wp-content\/uploads\/2022\/01\/AdobeStock_134671118-300x200.jpeg 300w, https:\/\/www.smovin.app\/wp-content\/uploads\/2022\/01\/AdobeStock_134671118-1024x683.jpeg 1024w, https:\/\/www.smovin.app\/wp-content\/uploads\/2022\/01\/AdobeStock_134671118-1536x1024.jpeg 1536w, https:\/\/www.smovin.app\/wp-content\/uploads\/2022\/01\/AdobeStock_134671118-2048x1365.jpeg 2048w\" sizes=\"(max-width: 768px) 100vw, 768px\" \/><\/div>\n\t\t<\/a>\n\t\t\t\t<div class=\"elementor-post__text\">\n\t\t\t\t<h2 class=\"elementor-post__title\">\n\t\t\t<a href=\"https:\/\/www.smovin.app\/fr-be\/expulsion-locataire\/\" >\n\t\t\t\tTout savoir sur l&#8217;expulsion d&#8217;un locataire\t\t\t<\/a>\n\t\t<\/h2>\n\t\t\t\t<div class=\"elementor-post__meta-data\">\n\t\t\t\t\t<span class=\"elementor-post-date\">\n\t\t\t11 February 2025\t\t<\/span>\n\t\t\t\t<\/div>\n\t\t\t\t<div class=\"elementor-post__excerpt\">\n\t\t\t<p>Lorsqu&#8217;un locataire ne paie plus son loyer ou nuit au bien qu&#8217;il occupe, le propri\u00e9taire peut \u00eatre fortement tent\u00e9 d&#8217;expulser<\/p>\n\t\t<\/div>\n\t\t\t\t<\/div>\n\t\t\t\t<\/article>\n\t\t\t\t<article class=\"elementor-post elementor-grid-item post-11091 page type-page status-publish has-post-thumbnail hentry category-blog tag-seo\" role=\"listitem\">\n\t\t\t\t<a class=\"elementor-post__thumbnail__link\" href=\"https:\/\/www.smovin.app\/fr-be\/expulsion-locataire\/squat\/\" tabindex=\"-1\" >\n\t\t\t<div class=\"elementor-post__thumbnail\"><img decoding=\"async\" width=\"768\" height=\"550\" src=\"https:\/\/www.smovin.app\/wp-content\/uploads\/2023\/11\/AdobeStock_283382638-768x550.jpeg\" class=\"attachment-medium_large size-medium_large wp-image-37661\" alt=\"Recours squatteur\" srcset=\"https:\/\/www.smovin.app\/wp-content\/uploads\/2023\/11\/AdobeStock_283382638-768x550.jpeg 768w, https:\/\/www.smovin.app\/wp-content\/uploads\/2023\/11\/AdobeStock_283382638-300x215.jpeg 300w, https:\/\/www.smovin.app\/wp-content\/uploads\/2023\/11\/AdobeStock_283382638-1024x734.jpeg 1024w, https:\/\/www.smovin.app\/wp-content\/uploads\/2023\/11\/AdobeStock_283382638-1536x1100.jpeg 1536w, https:\/\/www.smovin.app\/wp-content\/uploads\/2023\/11\/AdobeStock_283382638-2048x1467.jpeg 2048w\" sizes=\"(max-width: 768px) 100vw, 768px\" \/><\/div>\n\t\t<\/a>\n\t\t\t\t<div class=\"elementor-post__text\">\n\t\t\t\t<h2 class=\"elementor-post__title\">\n\t\t\t<a href=\"https:\/\/www.smovin.app\/fr-be\/expulsion-locataire\/squat\/\" >\n\t\t\t\tPropri\u00e9taire : quels recours contre les squatteurs ?\t\t\t<\/a>\n\t\t<\/h2>\n\t\t\t\t<div class=\"elementor-post__meta-data\">\n\t\t\t\t\t<span class=\"elementor-post-date\">\n\t\t\t22 November 2024\t\t<\/span>\n\t\t\t\t<\/div>\n\t\t\t\t<div class=\"elementor-post__excerpt\">\n\t\t\t<p>Avec des affaires de plus en plus courantes et m\u00e9diatis\u00e9es, les squatteurs sont devenus la hantise des propri\u00e9taires.&nbsp; Il est<\/p>\n\t\t<\/div>\n\t\t\t\t<\/div>\n\t\t\t\t<\/article>\n\t\t\t\t<article class=\"elementor-post elementor-grid-item post-11034 page type-page status-publish has-post-thumbnail hentry category-blog tag-expulsion tag-seo\" role=\"listitem\">\n\t\t\t\t<a class=\"elementor-post__thumbnail__link\" href=\"https:\/\/www.smovin.app\/fr-be\/expulsion-locataire\/treve-hivernale\/\" tabindex=\"-1\" >\n\t\t\t<div class=\"elementor-post__thumbnail\"><img decoding=\"async\" width=\"768\" height=\"512\" src=\"https:\/\/www.smovin.app\/wp-content\/uploads\/2022\/09\/AdobeStock_305423807-768x512.jpeg\" class=\"attachment-medium_large size-medium_large wp-image-18829\" alt=\"Tr\u00eave hivernale\" srcset=\"https:\/\/www.smovin.app\/wp-content\/uploads\/2022\/09\/AdobeStock_305423807-768x512.jpeg 768w, https:\/\/www.smovin.app\/wp-content\/uploads\/2022\/09\/AdobeStock_305423807-300x200.jpeg 300w, https:\/\/www.smovin.app\/wp-content\/uploads\/2022\/09\/AdobeStock_305423807-1024x683.jpeg 1024w, https:\/\/www.smovin.app\/wp-content\/uploads\/2022\/09\/AdobeStock_305423807-1536x1024.jpeg 1536w, https:\/\/www.smovin.app\/wp-content\/uploads\/2022\/09\/AdobeStock_305423807-2048x1365.jpeg 2048w\" sizes=\"(max-width: 768px) 100vw, 768px\" \/><\/div>\n\t\t<\/a>\n\t\t\t\t<div class=\"elementor-post__text\">\n\t\t\t\t<h2 class=\"elementor-post__title\">\n\t\t\t<a href=\"https:\/\/www.smovin.app\/fr-be\/expulsion-locataire\/treve-hivernale\/\" >\n\t\t\t\tImmobilier locatif, tout savoir sur la tr\u00eave hivernale en Belgique\t\t\t<\/a>\n\t\t<\/h2>\n\t\t\t\t<div class=\"elementor-post__meta-data\">\n\t\t\t\t\t<span class=\"elementor-post-date\">\n\t\t\t6 March 2024\t\t<\/span>\n\t\t\t\t<\/div>\n\t\t\t\t<div class=\"elementor-post__excerpt\">\n\t\t\t<p>La tr\u00eave hivernale peut refroidir plus d\u2019un propri\u00e9taire \u00e0 l\u2019approche de l\u2019hiver. Nous allons voir comment elle fonctionne et quelles<\/p>\n\t\t<\/div>\n\t\t\t\t<\/div>\n\t\t\t\t<\/article>\n\t\t\t\t<\/div>\n\t\t\n\t\t\t\t\t\t<\/div>\n\t\t\t\t<\/div>\n\t\t\t\t\t<\/div>\n\t\t<\/div>\n\t\t\t\t\t<\/div>\n\t\t<\/section>\n\t\t\t\t<\/div>\n\t\t","protected":false},"excerpt":{"rendered":"<p>Nos articles sur l&#8217;expulsion d&#8217;un locataire Lorsqu\u2019un locataire ne paie plus son loyer ou nuit au bien qu\u2019il occupe, le [&hellip;]<\/p>\n","protected":false},"author":208846801,"featured_media":14213,"parent":0,"menu_order":0,"comment_status":"closed","ping_status":"closed","template":"","meta":{"_acf_changed":false,"content-type":"","site-sidebar-layout":"no-sidebar","site-content-layout":"page-builder","ast-site-content-layout":"default","site-content-style":"default","site-sidebar-style":"default","ast-global-header-display":"","ast-banner-title-visibility":"","ast-main-header-display":"","ast-hfb-above-header-display":"","ast-hfb-below-header-display":"","ast-hfb-mobile-header-display":"","site-post-title":"disabled","ast-breadcrumbs-content":"","ast-featured-img":"disabled","footer-sml-layout":"","ast-disable-related-posts":"","theme-transparent-header-meta":"","adv-header-id-meta":"","stick-header-meta":"","header-above-stick-meta":"","header-main-stick-meta":"","header-below-stick-meta":"","astra-migrate-meta-layouts":"default","ast-page-background-enabled":"default","ast-page-background-meta":{"desktop":{"background-color":"var(--ast-global-color-5)","background-image":"","background-repeat":"repeat","background-position":"center center","background-size":"auto","background-attachment":"scroll","background-type":"","background-media":"","overlay-type":"","overlay-color":"","overlay-opacity":"","overlay-gradient":""},"tablet":{"background-color":"","background-image":"","background-repeat":"repeat","background-position":"center center","background-size":"auto","background-attachment":"scroll","background-type":"","background-media":"","overlay-type":"","overlay-color":"","overlay-opacity":"","overlay-gradient":""},"mobile":{"background-color":"","background-image":"","background-repeat":"repeat","background-position":"center center","background-size":"auto","background-attachment":"scroll","background-type":"","background-media":"","overlay-type":"","overlay-color":"","overlay-opacity":"","overlay-gradient":""}},"ast-content-background-meta":{"desktop":{"background-color":"var(--ast-global-color-4)","background-image":"","background-repeat":"repeat","background-position":"center center","background-size":"auto","background-attachment":"scroll","background-type":"","background-media":"","overlay-type":"","overlay-color":"","overlay-opacity":"","overlay-gradient":""},"tablet":{"background-color":"var(--ast-global-color-4)","background-image":"","background-repeat":"repeat","background-position":"center center","background-size":"auto","background-attachment":"scroll","background-type":"","background-media":"","overlay-type":"","overlay-color":"","overlay-opacity":"","overlay-gradient":""},"mobile":{"background-color":"var(--ast-global-color-4)","background-image":"","background-repeat":"repeat","background-position":"center center","background-size":"auto","background-attachment":"scroll","background-type":"","background-media":"","overlay-type":"","overlay-color":"","overlay-opacity":"","overlay-gradient":""}},"cybocfi_hide_featured_image":"","footnotes":""},"categories":[],"tags":[],"class_list":["post-31247","page","type-page","status-publish","has-post-thumbnail","hentry"],"acf":[],"yoast_head":"<!-- This site is optimized with the Yoast SEO plugin v27.4 - https:\/\/yoast.com\/product\/yoast-seo-wordpress\/ -->\n<title>Nos articles sur l&#039;expulsion\u200b | Smovin<\/title>\n<meta name=\"description\" content=\"Retrouvez ici, tout ce qu&#039;il faut savoir sur l&#039;expulsion d&#039;un locataire : tr\u00eave hivernale, squatteurs, etc.\" \/>\n<meta name=\"robots\" content=\"index, follow, max-snippet:-1, max-image-preview:large, max-video-preview:-1\" \/>\n<link rel=\"canonical\" href=\"https:\/\/www.smovin.app\/fr-be\/articles-expulsion-locataire\/\" \/>\n<meta property=\"og:locale\" content=\"fr_FR\" \/>\n<meta property=\"og:type\" content=\"article\" \/>\n<meta property=\"og:title\" content=\"Nos articles sur l&#039;expulsion\u200b | Smovin\" \/>\n<meta property=\"og:description\" content=\"Retrouvez ici, tout ce qu&#039;il faut savoir sur l&#039;expulsion d&#039;un locataire : tr\u00eave hivernale, squatteurs, etc.\" \/>\n<meta property=\"og:url\" content=\"https:\/\/www.smovin.app\/fr-be\/articles-expulsion-locataire\/\" \/>\n<meta property=\"og:site_name\" content=\"Smovin | Focus on what really matters\" \/>\n<meta property=\"article:modified_time\" content=\"2024-03-20T14:35:09+00:00\" \/>\n<meta property=\"og:image\" content=\"https:\/\/www.smovin.app\/wp-content\/uploads\/2022\/01\/AdobeStock_134671118-scaled.jpeg\" \/>\n\t<meta property=\"og:image:width\" content=\"2560\" \/>\n\t<meta property=\"og:image:height\" content=\"1707\" \/>\n\t<meta property=\"og:image:type\" content=\"image\/jpeg\" \/>\n<meta name=\"twitter:card\" content=\"summary_large_image\" \/>\n<meta name=\"twitter:label1\" content=\"Est. reading time\" \/>\n\t<meta name=\"twitter:data1\" content=\"2 minutes\" \/>\n<script type=\"application\/ld+json\" class=\"yoast-schema-graph\">{\"@context\":\"https:\\\/\\\/schema.org\",\"@graph\":[{\"@type\":\"WebPage\",\"@id\":\"https:\\\/\\\/www.smovin.app\\\/fr-be\\\/articles-expulsion-locataire\\\/\",\"url\":\"https:\\\/\\\/www.smovin.app\\\/fr-be\\\/articles-expulsion-locataire\\\/\",\"name\":\"Nos articles sur l'expulsion\u200b | Smovin\",\"isPartOf\":{\"@id\":\"https:\\\/\\\/www.smovin.app\\\/fr-be\\\/#website\"},\"primaryImageOfPage\":{\"@id\":\"https:\\\/\\\/www.smovin.app\\\/fr-be\\\/articles-expulsion-locataire\\\/#primaryimage\"},\"image\":{\"@id\":\"https:\\\/\\\/www.smovin.app\\\/fr-be\\\/articles-expulsion-locataire\\\/#primaryimage\"},\"thumbnailUrl\":\"https:\\\/\\\/www.smovin.app\\\/wp-content\\\/uploads\\\/2022\\\/01\\\/AdobeStock_134671118-scaled.jpeg\",\"datePublished\":\"2023-05-16T14:22:18+00:00\",\"dateModified\":\"2024-03-20T14:35:09+00:00\",\"description\":\"Retrouvez ici, tout ce qu'il faut savoir sur l'expulsion d'un locataire : tr\u00eave hivernale, squatteurs, etc.\",\"breadcrumb\":{\"@id\":\"https:\\\/\\\/www.smovin.app\\\/fr-be\\\/articles-expulsion-locataire\\\/#breadcrumb\"},\"inLanguage\":\"fr-be\",\"potentialAction\":[{\"@type\":\"ReadAction\",\"target\":[\"https:\\\/\\\/www.smovin.app\\\/fr-be\\\/articles-expulsion-locataire\\\/\"]}]},{\"@type\":\"ImageObject\",\"inLanguage\":\"fr-be\",\"@id\":\"https:\\\/\\\/www.smovin.app\\\/fr-be\\\/articles-expulsion-locataire\\\/#primaryimage\",\"url\":\"https:\\\/\\\/www.smovin.app\\\/wp-content\\\/uploads\\\/2022\\\/01\\\/AdobeStock_134671118-scaled.jpeg\",\"contentUrl\":\"https:\\\/\\\/www.smovin.app\\\/wp-content\\\/uploads\\\/2022\\\/01\\\/AdobeStock_134671118-scaled.jpeg\",\"width\":2560,\"height\":1707,\"caption\":\"Expulsion gestion locative\"},{\"@type\":\"BreadcrumbList\",\"@id\":\"https:\\\/\\\/www.smovin.app\\\/fr-be\\\/articles-expulsion-locataire\\\/#breadcrumb\",\"itemListElement\":[{\"@type\":\"ListItem\",\"position\":1,\"name\":\"Accueil\",\"item\":\"https:\\\/\\\/www.smovin.app\\\/fr-be\\\/\"},{\"@type\":\"ListItem\",\"position\":2,\"name\":\"Nos articles sur l&#8217;expulsion\u200b\"}]},{\"@type\":\"WebSite\",\"@id\":\"https:\\\/\\\/www.smovin.app\\\/fr-be\\\/#website\",\"url\":\"https:\\\/\\\/www.smovin.app\\\/fr-be\\\/\",\"name\":\"Smovin | Focus on what really matters\",\"description\":\"Application de gestion locative puissante et intuitive pour investisseurs immobiliers.\",\"publisher\":{\"@id\":\"https:\\\/\\\/www.smovin.app\\\/fr-be\\\/#organization\"},\"potentialAction\":[{\"@type\":\"SearchAction\",\"target\":{\"@type\":\"EntryPoint\",\"urlTemplate\":\"https:\\\/\\\/www.smovin.app\\\/fr-be\\\/?s={search_term_string}\"},\"query-input\":{\"@type\":\"PropertyValueSpecification\",\"valueRequired\":true,\"valueName\":\"search_term_string\"}}],\"inLanguage\":\"fr-be\"},{\"@type\":\"Organization\",\"@id\":\"https:\\\/\\\/www.smovin.app\\\/fr-be\\\/#organization\",\"name\":\"Smovin\",\"url\":\"https:\\\/\\\/www.smovin.app\\\/fr-be\\\/\",\"logo\":{\"@type\":\"ImageObject\",\"inLanguage\":\"fr-be\",\"@id\":\"https:\\\/\\\/www.smovin.app\\\/fr-be\\\/#\\\/schema\\\/logo\\\/image\\\/\",\"url\":\"https:\\\/\\\/www.smovin.app\\\/wp-content\\\/uploads\\\/2021\\\/07\\\/LogoSmovinColors.svg\",\"contentUrl\":\"https:\\\/\\\/www.smovin.app\\\/wp-content\\\/uploads\\\/2021\\\/07\\\/LogoSmovinColors.svg\",\"width\":540,\"height\":103,\"caption\":\"Smovin\"},\"image\":{\"@id\":\"https:\\\/\\\/www.smovin.app\\\/fr-be\\\/#\\\/schema\\\/logo\\\/image\\\/\"}}]}<\/script>\n<!-- \/ Yoast SEO plugin. -->","yoast_head_json":{"title":"Nos articles sur l'expulsion\u200b | Smovin","description":"Retrouvez ici, tout ce qu'il faut savoir sur l'expulsion d'un locataire : tr\u00eave hivernale, squatteurs, etc.","robots":{"index":"index","follow":"follow","max-snippet":"max-snippet:-1","max-image-preview":"max-image-preview:large","max-video-preview":"max-video-preview:-1"},"canonical":"https:\/\/www.smovin.app\/fr-be\/articles-expulsion-locataire\/","og_locale":"fr_FR","og_type":"article","og_title":"Nos articles sur l'expulsion\u200b | Smovin","og_description":"Retrouvez ici, tout ce qu'il faut savoir sur l'expulsion d'un locataire : tr\u00eave hivernale, squatteurs, etc.","og_url":"https:\/\/www.smovin.app\/fr-be\/articles-expulsion-locataire\/","og_site_name":"Smovin | Focus on what really matters","article_modified_time":"2024-03-20T14:35:09+00:00","og_image":[{"width":2560,"height":1707,"url":"https:\/\/www.smovin.app\/wp-content\/uploads\/2022\/01\/AdobeStock_134671118-scaled.jpeg","type":"image\/jpeg"}],"twitter_card":"summary_large_image","twitter_misc":{"Est. reading time":"2 minutes"},"schema":{"@context":"https:\/\/schema.org","@graph":[{"@type":"WebPage","@id":"https:\/\/www.smovin.app\/fr-be\/articles-expulsion-locataire\/","url":"https:\/\/www.smovin.app\/fr-be\/articles-expulsion-locataire\/","name":"Nos articles sur l'expulsion\u200b | Smovin","isPartOf":{"@id":"https:\/\/www.smovin.app\/fr-be\/#website"},"primaryImageOfPage":{"@id":"https:\/\/www.smovin.app\/fr-be\/articles-expulsion-locataire\/#primaryimage"},"image":{"@id":"https:\/\/www.smovin.app\/fr-be\/articles-expulsion-locataire\/#primaryimage"},"thumbnailUrl":"https:\/\/www.smovin.app\/wp-content\/uploads\/2022\/01\/AdobeStock_134671118-scaled.jpeg","datePublished":"2023-05-16T14:22:18+00:00","dateModified":"2024-03-20T14:35:09+00:00","description":"Retrouvez ici, tout ce qu'il faut savoir sur l'expulsion d'un locataire : tr\u00eave hivernale, squatteurs, etc.","breadcrumb":{"@id":"https:\/\/www.smovin.app\/fr-be\/articles-expulsion-locataire\/#breadcrumb"},"inLanguage":"fr-be","potentialAction":[{"@type":"ReadAction","target":["https:\/\/www.smovin.app\/fr-be\/articles-expulsion-locataire\/"]}]},{"@type":"ImageObject","inLanguage":"fr-be","@id":"https:\/\/www.smovin.app\/fr-be\/articles-expulsion-locataire\/#primaryimage","url":"https:\/\/www.smovin.app\/wp-content\/uploads\/2022\/01\/AdobeStock_134671118-scaled.jpeg","contentUrl":"https:\/\/www.smovin.app\/wp-content\/uploads\/2022\/01\/AdobeStock_134671118-scaled.jpeg","width":2560,"height":1707,"caption":"Expulsion gestion locative"},{"@type":"BreadcrumbList","@id":"https:\/\/www.smovin.app\/fr-be\/articles-expulsion-locataire\/#breadcrumb","itemListElement":[{"@type":"ListItem","position":1,"name":"Accueil","item":"https:\/\/www.smovin.app\/fr-be\/"},{"@type":"ListItem","position":2,"name":"Nos articles sur l&#8217;expulsion\u200b"}]},{"@type":"WebSite","@id":"https:\/\/www.smovin.app\/fr-be\/#website","url":"https:\/\/www.smovin.app\/fr-be\/","name":"Smovin | Focus on what really matters","description":"Application de gestion locative puissante et intuitive pour investisseurs immobiliers.","publisher":{"@id":"https:\/\/www.smovin.app\/fr-be\/#organization"},"potentialAction":[{"@type":"SearchAction","target":{"@type":"EntryPoint","urlTemplate":"https:\/\/www.smovin.app\/fr-be\/?s={search_term_string}"},"query-input":{"@type":"PropertyValueSpecification","valueRequired":true,"valueName":"search_term_string"}}],"inLanguage":"fr-be"},{"@type":"Organization","@id":"https:\/\/www.smovin.app\/fr-be\/#organization","name":"Smovin","url":"https:\/\/www.smovin.app\/fr-be\/","logo":{"@type":"ImageObject","inLanguage":"fr-be","@id":"https:\/\/www.smovin.app\/fr-be\/#\/schema\/logo\/image\/","url":"https:\/\/www.smovin.app\/wp-content\/uploads\/2021\/07\/LogoSmovinColors.svg","contentUrl":"https:\/\/www.smovin.app\/wp-content\/uploads\/2021\/07\/LogoSmovinColors.svg","width":540,"height":103,"caption":"Smovin"},"image":{"@id":"https:\/\/www.smovin.app\/fr-be\/#\/schema\/logo\/image\/"}}]}},"_links":{"self":[{"href":"https:\/\/www.smovin.app\/fr-be\/wp-json\/wp\/v2\/pages\/31247","targetHints":{"allow":["GET"]}}],"collection":[{"href":"https:\/\/www.smovin.app\/fr-be\/wp-json\/wp\/v2\/pages"}],"about":[{"href":"https:\/\/www.smovin.app\/fr-be\/wp-json\/wp\/v2\/types\/page"}],"author":[{"embeddable":true,"href":"https:\/\/www.smovin.app\/fr-be\/wp-json\/wp\/v2\/users\/208846801"}],"replies":[{"embeddable":true,"href":"https:\/\/www.smovin.app\/fr-be\/wp-json\/wp\/v2\/comments?post=31247"}],"version-history":[{"count":0,"href":"https:\/\/www.smovin.app\/fr-be\/wp-json\/wp\/v2\/pages\/31247\/revisions"}],"wp:featuredmedia":[{"embeddable":true,"href":"https:\/\/www.smovin.app\/fr-be\/wp-json\/wp\/v2\/media\/14213"}],"wp:attachment":[{"href":"https:\/\/www.smovin.app\/fr-be\/wp-json\/wp\/v2\/media?parent=31247"}],"wp:term":[{"taxonomy":"category","embeddable":true,"href":"https:\/\/www.smovin.app\/fr-be\/wp-json\/wp\/v2\/categories?post=31247"},{"taxonomy":"post_tag","embeddable":true,"href":"https:\/\/www.smovin.app\/fr-be\/wp-json\/wp\/v2\/tags?post=31247"}],"curies":[{"name":"wp","href":"https:\/\/api.w.org\/{rel}","templated":true}]}}