{"id":27954,"date":"2023-03-30T16:34:33","date_gmt":"2023-03-30T14:34:33","guid":{"rendered":"https:\/\/www.smovin.app\/?page_id=27954"},"modified":"2023-07-11T16:04:24","modified_gmt":"2023-07-11T14:04:24","slug":"elementor-27954","status":"publish","type":"page","link":"https:\/\/www.smovin.app\/fr-be\/elementor-27954\/","title":{"rendered":"Calcul rentabilit\u00e9"},"content":{"rendered":"\t\t<div data-elementor-type=\"wp-page\" data-elementor-id=\"27954\" class=\"elementor elementor-27954\" data-elementor-post-type=\"page\">\n\t\t\t\t\t\t<section class=\"elementor-section elementor-top-section elementor-element elementor-element-b60b585 elementor-section-boxed elementor-section-height-default elementor-section-height-default\" data-id=\"b60b585\" data-element_type=\"section\" data-e-type=\"section\">\n\t\t\t\t\t\t<div class=\"elementor-container elementor-column-gap-default\">\n\t\t\t\t\t<div class=\"elementor-column elementor-col-33 elementor-top-column elementor-element elementor-element-ea0ba9f\" data-id=\"ea0ba9f\" data-element_type=\"column\" data-e-type=\"column\">\n\t\t\t<div class=\"elementor-widget-wrap\">\n\t\t\t\t\t\t\t<\/div>\n\t\t<\/div>\n\t\t\t\t<div class=\"elementor-column elementor-col-33 elementor-top-column elementor-element elementor-element-15913db\" data-id=\"15913db\" data-element_type=\"column\" data-e-type=\"column\">\n\t\t\t<div class=\"elementor-widget-wrap elementor-element-populated\">\n\t\t\t\t\t\t<div class=\"elementor-element elementor-element-f82e712 elementor-widget elementor-widget-heading\" data-id=\"f82e712\" data-element_type=\"widget\" data-e-type=\"widget\" data-widget_type=\"heading.default\">\n\t\t\t\t<div class=\"elementor-widget-container\">\n\t\t\t\t\t<h1 class=\"elementor-heading-title elementor-size-default\">Calculez votre rendement \n<br>locatif net<\/h1>\t\t\t\t<\/div>\n\t\t\t\t<\/div>\n\t\t\t\t\t<\/div>\n\t\t<\/div>\n\t\t\t\t<div class=\"elementor-column elementor-col-33 elementor-top-column elementor-element elementor-element-6fd78a0\" data-id=\"6fd78a0\" data-element_type=\"column\" data-e-type=\"column\">\n\t\t\t<div class=\"elementor-widget-wrap elementor-element-populated\">\n\t\t\t\t\t\t<div class=\"elementor-element elementor-element-6558ced elementor-widget elementor-widget-image\" data-id=\"6558ced\" data-element_type=\"widget\" data-e-type=\"widget\" data-widget_type=\"image.default\">\n\t\t\t\t<div class=\"elementor-widget-container\">\n\t\t\t\t\t\t\t\t\t\t\t\t\t\t\t<img fetchpriority=\"high\" decoding=\"async\" width=\"768\" height=\"768\" src=\"https:\/\/www.smovin.app\/wp-content\/uploads\/2022\/09\/Calculette.png\" class=\"attachment-large size-large wp-image-18481\" alt=\"Calculette\" srcset=\"https:\/\/www.smovin.app\/wp-content\/uploads\/2022\/09\/Calculette.png 768w, https:\/\/www.smovin.app\/wp-content\/uploads\/2022\/09\/Calculette-300x300.png 300w, https:\/\/www.smovin.app\/wp-content\/uploads\/2022\/09\/Calculette-150x150.png 150w\" sizes=\"(max-width: 768px) 100vw, 768px\" \/>\t\t\t\t\t\t\t\t\t\t\t\t\t\t\t<\/div>\n\t\t\t\t<\/div>\n\t\t\t\t\t<\/div>\n\t\t<\/div>\n\t\t\t\t\t<\/div>\n\t\t<\/section>\n\t\t\t\t<section class=\"elementor-section elementor-top-section elementor-element elementor-element-af7527d elementor-section-boxed elementor-section-height-default elementor-section-height-default\" data-id=\"af7527d\" data-element_type=\"section\" data-e-type=\"section\" data-settings=\"{&quot;background_background&quot;:&quot;classic&quot;}\">\n\t\t\t\t\t\t<div class=\"elementor-container elementor-column-gap-default\">\n\t\t\t\t\t<div class=\"elementor-column elementor-col-100 elementor-top-column elementor-element elementor-element-152cb90\" data-id=\"152cb90\" data-element_type=\"column\" data-e-type=\"column\" data-settings=\"{&quot;background_background&quot;:&quot;classic&quot;}\">\n\t\t\t<div class=\"elementor-widget-wrap elementor-element-populated\">\n\t\t\t\t\t\t<div class=\"elementor-element elementor-element-8b723f0 elementor-widget__width-auto elementor-widget elementor-widget-html\" data-id=\"8b723f0\" data-element_type=\"widget\" data-e-type=\"widget\" data-widget_type=\"html.default\">\n\t\t\t\t<div class=\"elementor-widget-container\">\n\t\t\t\t\t<!DOCTYPE html>\n<html>\n<head>\n    \n\t<style>\n\t\t\n\t\tinput {\n\t\t\theight: 40px !important;\n\t\t\twidth: 350px!important;\n\t\t}\n\t\t\n\t\t\n\t\tbutton {\n            background-color: #FF744E!important;\n            transition: transform 0.3s ease-in-out;\n            margin-top: 40px;\n            text-align: center!important;\n            text-transform: none;\n\t\t}\n\t\t\n        button:hover {\n\t\t\tbox-shadow: none!important;\n\t\t\ttransform: scale(1.05);\n        }\n\t\t\n\t\tbutton:active {\n            box-shadow: none!important;\n            \n        }\n        h2 {\n            font-size: 30px!important;\n            margin-bottom: -20px!important;\n        }\n        \n        #result {\n            margin-top: 50px;\n            font-size: 20px !important;\n        }\n        \n        .result-number {\n          font-size: 100px !important;\n        }\n        \n\n\t\t.tooltip {\n\t\t\tposition: relative;\n\t\t\tdisplay: inline-block;\n\t\t}\n\n\t\t.big-number {\n\t\t\tfont-size: 50px;\n\t\t\tfont-weight: bold;\n\t\t\tcolor: #FF744E;\n\t\t\tmargin-top: 10px;\n\t\t\tmargin-bottom: 30px;\n\t\t}\n\t\n\n\t<\/style>\n\t\n<\/head>\n\n<body>\n    \n<h2 id=\"montant-total-de-lachat\"><a href=\"#montant-total-de-lachat\" class=\"heading-link\"><i class=\"glyphicon glyphicon-link\"><\/i><\/a>Montant total de l'achat<\/h2>\n\n<form id=\"form\">\n\t\t\n\t<label for=\"prixAchat\">Prix d'achat<\/label>\n\t    <br>\n\t\t\n\t<input type=\"number\" \n\t\t       id=\"prixAchat\" \n\t\t       name=\"prixAchat\" required\n\t\t       value=\"130000\"><br>\n\n\t\n\t<label for=\"fraisEnr\">Frais, droits et honoraires<\/label>\n\t\n\n\n\t    <div class=\"tooltip\"> \n\n        <img decoding=\"async\" src=\"https:\/\/www.smovin.app\/wp-content\/uploads\/2023\/03\/Capture-decran-2023-03-01-a-11.43.32.png\" style=\"width:13px;height:13px;margin-left:5px\">   \n\n\t    <span class=\"tooltiptext\"  style=\"background:#414155;width:220px;height:#190px;margin-left:15px;margin-bottom:-270px;font-size:12px;line-height:1.5;padding:15px;text-align:left\">\n\n\t\tCeci comprend les frais d'honoraires, d'enregistrements de la transcription hypoth\u00e9caire, les droits \u00e9criture et enregistrements, les recherches hypoth\u00e9caires et autres frais divers. Ils se situent g\u00e9n\u00e9ralement autour des 12%, mais d\u00e9pendent un certain nombre d'\u00e9l\u00e9ments tels que la r\u00e9gion, si vous contractez un emprunt, si vous \u00eates primo acqu\u00e9rant, etc. <\/span>  \n\n<\/div>\n\t\n\t<br>\t\n\t\n\t<input type=\"number\" \n\t\tid=\"fraisEnr\" \n\t\tname=\"fraisEnr\" required\n\t\tvalue=\"25500\"><br>\n\t\t\n\t\t<label for=\"coutTravaux\">Co\u00fbts des travaux \u00e9ventuels <\/label>\n\t\t<br>\n\t\t<input type=\"number\" \n\t\tid=\"coutTravaux\" \n\t\tname=\"coutTravaux\" required\n\t\tvalue=\"30000\"><br>\n\t\t\n<h2 id=\"charges-annuelles\"><a href=\"#charges-annuelles\" class=\"heading-link\"><i class=\"glyphicon glyphicon-link\"><\/i><\/a>Charges annuelles<\/h2>\n\t\n\t<label for=\"precompteImmo\">Pr\u00e9compte immobilier<\/label>\n\t    <br>\n\n\t\t<input type=\"number\" \n\t\tid=\"precompteImmo\" \n\t\tname=\"precompteImmo\" required\n\t\tvalue=\"1000\"><br>\n\t\t\n\t\t\n\t<label for=\"chargesCop\">Charges de copropri\u00e9t\u00e9 annuelles<\/label>\n\t    <br>\n\n\t\t<input type=\"number\" \n\t\tid=\"chargesCop\" \n\t\tname=\"chargesCop\" required\n\t\tvalue=\"1000\"><br>\n\t\t\n\t<label for=\"autresCharges\">Autres charges annuelles<\/label>\n\t    <br>\n\n\t\t<input type=\"number\" \n\t\tid=\"autresCharges\" \n\t\tname=\"autresCharges\" required\n\t\tvalue=\"1000\"><br>\n\t\t\n<h2 id=\"loyer\"><a href=\"#loyer\" class=\"heading-link\"><i class=\"glyphicon glyphicon-link\"><\/i><\/a>Loyer<\/h2>\n\t\t\n\t\t<label for=\"loyerMensuel\">Loyer mensuel<\/label>\n\t\t<br>\n\t\t<input type=\"number\" \n\t\tid=\"loyerMensuel\" \n\t\tname=\"loyerMensuel\" required\n\t\tvalue=\"1410\"><br>\n\t\t\n\n\t\t<center><button type=\"submit\">Calculer le rendement<\/button><\/center>\n\t<\/form>\n\t\n\n\t<div id=\"result\"><\/div>\n\n    <script>\n\t\tconst form = document.getElementById(\"form\");\n  \n  \n\t\tform.addEventListener(\"submit\", function(event) {\n\t\t\tevent.preventDefault();\n\n  \/\/ R\u00e9cup\u00e9rer les valeurs des champs de formulaire\n\n\t\t\t\n\t\t\tconst prixAchat = parseInt(document.getElementById(\"prixAchat\").value);\n\t\t\tconst fraisEnr = parseInt(document.getElementById(\"fraisEnr\").value);\n\t\t\tconst coutTravaux = parseInt(document.getElementById(\"coutTravaux\").value);\n\t\t\tconst precompteImmo = parseInt(document.getElementById(\"precompteImmo\").value);\n\t\t\tconst chargesCop = parseInt(document.getElementById(\"chargesCop\").value);\n\t\t\tconst autresCharges = parseInt(document.getElementById(\"autresCharges\").value);\n\t\t\tconst loyerMensuel = parseInt(document.getElementById(\"loyerMensuel\").value);\n\n\t    \/\/ Calculer le rendement\n\n\t\t\tconst rendement = ((loyerMensuel * 12- precompteImmo - chargesCop - autresCharges) \/ (prixAchat + fraisEnr + coutTravaux)) * 100;\n\n\t\t\tconst result = document.getElementById(\"result\");\n\t\t\t\n\n\t\t\tresult.innerHTML = `Le rendement de votre investissement <br> immobilier est de\n\t\t\t<b>\n\t\t\t${rendement.toFixed(2)}%.`;\n\t\t});\n\t<\/script>\n<\/body>\n<\/html>\n\t\t\t\t<\/div>\n\t\t\t\t<\/div>\n\t\t\t\t\t<\/div>\n\t\t<\/div>\n\t\t\t\t\t<\/div>\n\t\t<\/section>\n\t\t\t\t<section class=\"elementor-section elementor-top-section elementor-element elementor-element-d8d5eef elementor-section-boxed elementor-section-height-default elementor-section-height-default\" data-id=\"d8d5eef\" data-element_type=\"section\" data-e-type=\"section\">\n\t\t\t\t\t\t<div class=\"elementor-container elementor-column-gap-default\">\n\t\t\t\t\t<div class=\"elementor-column elementor-col-100 elementor-top-column elementor-element elementor-element-0335378\" data-id=\"0335378\" data-element_type=\"column\" data-e-type=\"column\">\n\t\t\t<div class=\"elementor-widget-wrap elementor-element-populated\">\n\t\t\t\t\t\t<div class=\"elementor-element elementor-element-b30b8c7 elementor-widget elementor-widget-html\" data-id=\"b30b8c7\" data-element_type=\"widget\" data-e-type=\"widget\" data-widget_type=\"html.default\">\n\t\t\t\t<div class=\"elementor-widget-container\">\n\t\t\t\t\t<!-- Frill Widget (https:\/\/frill.co) -->\n<div data-frill-widget=\"7cb3e714-e774-4302-9735-676572526276\" style=\"width: 1000px; height: 460px;\"><\/div>\n<script async src=\"https:\/\/widget.frill.co\/v2\/widget.js\"><\/script>\n<!-- End Frill Widget -->\t\t\t\t<\/div>\n\t\t\t\t<\/div>\n\t\t\t\t<div class=\"elementor-element elementor-element-7500823 elementor-widget elementor-widget-heading\" data-id=\"7500823\" data-element_type=\"widget\" data-e-type=\"widget\" data-widget_type=\"heading.default\">\n\t\t\t\t<div class=\"elementor-widget-container\">\n\t\t\t\t\t<h2 class=\"elementor-heading-title elementor-size-default\" class=\"elementor-heading-title elementor-size-default\" id=\"free\"><a href=\"#free\" class=\"heading-link\"><i class=\"glyphicon glyphicon-link\"><\/i><\/a>Free<\/h2>\t\t\t\t<\/div>\n\t\t\t\t<\/div>\n\t\t\t\t\t<\/div>\n\t\t<\/div>\n\t\t\t\t\t<\/div>\n\t\t<\/section>\n\t\t\t\t<\/div>\n\t\t","protected":false},"excerpt":{"rendered":"<p>Calculez votre rendement locatif net Montant total de l&#8217;achat Prix d&#8217;achat Frais, droits et honoraires Ceci comprend les frais d&#8217;honoraires, [&hellip;]<\/p>\n","protected":false},"author":208846801,"featured_media":0,"parent":0,"menu_order":0,"comment_status":"closed","ping_status":"closed","template":"","meta":{"_acf_changed":false,"content-type":"","site-sidebar-layout":"no-sidebar","site-content-layout":"page-builder","ast-site-content-layout":"default","site-content-style":"default","site-sidebar-style":"default","ast-global-header-display":"","ast-banner-title-visibility":"","ast-main-header-display":"","ast-hfb-above-header-display":"","ast-hfb-below-header-display":"","ast-hfb-mobile-header-display":"","site-post-title":"disabled","ast-breadcrumbs-content":"","ast-featured-img":"disabled","footer-sml-layout":"","ast-disable-related-posts":"","theme-transparent-header-meta":"","adv-header-id-meta":"","stick-header-meta":"","header-above-stick-meta":"","header-main-stick-meta":"","header-below-stick-meta":"","astra-migrate-meta-layouts":"default","ast-page-background-enabled":"default","ast-page-background-meta":{"desktop":{"background-color":"var(--ast-global-color-5)","background-image":"","background-repeat":"repeat","background-position":"center center","background-size":"auto","background-attachment":"scroll","background-type":"","background-media":"","overlay-type":"","overlay-color":"","overlay-opacity":"","overlay-gradient":""},"tablet":{"background-color":"","background-image":"","background-repeat":"repeat","background-position":"center center","background-size":"auto","background-attachment":"scroll","background-type":"","background-media":"","overlay-type":"","overlay-color":"","overlay-opacity":"","overlay-gradient":""},"mobile":{"background-color":"","background-image":"","background-repeat":"repeat","background-position":"center center","background-size":"auto","background-attachment":"scroll","background-type":"","background-media":"","overlay-type":"","overlay-color":"","overlay-opacity":"","overlay-gradient":""}},"ast-content-background-meta":{"desktop":{"background-color":"var(--ast-global-color-4)","background-image":"","background-repeat":"repeat","background-position":"center center","background-size":"auto","background-attachment":"scroll","background-type":"","background-media":"","overlay-type":"","overlay-color":"","overlay-opacity":"","overlay-gradient":""},"tablet":{"background-color":"var(--ast-global-color-4)","background-image":"","background-repeat":"repeat","background-position":"center center","background-size":"auto","background-attachment":"scroll","background-type":"","background-media":"","overlay-type":"","overlay-color":"","overlay-opacity":"","overlay-gradient":""},"mobile":{"background-color":"var(--ast-global-color-4)","background-image":"","background-repeat":"repeat","background-position":"center center","background-size":"auto","background-attachment":"scroll","background-type":"","background-media":"","overlay-type":"","overlay-color":"","overlay-opacity":"","overlay-gradient":""}},"cybocfi_hide_featured_image":"","footnotes":""},"categories":[],"tags":[],"class_list":["post-27954","page","type-page","status-publish","hentry"],"acf":[],"yoast_head":"<!-- This site is optimized with the Yoast SEO plugin v27.5 - https:\/\/yoast.com\/product\/yoast-seo-wordpress\/ -->\n<title>Calcul rentabilit\u00e9 | Smovin | Focus on what really matters<\/title>\n<meta name=\"robots\" content=\"noindex, nofollow\" \/>\n<meta property=\"og:locale\" content=\"fr_FR\" \/>\n<meta property=\"og:type\" content=\"article\" \/>\n<meta property=\"og:title\" content=\"Calcul rentabilit\u00e9 | Smovin | Focus on what really matters\" \/>\n<meta property=\"og:description\" content=\"Calculez votre rendement locatif net Montant total de l&#8217;achat Prix d&#8217;achat Frais, droits et honoraires Ceci comprend les frais d&#8217;honoraires, [&hellip;]\" \/>\n<meta property=\"og:url\" content=\"https:\/\/www.smovin.app\/fr-be\/elementor-27954\/\" \/>\n<meta property=\"og:site_name\" content=\"Smovin | Focus on what really matters\" \/>\n<meta property=\"article:modified_time\" content=\"2023-07-11T14:04:24+00:00\" \/>\n<meta property=\"og:image\" content=\"https:\/\/www.smovin.app\/wp-content\/uploads\/2022\/09\/Calculette.png\" \/>\n<meta name=\"twitter:card\" content=\"summary_large_image\" \/>\n<meta name=\"twitter:label1\" content=\"Est. reading time\" \/>\n\t<meta name=\"twitter:data1\" content=\"2 minutes\" \/>\n<script type=\"application\/ld+json\" class=\"yoast-schema-graph\">{\"@context\":\"https:\\\/\\\/schema.org\",\"@graph\":[{\"@type\":\"WebPage\",\"@id\":\"https:\\\/\\\/www.smovin.app\\\/fr-be\\\/elementor-27954\\\/\",\"url\":\"https:\\\/\\\/www.smovin.app\\\/fr-be\\\/elementor-27954\\\/\",\"name\":\"Calcul rentabilit\u00e9 | Smovin | Focus on what really matters\",\"isPartOf\":{\"@id\":\"https:\\\/\\\/www.smovin.app\\\/fr-be\\\/#website\"},\"primaryImageOfPage\":{\"@id\":\"https:\\\/\\\/www.smovin.app\\\/fr-be\\\/elementor-27954\\\/#primaryimage\"},\"image\":{\"@id\":\"https:\\\/\\\/www.smovin.app\\\/fr-be\\\/elementor-27954\\\/#primaryimage\"},\"thumbnailUrl\":\"https:\\\/\\\/www.smovin.app\\\/wp-content\\\/uploads\\\/2022\\\/09\\\/Calculette.png\",\"datePublished\":\"2023-03-30T14:34:33+00:00\",\"dateModified\":\"2023-07-11T14:04:24+00:00\",\"breadcrumb\":{\"@id\":\"https:\\\/\\\/www.smovin.app\\\/fr-be\\\/elementor-27954\\\/#breadcrumb\"},\"inLanguage\":\"fr-be\",\"potentialAction\":[{\"@type\":\"ReadAction\",\"target\":[\"https:\\\/\\\/www.smovin.app\\\/fr-be\\\/elementor-27954\\\/\"]}]},{\"@type\":\"ImageObject\",\"inLanguage\":\"fr-be\",\"@id\":\"https:\\\/\\\/www.smovin.app\\\/fr-be\\\/elementor-27954\\\/#primaryimage\",\"url\":\"https:\\\/\\\/www.smovin.app\\\/wp-content\\\/uploads\\\/2022\\\/09\\\/Calculette.png\",\"contentUrl\":\"https:\\\/\\\/www.smovin.app\\\/wp-content\\\/uploads\\\/2022\\\/09\\\/Calculette.png\"},{\"@type\":\"BreadcrumbList\",\"@id\":\"https:\\\/\\\/www.smovin.app\\\/fr-be\\\/elementor-27954\\\/#breadcrumb\",\"itemListElement\":[{\"@type\":\"ListItem\",\"position\":1,\"name\":\"Accueil\",\"item\":\"https:\\\/\\\/www.smovin.app\\\/fr-be\\\/\"},{\"@type\":\"ListItem\",\"position\":2,\"name\":\"Calcul rentabilit\u00e9\"}]},{\"@type\":\"WebSite\",\"@id\":\"https:\\\/\\\/www.smovin.app\\\/fr-be\\\/#website\",\"url\":\"https:\\\/\\\/www.smovin.app\\\/fr-be\\\/\",\"name\":\"Smovin | Focus on what really matters\",\"description\":\"Application de gestion locative puissante et intuitive pour investisseurs immobiliers.\",\"publisher\":{\"@id\":\"https:\\\/\\\/www.smovin.app\\\/fr-be\\\/#organization\"},\"potentialAction\":[{\"@type\":\"SearchAction\",\"target\":{\"@type\":\"EntryPoint\",\"urlTemplate\":\"https:\\\/\\\/www.smovin.app\\\/fr-be\\\/?s={search_term_string}\"},\"query-input\":{\"@type\":\"PropertyValueSpecification\",\"valueRequired\":true,\"valueName\":\"search_term_string\"}}],\"inLanguage\":\"fr-be\"},{\"@type\":\"Organization\",\"@id\":\"https:\\\/\\\/www.smovin.app\\\/fr-be\\\/#organization\",\"name\":\"Smovin\",\"url\":\"https:\\\/\\\/www.smovin.app\\\/fr-be\\\/\",\"logo\":{\"@type\":\"ImageObject\",\"inLanguage\":\"fr-be\",\"@id\":\"https:\\\/\\\/www.smovin.app\\\/fr-be\\\/#\\\/schema\\\/logo\\\/image\\\/\",\"url\":\"https:\\\/\\\/www.smovin.app\\\/wp-content\\\/uploads\\\/2021\\\/07\\\/LogoSmovinColors.svg\",\"contentUrl\":\"https:\\\/\\\/www.smovin.app\\\/wp-content\\\/uploads\\\/2021\\\/07\\\/LogoSmovinColors.svg\",\"width\":540,\"height\":103,\"caption\":\"Smovin\"},\"image\":{\"@id\":\"https:\\\/\\\/www.smovin.app\\\/fr-be\\\/#\\\/schema\\\/logo\\\/image\\\/\"}}]}<\/script>\n<!-- \/ Yoast SEO plugin. -->","yoast_head_json":{"title":"Calcul rentabilit\u00e9 | Smovin | Focus on what really matters","robots":{"index":"noindex","follow":"nofollow"},"og_locale":"fr_FR","og_type":"article","og_title":"Calcul rentabilit\u00e9 | Smovin | Focus on what really matters","og_description":"Calculez votre rendement locatif net Montant total de l&#8217;achat Prix d&#8217;achat Frais, droits et honoraires Ceci comprend les frais d&#8217;honoraires, [&hellip;]","og_url":"https:\/\/www.smovin.app\/fr-be\/elementor-27954\/","og_site_name":"Smovin | Focus on what really matters","article_modified_time":"2023-07-11T14:04:24+00:00","og_image":[{"url":"https:\/\/www.smovin.app\/wp-content\/uploads\/2022\/09\/Calculette.png","type":"","width":"","height":""}],"twitter_card":"summary_large_image","twitter_misc":{"Est. reading time":"2 minutes"},"schema":{"@context":"https:\/\/schema.org","@graph":[{"@type":"WebPage","@id":"https:\/\/www.smovin.app\/fr-be\/elementor-27954\/","url":"https:\/\/www.smovin.app\/fr-be\/elementor-27954\/","name":"Calcul rentabilit\u00e9 | Smovin | Focus on what really matters","isPartOf":{"@id":"https:\/\/www.smovin.app\/fr-be\/#website"},"primaryImageOfPage":{"@id":"https:\/\/www.smovin.app\/fr-be\/elementor-27954\/#primaryimage"},"image":{"@id":"https:\/\/www.smovin.app\/fr-be\/elementor-27954\/#primaryimage"},"thumbnailUrl":"https:\/\/www.smovin.app\/wp-content\/uploads\/2022\/09\/Calculette.png","datePublished":"2023-03-30T14:34:33+00:00","dateModified":"2023-07-11T14:04:24+00:00","breadcrumb":{"@id":"https:\/\/www.smovin.app\/fr-be\/elementor-27954\/#breadcrumb"},"inLanguage":"fr-be","potentialAction":[{"@type":"ReadAction","target":["https:\/\/www.smovin.app\/fr-be\/elementor-27954\/"]}]},{"@type":"ImageObject","inLanguage":"fr-be","@id":"https:\/\/www.smovin.app\/fr-be\/elementor-27954\/#primaryimage","url":"https:\/\/www.smovin.app\/wp-content\/uploads\/2022\/09\/Calculette.png","contentUrl":"https:\/\/www.smovin.app\/wp-content\/uploads\/2022\/09\/Calculette.png"},{"@type":"BreadcrumbList","@id":"https:\/\/www.smovin.app\/fr-be\/elementor-27954\/#breadcrumb","itemListElement":[{"@type":"ListItem","position":1,"name":"Accueil","item":"https:\/\/www.smovin.app\/fr-be\/"},{"@type":"ListItem","position":2,"name":"Calcul rentabilit\u00e9"}]},{"@type":"WebSite","@id":"https:\/\/www.smovin.app\/fr-be\/#website","url":"https:\/\/www.smovin.app\/fr-be\/","name":"Smovin | Focus on what really matters","description":"Application de gestion locative puissante et intuitive pour investisseurs immobiliers.","publisher":{"@id":"https:\/\/www.smovin.app\/fr-be\/#organization"},"potentialAction":[{"@type":"SearchAction","target":{"@type":"EntryPoint","urlTemplate":"https:\/\/www.smovin.app\/fr-be\/?s={search_term_string}"},"query-input":{"@type":"PropertyValueSpecification","valueRequired":true,"valueName":"search_term_string"}}],"inLanguage":"fr-be"},{"@type":"Organization","@id":"https:\/\/www.smovin.app\/fr-be\/#organization","name":"Smovin","url":"https:\/\/www.smovin.app\/fr-be\/","logo":{"@type":"ImageObject","inLanguage":"fr-be","@id":"https:\/\/www.smovin.app\/fr-be\/#\/schema\/logo\/image\/","url":"https:\/\/www.smovin.app\/wp-content\/uploads\/2021\/07\/LogoSmovinColors.svg","contentUrl":"https:\/\/www.smovin.app\/wp-content\/uploads\/2021\/07\/LogoSmovinColors.svg","width":540,"height":103,"caption":"Smovin"},"image":{"@id":"https:\/\/www.smovin.app\/fr-be\/#\/schema\/logo\/image\/"}}]}},"_links":{"self":[{"href":"https:\/\/www.smovin.app\/fr-be\/wp-json\/wp\/v2\/pages\/27954","targetHints":{"allow":["GET"]}}],"collection":[{"href":"https:\/\/www.smovin.app\/fr-be\/wp-json\/wp\/v2\/pages"}],"about":[{"href":"https:\/\/www.smovin.app\/fr-be\/wp-json\/wp\/v2\/types\/page"}],"author":[{"embeddable":true,"href":"https:\/\/www.smovin.app\/fr-be\/wp-json\/wp\/v2\/users\/208846801"}],"replies":[{"embeddable":true,"href":"https:\/\/www.smovin.app\/fr-be\/wp-json\/wp\/v2\/comments?post=27954"}],"version-history":[{"count":0,"href":"https:\/\/www.smovin.app\/fr-be\/wp-json\/wp\/v2\/pages\/27954\/revisions"}],"wp:attachment":[{"href":"https:\/\/www.smovin.app\/fr-be\/wp-json\/wp\/v2\/media?parent=27954"}],"wp:term":[{"taxonomy":"category","embeddable":true,"href":"https:\/\/www.smovin.app\/fr-be\/wp-json\/wp\/v2\/categories?post=27954"},{"taxonomy":"post_tag","embeddable":true,"href":"https:\/\/www.smovin.app\/fr-be\/wp-json\/wp\/v2\/tags?post=27954"}],"curies":[{"name":"wp","href":"https:\/\/api.w.org\/{rel}","templated":true}]}}