{"id":21945,"date":"2023-02-15T16:43:27","date_gmt":"2023-02-15T15:43:27","guid":{"rendered":"https:\/\/www.smovin.app\/?page_id=21945"},"modified":"2024-03-29T14:34:00","modified_gmt":"2024-03-29T13:34:00","slug":"merci-davoir-telecharge-notre-ebook-sur-les-baux-de-droit-commun","status":"publish","type":"page","link":"https:\/\/www.smovin.app\/fr-be\/merci-davoir-telecharge-notre-ebook-sur-les-baux-de-droit-commun\/","title":{"rendered":"Merci d&#8217;avoir t\u00e9l\u00e9charg\u00e9 notre ebook sur les baux de droit commun"},"content":{"rendered":"\t\t<div data-elementor-type=\"wp-page\" data-elementor-id=\"21945\" class=\"elementor elementor-21945\" data-elementor-post-type=\"page\">\n\t\t\t\t\t\t<section class=\"elementor-section elementor-top-section elementor-element elementor-element-2ab19f98 elementor-section-content-middle elementor-reverse-tablet elementor-reverse-mobile elementor-section-boxed elementor-section-height-default elementor-section-height-default\" data-id=\"2ab19f98\" data-element_type=\"section\" data-e-type=\"section\" data-settings=\"{&quot;background_background&quot;:&quot;classic&quot;}\">\n\t\t\t\t\t\t<div class=\"elementor-container elementor-column-gap-default\">\n\t\t\t\t\t<div class=\"elementor-column elementor-col-100 elementor-top-column elementor-element elementor-element-726318f1\" data-id=\"726318f1\" data-element_type=\"column\" data-e-type=\"column\">\n\t\t\t<div class=\"elementor-widget-wrap elementor-element-populated\">\n\t\t\t\t\t\t<div class=\"elementor-element elementor-element-3edc8259 elementor-hidden-tablet elementor-hidden-mobile elementor-invisible elementor-widget elementor-widget-image\" data-id=\"3edc8259\" data-element_type=\"widget\" data-e-type=\"widget\" data-settings=\"{&quot;_animation&quot;:&quot;fadeInDown&quot;,&quot;motion_fx_motion_fx_mouse&quot;:&quot;yes&quot;,&quot;motion_fx_tilt_effect&quot;:&quot;yes&quot;,&quot;motion_fx_tilt_speed&quot;:{&quot;unit&quot;:&quot;px&quot;,&quot;size&quot;:3,&quot;sizes&quot;:[]}}\" data-widget_type=\"image.default\">\n\t\t\t\t<div class=\"elementor-widget-container\">\n\t\t\t\t\t\t\t\t\t\t\t\t\t\t\t<img fetchpriority=\"high\" decoding=\"async\" width=\"357\" height=\"360\" src=\"https:\/\/www.smovin.app\/wp-content\/uploads\/2021\/10\/ThumbsUp-bg.png\" class=\"attachment-large size-large wp-image-7006\" alt=\"Pouce vers le haut\" srcset=\"https:\/\/www.smovin.app\/wp-content\/uploads\/2021\/10\/ThumbsUp-bg.png 357w, https:\/\/www.smovin.app\/wp-content\/uploads\/2021\/10\/ThumbsUp-bg-298x300.png 298w, https:\/\/www.smovin.app\/wp-content\/uploads\/2021\/10\/ThumbsUp-bg-150x150.png 150w\" sizes=\"(max-width: 357px) 100vw, 357px\" \/>\t\t\t\t\t\t\t\t\t\t\t\t\t\t\t<\/div>\n\t\t\t\t<\/div>\n\t\t\t\t<div class=\"elementor-element elementor-element-41a0d05d elementor-invisible elementor-widget elementor-widget-heading\" data-id=\"41a0d05d\" data-element_type=\"widget\" data-e-type=\"widget\" data-settings=\"{&quot;_animation&quot;:&quot;fadeInUp&quot;}\" data-widget_type=\"heading.default\">\n\t\t\t\t<div class=\"elementor-widget-container\">\n\t\t\t\t\t<h1 class=\"elementor-heading-title elementor-size-default\" class=\"elementor-heading-title elementor-size-default\" id=\"merci-davoir-telecharge-notre-ebook-sur-les-baux-de-droit-commun\"><a href=\"#merci-davoir-telecharge-notre-ebook-sur-les-baux-de-droit-commun\" class=\"heading-link\"><i class=\"glyphicon glyphicon-link\"><\/i><\/a>Merci d'avoir t\u00e9l\u00e9charg\u00e9 notre ebook sur les baux de droit commun ! <\/h1>\t\t\t\t<\/div>\n\t\t\t\t<\/div>\n\t\t\t\t<div class=\"elementor-element elementor-element-6d4d64a elementor-hidden-desktop elementor-widget elementor-widget-image\" data-id=\"6d4d64a\" data-element_type=\"widget\" data-e-type=\"widget\" data-widget_type=\"image.default\">\n\t\t\t\t<div class=\"elementor-widget-container\">\n\t\t\t\t\t\t\t\t\t\t\t\t\t\t\t<img fetchpriority=\"high\" decoding=\"async\" width=\"357\" height=\"360\" src=\"https:\/\/www.smovin.app\/wp-content\/uploads\/2021\/10\/ThumbsUp-bg.png\" class=\"attachment-large size-large wp-image-7006\" alt=\"Pouce vers le haut\" srcset=\"https:\/\/www.smovin.app\/wp-content\/uploads\/2021\/10\/ThumbsUp-bg.png 357w, https:\/\/www.smovin.app\/wp-content\/uploads\/2021\/10\/ThumbsUp-bg-298x300.png 298w, https:\/\/www.smovin.app\/wp-content\/uploads\/2021\/10\/ThumbsUp-bg-150x150.png 150w\" sizes=\"(max-width: 357px) 100vw, 357px\" \/>\t\t\t\t\t\t\t\t\t\t\t\t\t\t\t<\/div>\n\t\t\t\t<\/div>\n\t\t\t\t<div class=\"elementor-element elementor-element-10fe5337 elementor-invisible elementor-widget elementor-widget-text-editor\" data-id=\"10fe5337\" data-element_type=\"widget\" data-e-type=\"widget\" data-settings=\"{&quot;_animation&quot;:&quot;fadeInUp&quot;}\" data-widget_type=\"text-editor.default\">\n\t\t\t\t<div class=\"elementor-widget-container\">\n\t\t\t\t\t\t\t\t\t<p style=\"text-align: center;\">Il arrive dans votre boite email.&nbsp;<\/p><p style=\"text-align: center;\"><span style=\"font-style: inherit; font-weight: inherit; color: var( --e-global-color-text );\">Avant de partir,&nbsp;<\/span><span style=\"font-style: inherit; font-weight: inherit; color: var( --e-global-color-text );\">n&#8217;h\u00e9sitez pas \u00e0 d\u00e9couvrir notre plateforme <\/span><img decoding=\"async\" draggable=\"false\" role=\"img\" class=\"emoji\" alt=\"\ud83d\udc47\" src=\"https:\/\/s.w.org\/images\/core\/emoji\/14.0.0\/svg\/1f447.svg\" style=\"font-style: inherit; font-weight: inherit; background-color: rgb(255, 255, 255); color: var( --e-global-color-text );\"><\/p>\t\t\t\t\t\t\t\t<\/div>\n\t\t\t\t<\/div>\n\t\t\t\t<div class=\"elementor-element elementor-element-598c4c22 elementor-invisible elementor-widget elementor-widget-image\" data-id=\"598c4c22\" data-element_type=\"widget\" data-e-type=\"widget\" data-settings=\"{&quot;_animation&quot;:&quot;fadeInUp&quot;}\" data-widget_type=\"image.default\">\n\t\t\t\t<div class=\"elementor-widget-container\">\n\t\t\t\t\t\t\t\t\t\t\t\t\t\t\t\t<a href=\"https:\/\/demo.smovin.app\/users\/sign_up\/?utm_source=thank-you-pages&#038;utm_medium=banner-thank-you-page&#038;utm_campaign=banner-thank-you-page\">\n\t\t\t\t\t\t\t<img decoding=\"async\" width=\"1024\" height=\"272\" src=\"https:\/\/www.smovin.app\/wp-content\/uploads\/2023\/03\/Banner-thank-you-page-1024x272-1.jpg\" class=\"attachment-large size-large wp-image-27869\" alt=\"Automatisez toutes les t\u00e2ches de la gestion locative\" srcset=\"https:\/\/www.smovin.app\/wp-content\/uploads\/2023\/03\/Banner-thank-you-page-1024x272-1.jpg 1024w, https:\/\/www.smovin.app\/wp-content\/uploads\/2023\/03\/Banner-thank-you-page-1024x272-1-300x80.jpg 300w, https:\/\/www.smovin.app\/wp-content\/uploads\/2023\/03\/Banner-thank-you-page-1024x272-1-768x204.jpg 768w\" sizes=\"(max-width: 1024px) 100vw, 1024px\" \/>\t\t\t\t\t\t\t\t<\/a>\n\t\t\t\t\t\t\t\t\t\t\t\t\t\t\t<\/div>\n\t\t\t\t<\/div>\n\t\t\t\t\t<\/div>\n\t\t<\/div>\n\t\t\t\t\t<\/div>\n\t\t<\/section>\n\t\t\t\t<\/div>\n\t\t","protected":false},"excerpt":{"rendered":"<p>Merci d&#8217;avoir t\u00e9l\u00e9charg\u00e9 notre ebook sur les baux de droit commun ! Il arrive dans votre boite email.&nbsp; Avant de [&hellip;]<\/p>\n","protected":false},"author":208846801,"featured_media":0,"parent":0,"menu_order":0,"comment_status":"closed","ping_status":"closed","template":"","meta":{"_acf_changed":false,"content-type":"","site-sidebar-layout":"no-sidebar","site-content-layout":"page-builder","ast-site-content-layout":"default","site-content-style":"default","site-sidebar-style":"default","ast-global-header-display":"","ast-banner-title-visibility":"","ast-main-header-display":"","ast-hfb-above-header-display":"","ast-hfb-below-header-display":"","ast-hfb-mobile-header-display":"","site-post-title":"disabled","ast-breadcrumbs-content":"","ast-featured-img":"disabled","footer-sml-layout":"","ast-disable-related-posts":"","theme-transparent-header-meta":"","adv-header-id-meta":"","stick-header-meta":"","header-above-stick-meta":"","header-main-stick-meta":"","header-below-stick-meta":"","astra-migrate-meta-layouts":"default","ast-page-background-enabled":"default","ast-page-background-meta":{"desktop":{"background-color":"var(--ast-global-color-5)","background-image":"","background-repeat":"repeat","background-position":"center center","background-size":"auto","background-attachment":"scroll","background-type":"","background-media":"","overlay-type":"","overlay-color":"","overlay-opacity":"","overlay-gradient":""},"tablet":{"background-color":"","background-image":"","background-repeat":"repeat","background-position":"center center","background-size":"auto","background-attachment":"scroll","background-type":"","background-media":"","overlay-type":"","overlay-color":"","overlay-opacity":"","overlay-gradient":""},"mobile":{"background-color":"","background-image":"","background-repeat":"repeat","background-position":"center center","background-size":"auto","background-attachment":"scroll","background-type":"","background-media":"","overlay-type":"","overlay-color":"","overlay-opacity":"","overlay-gradient":""}},"ast-content-background-meta":{"desktop":{"background-color":"var(--ast-global-color-4)","background-image":"","background-repeat":"repeat","background-position":"center center","background-size":"auto","background-attachment":"scroll","background-type":"","background-media":"","overlay-type":"","overlay-color":"","overlay-opacity":"","overlay-gradient":""},"tablet":{"background-color":"var(--ast-global-color-4)","background-image":"","background-repeat":"repeat","background-position":"center center","background-size":"auto","background-attachment":"scroll","background-type":"","background-media":"","overlay-type":"","overlay-color":"","overlay-opacity":"","overlay-gradient":""},"mobile":{"background-color":"var(--ast-global-color-4)","background-image":"","background-repeat":"repeat","background-position":"center center","background-size":"auto","background-attachment":"scroll","background-type":"","background-media":"","overlay-type":"","overlay-color":"","overlay-opacity":"","overlay-gradient":""}},"cybocfi_hide_featured_image":"","footnotes":""},"categories":[],"tags":[6516,6445],"class_list":["post-21945","page","type-page","status-publish","hentry","tag-ebook","tag-thank-you-page"],"acf":[],"yoast_head":"<!-- This site is optimized with the Yoast SEO plugin v27.4 - https:\/\/yoast.com\/product\/yoast-seo-wordpress\/ -->\n<title>Merci d&#039;avoir t\u00e9l\u00e9charg\u00e9 notre e-book sur les baux de droit commun<\/title>\n<meta name=\"description\" content=\"Merci d&#039;avoir t\u00e9l\u00e9charg\u00e9 notre e-book sur les baux de droit commun. Simplifiez d\u00e8s aujourd&#039;hui votre gestion locative !\" \/>\n<meta name=\"robots\" content=\"noindex, nofollow\" \/>\n<meta property=\"og:locale\" content=\"fr_FR\" \/>\n<meta property=\"og:type\" content=\"article\" \/>\n<meta property=\"og:title\" content=\"Merci d&#039;avoir t\u00e9l\u00e9charg\u00e9 notre e-book sur les baux de droit commun\" \/>\n<meta property=\"og:description\" content=\"Merci d&#039;avoir t\u00e9l\u00e9charg\u00e9 notre e-book sur les baux de droit commun. Simplifiez d\u00e8s aujourd&#039;hui votre gestion locative !\" \/>\n<meta property=\"og:url\" content=\"https:\/\/www.smovin.app\/fr-be\/merci-davoir-telecharge-notre-ebook-sur-les-baux-de-droit-commun\/\" \/>\n<meta property=\"og:site_name\" content=\"Smovin | Focus on what really matters\" \/>\n<meta property=\"article:modified_time\" content=\"2024-03-29T13:34:00+00:00\" \/>\n<meta property=\"og:image\" content=\"https:\/\/www.smovin.app\/wp-content\/uploads\/2021\/10\/ThumbsUp-bg.png\" \/>\n<meta name=\"twitter:card\" content=\"summary_large_image\" \/>\n<meta name=\"twitter:label1\" content=\"Est. reading time\" \/>\n\t<meta name=\"twitter:data1\" content=\"1 minute\" \/>\n<script type=\"application\/ld+json\" class=\"yoast-schema-graph\">{\"@context\":\"https:\\\/\\\/schema.org\",\"@graph\":[{\"@type\":\"WebPage\",\"@id\":\"https:\\\/\\\/www.smovin.app\\\/fr-be\\\/merci-davoir-telecharge-notre-ebook-sur-les-baux-de-droit-commun\\\/\",\"url\":\"https:\\\/\\\/www.smovin.app\\\/fr-be\\\/merci-davoir-telecharge-notre-ebook-sur-les-baux-de-droit-commun\\\/\",\"name\":\"Merci d'avoir t\u00e9l\u00e9charg\u00e9 notre e-book sur les baux de droit commun\",\"isPartOf\":{\"@id\":\"https:\\\/\\\/www.smovin.app\\\/fr-be\\\/#website\"},\"primaryImageOfPage\":{\"@id\":\"https:\\\/\\\/www.smovin.app\\\/fr-be\\\/merci-davoir-telecharge-notre-ebook-sur-les-baux-de-droit-commun\\\/#primaryimage\"},\"image\":{\"@id\":\"https:\\\/\\\/www.smovin.app\\\/fr-be\\\/merci-davoir-telecharge-notre-ebook-sur-les-baux-de-droit-commun\\\/#primaryimage\"},\"thumbnailUrl\":\"https:\\\/\\\/www.smovin.app\\\/wp-content\\\/uploads\\\/2021\\\/10\\\/ThumbsUp-bg.png\",\"datePublished\":\"2023-02-15T15:43:27+00:00\",\"dateModified\":\"2024-03-29T13:34:00+00:00\",\"description\":\"Merci d'avoir t\u00e9l\u00e9charg\u00e9 notre e-book sur les baux de droit commun. Simplifiez d\u00e8s aujourd'hui votre gestion locative !\",\"breadcrumb\":{\"@id\":\"https:\\\/\\\/www.smovin.app\\\/fr-be\\\/merci-davoir-telecharge-notre-ebook-sur-les-baux-de-droit-commun\\\/#breadcrumb\"},\"inLanguage\":\"fr-be\",\"potentialAction\":[{\"@type\":\"ReadAction\",\"target\":[\"https:\\\/\\\/www.smovin.app\\\/fr-be\\\/merci-davoir-telecharge-notre-ebook-sur-les-baux-de-droit-commun\\\/\"]}]},{\"@type\":\"ImageObject\",\"inLanguage\":\"fr-be\",\"@id\":\"https:\\\/\\\/www.smovin.app\\\/fr-be\\\/merci-davoir-telecharge-notre-ebook-sur-les-baux-de-droit-commun\\\/#primaryimage\",\"url\":\"https:\\\/\\\/www.smovin.app\\\/wp-content\\\/uploads\\\/2021\\\/10\\\/ThumbsUp-bg.png\",\"contentUrl\":\"https:\\\/\\\/www.smovin.app\\\/wp-content\\\/uploads\\\/2021\\\/10\\\/ThumbsUp-bg.png\"},{\"@type\":\"BreadcrumbList\",\"@id\":\"https:\\\/\\\/www.smovin.app\\\/fr-be\\\/merci-davoir-telecharge-notre-ebook-sur-les-baux-de-droit-commun\\\/#breadcrumb\",\"itemListElement\":[{\"@type\":\"ListItem\",\"position\":1,\"name\":\"Accueil\",\"item\":\"https:\\\/\\\/www.smovin.app\\\/fr-be\\\/\"},{\"@type\":\"ListItem\",\"position\":2,\"name\":\"Merci d&#8217;avoir t\u00e9l\u00e9charg\u00e9 notre ebook sur les baux de droit commun\"}]},{\"@type\":\"WebSite\",\"@id\":\"https:\\\/\\\/www.smovin.app\\\/fr-be\\\/#website\",\"url\":\"https:\\\/\\\/www.smovin.app\\\/fr-be\\\/\",\"name\":\"Smovin | Focus on what really matters\",\"description\":\"Application de gestion locative puissante et intuitive pour investisseurs immobiliers.\",\"publisher\":{\"@id\":\"https:\\\/\\\/www.smovin.app\\\/fr-be\\\/#organization\"},\"potentialAction\":[{\"@type\":\"SearchAction\",\"target\":{\"@type\":\"EntryPoint\",\"urlTemplate\":\"https:\\\/\\\/www.smovin.app\\\/fr-be\\\/?s={search_term_string}\"},\"query-input\":{\"@type\":\"PropertyValueSpecification\",\"valueRequired\":true,\"valueName\":\"search_term_string\"}}],\"inLanguage\":\"fr-be\"},{\"@type\":\"Organization\",\"@id\":\"https:\\\/\\\/www.smovin.app\\\/fr-be\\\/#organization\",\"name\":\"Smovin\",\"url\":\"https:\\\/\\\/www.smovin.app\\\/fr-be\\\/\",\"logo\":{\"@type\":\"ImageObject\",\"inLanguage\":\"fr-be\",\"@id\":\"https:\\\/\\\/www.smovin.app\\\/fr-be\\\/#\\\/schema\\\/logo\\\/image\\\/\",\"url\":\"https:\\\/\\\/www.smovin.app\\\/wp-content\\\/uploads\\\/2021\\\/07\\\/LogoSmovinColors.svg\",\"contentUrl\":\"https:\\\/\\\/www.smovin.app\\\/wp-content\\\/uploads\\\/2021\\\/07\\\/LogoSmovinColors.svg\",\"width\":540,\"height\":103,\"caption\":\"Smovin\"},\"image\":{\"@id\":\"https:\\\/\\\/www.smovin.app\\\/fr-be\\\/#\\\/schema\\\/logo\\\/image\\\/\"}}]}<\/script>\n<!-- \/ Yoast SEO plugin. -->","yoast_head_json":{"title":"Merci d'avoir t\u00e9l\u00e9charg\u00e9 notre e-book sur les baux de droit commun","description":"Merci d'avoir t\u00e9l\u00e9charg\u00e9 notre e-book sur les baux de droit commun. Simplifiez d\u00e8s aujourd'hui votre gestion locative !","robots":{"index":"noindex","follow":"nofollow"},"og_locale":"fr_FR","og_type":"article","og_title":"Merci d'avoir t\u00e9l\u00e9charg\u00e9 notre e-book sur les baux de droit commun","og_description":"Merci d'avoir t\u00e9l\u00e9charg\u00e9 notre e-book sur les baux de droit commun. Simplifiez d\u00e8s aujourd'hui votre gestion locative !","og_url":"https:\/\/www.smovin.app\/fr-be\/merci-davoir-telecharge-notre-ebook-sur-les-baux-de-droit-commun\/","og_site_name":"Smovin | Focus on what really matters","article_modified_time":"2024-03-29T13:34:00+00:00","og_image":[{"url":"https:\/\/www.smovin.app\/wp-content\/uploads\/2021\/10\/ThumbsUp-bg.png","type":"","width":"","height":""}],"twitter_card":"summary_large_image","twitter_misc":{"Est. reading time":"1 minute"},"schema":{"@context":"https:\/\/schema.org","@graph":[{"@type":"WebPage","@id":"https:\/\/www.smovin.app\/fr-be\/merci-davoir-telecharge-notre-ebook-sur-les-baux-de-droit-commun\/","url":"https:\/\/www.smovin.app\/fr-be\/merci-davoir-telecharge-notre-ebook-sur-les-baux-de-droit-commun\/","name":"Merci d'avoir t\u00e9l\u00e9charg\u00e9 notre e-book sur les baux de droit commun","isPartOf":{"@id":"https:\/\/www.smovin.app\/fr-be\/#website"},"primaryImageOfPage":{"@id":"https:\/\/www.smovin.app\/fr-be\/merci-davoir-telecharge-notre-ebook-sur-les-baux-de-droit-commun\/#primaryimage"},"image":{"@id":"https:\/\/www.smovin.app\/fr-be\/merci-davoir-telecharge-notre-ebook-sur-les-baux-de-droit-commun\/#primaryimage"},"thumbnailUrl":"https:\/\/www.smovin.app\/wp-content\/uploads\/2021\/10\/ThumbsUp-bg.png","datePublished":"2023-02-15T15:43:27+00:00","dateModified":"2024-03-29T13:34:00+00:00","description":"Merci d'avoir t\u00e9l\u00e9charg\u00e9 notre e-book sur les baux de droit commun. Simplifiez d\u00e8s aujourd'hui votre gestion locative !","breadcrumb":{"@id":"https:\/\/www.smovin.app\/fr-be\/merci-davoir-telecharge-notre-ebook-sur-les-baux-de-droit-commun\/#breadcrumb"},"inLanguage":"fr-be","potentialAction":[{"@type":"ReadAction","target":["https:\/\/www.smovin.app\/fr-be\/merci-davoir-telecharge-notre-ebook-sur-les-baux-de-droit-commun\/"]}]},{"@type":"ImageObject","inLanguage":"fr-be","@id":"https:\/\/www.smovin.app\/fr-be\/merci-davoir-telecharge-notre-ebook-sur-les-baux-de-droit-commun\/#primaryimage","url":"https:\/\/www.smovin.app\/wp-content\/uploads\/2021\/10\/ThumbsUp-bg.png","contentUrl":"https:\/\/www.smovin.app\/wp-content\/uploads\/2021\/10\/ThumbsUp-bg.png"},{"@type":"BreadcrumbList","@id":"https:\/\/www.smovin.app\/fr-be\/merci-davoir-telecharge-notre-ebook-sur-les-baux-de-droit-commun\/#breadcrumb","itemListElement":[{"@type":"ListItem","position":1,"name":"Accueil","item":"https:\/\/www.smovin.app\/fr-be\/"},{"@type":"ListItem","position":2,"name":"Merci d&#8217;avoir t\u00e9l\u00e9charg\u00e9 notre ebook sur les baux de droit commun"}]},{"@type":"WebSite","@id":"https:\/\/www.smovin.app\/fr-be\/#website","url":"https:\/\/www.smovin.app\/fr-be\/","name":"Smovin | Focus on what really matters","description":"Application de gestion locative puissante et intuitive pour investisseurs immobiliers.","publisher":{"@id":"https:\/\/www.smovin.app\/fr-be\/#organization"},"potentialAction":[{"@type":"SearchAction","target":{"@type":"EntryPoint","urlTemplate":"https:\/\/www.smovin.app\/fr-be\/?s={search_term_string}"},"query-input":{"@type":"PropertyValueSpecification","valueRequired":true,"valueName":"search_term_string"}}],"inLanguage":"fr-be"},{"@type":"Organization","@id":"https:\/\/www.smovin.app\/fr-be\/#organization","name":"Smovin","url":"https:\/\/www.smovin.app\/fr-be\/","logo":{"@type":"ImageObject","inLanguage":"fr-be","@id":"https:\/\/www.smovin.app\/fr-be\/#\/schema\/logo\/image\/","url":"https:\/\/www.smovin.app\/wp-content\/uploads\/2021\/07\/LogoSmovinColors.svg","contentUrl":"https:\/\/www.smovin.app\/wp-content\/uploads\/2021\/07\/LogoSmovinColors.svg","width":540,"height":103,"caption":"Smovin"},"image":{"@id":"https:\/\/www.smovin.app\/fr-be\/#\/schema\/logo\/image\/"}}]}},"_links":{"self":[{"href":"https:\/\/www.smovin.app\/fr-be\/wp-json\/wp\/v2\/pages\/21945","targetHints":{"allow":["GET"]}}],"collection":[{"href":"https:\/\/www.smovin.app\/fr-be\/wp-json\/wp\/v2\/pages"}],"about":[{"href":"https:\/\/www.smovin.app\/fr-be\/wp-json\/wp\/v2\/types\/page"}],"author":[{"embeddable":true,"href":"https:\/\/www.smovin.app\/fr-be\/wp-json\/wp\/v2\/users\/208846801"}],"replies":[{"embeddable":true,"href":"https:\/\/www.smovin.app\/fr-be\/wp-json\/wp\/v2\/comments?post=21945"}],"version-history":[{"count":0,"href":"https:\/\/www.smovin.app\/fr-be\/wp-json\/wp\/v2\/pages\/21945\/revisions"}],"wp:attachment":[{"href":"https:\/\/www.smovin.app\/fr-be\/wp-json\/wp\/v2\/media?parent=21945"}],"wp:term":[{"taxonomy":"category","embeddable":true,"href":"https:\/\/www.smovin.app\/fr-be\/wp-json\/wp\/v2\/categories?post=21945"},{"taxonomy":"post_tag","embeddable":true,"href":"https:\/\/www.smovin.app\/fr-be\/wp-json\/wp\/v2\/tags?post=21945"}],"curies":[{"name":"wp","href":"https:\/\/api.w.org\/{rel}","templated":true}]}}