{"id":18588,"date":"2022-09-23T14:55:37","date_gmt":"2022-09-23T12:55:37","guid":{"rendered":"https:\/\/www.smovin.app\/?page_id=18588"},"modified":"2023-07-26T10:41:32","modified_gmt":"2023-07-26T08:41:32","slug":"bruxelles","status":"publish","type":"page","link":"https:\/\/www.smovin.app\/fr-be\/donation-immobiliere\/bruxelles\/","title":{"rendered":"Comment effectuer une donation immobili\u00e8re \u00e0 Bruxelles\u202f?"},"content":{"rendered":"\n\n<div class=\"kk-star-ratings kksr-shortcode\"\n    data-payload='{&quot;id&quot;:&quot;18588&quot;,&quot;slug&quot;:&quot;default&quot;,&quot;ignore&quot;:&quot;&quot;,&quot;reference&quot;:&quot;shortcode&quot;,&quot;align&quot;:&quot;&quot;,&quot;class&quot;:&quot;&quot;,&quot;count&quot;:&quot;36&quot;,&quot;legendonly&quot;:&quot;&quot;,&quot;readonly&quot;:&quot;&quot;,&quot;score&quot;:&quot;5&quot;,&quot;starsonly&quot;:&quot;&quot;,&quot;valign&quot;:&quot;&quot;,&quot;best&quot;:&quot;5&quot;,&quot;gap&quot;:&quot;5&quot;,&quot;greet&quot;:&quot;Rate this&quot;,&quot;legend&quot;:&quot;5\\\/5 - (36 votes)&quot;,&quot;size&quot;:&quot;14&quot;,&quot;title&quot;:&quot;Comment effectuer une donation immobili\u00e8re \u00e0 Bruxelles\u202f?&quot;,&quot;width&quot;:&quot;92.5&quot;,&quot;_legend&quot;:&quot;{score}\\\/{best} - ({count} {votes})&quot;,&quot;font_factor&quot;:&quot;1.25&quot;}'>\n            \n<div class=\"kksr-stars\">\n    \n<div class=\"kksr-stars-inactive\">\n            <div class=\"kksr-star\" data-star=\"1\" style=\"padding-right: 5px\">\n            \n\n<div class=\"kksr-icon\" style=\"width: 14px; height: 14px;\"><\/div>\n        <\/div>\n            <div class=\"kksr-star\" data-star=\"2\" style=\"padding-right: 5px\">\n            \n\n<div class=\"kksr-icon\" style=\"width: 14px; height: 14px;\"><\/div>\n        <\/div>\n            <div class=\"kksr-star\" data-star=\"3\" style=\"padding-right: 5px\">\n            \n\n<div class=\"kksr-icon\" style=\"width: 14px; height: 14px;\"><\/div>\n        <\/div>\n            <div class=\"kksr-star\" data-star=\"4\" style=\"padding-right: 5px\">\n            \n\n<div class=\"kksr-icon\" style=\"width: 14px; height: 14px;\"><\/div>\n        <\/div>\n            <div class=\"kksr-star\" data-star=\"5\" style=\"padding-right: 5px\">\n            \n\n<div class=\"kksr-icon\" style=\"width: 14px; height: 14px;\"><\/div>\n        <\/div>\n    <\/div>\n    \n<div class=\"kksr-stars-active\" style=\"width: 92.5px;\">\n            <div class=\"kksr-star\" style=\"padding-right: 5px\">\n            \n\n<div class=\"kksr-icon\" style=\"width: 14px; height: 14px;\"><\/div>\n        <\/div>\n            <div class=\"kksr-star\" style=\"padding-right: 5px\">\n            \n\n<div class=\"kksr-icon\" style=\"width: 14px; height: 14px;\"><\/div>\n        <\/div>\n            <div class=\"kksr-star\" style=\"padding-right: 5px\">\n            \n\n<div class=\"kksr-icon\" style=\"width: 14px; height: 14px;\"><\/div>\n        <\/div>\n            <div class=\"kksr-star\" style=\"padding-right: 5px\">\n            \n\n<div class=\"kksr-icon\" style=\"width: 14px; height: 14px;\"><\/div>\n        <\/div>\n            <div class=\"kksr-star\" style=\"padding-right: 5px\">\n            \n\n<div class=\"kksr-icon\" style=\"width: 14px; height: 14px;\"><\/div>\n        <\/div>\n    <\/div>\n<\/div>\n                \n\n<div class=\"kksr-legend\" style=\"font-size: 11.2px;\">\n            5\/5 - (36 votes)    <\/div>\n    <\/div>\n\n\n\n\n<p>L\u2019acte de donation immobili\u00e8re doit \u00eatre r\u00e9alis\u00e9 par un notaire. Des droits de donations et frais de notaires seront \u00e9galement d\u00fb afin de confirmer \u00e0 la donation. <\/p>\n\n\n\n<p>Si vous \u00eates domicili\u00e9 \u00e0 Bruxelles et que vous souhaitez effectuer une donation immobili\u00e8re \u00e0 l\u2019un de vos proches, la r\u00e9glementation de Bruxelles s\u2019applique \u00e0 votre acte.<\/p>\n\n\n\n<p>Voici quelques informations pour pr\u00e9parer au mieux la transmission de votre patrimoine.<\/p>\n\n\n\n<h2 class=\"wp-block-heading\" class=\"wp-block-heading\" id=\"les-avantages-de-la-donation-immobiliere-a-bruxelles\"><a href=\"#les-avantages-de-la-donation-immobiliere-a-bruxelles\" class=\"heading-link\"><i class=\"glyphicon glyphicon-link\"><\/i><\/a>Les avantages de la donation immobili\u00e8re \u00e0 Bruxelles<\/h2>\n\n\n\n<p>\u00c0 Bruxelles, la donation immobili\u00e8re offre des avantages <strong>non n\u00e9gligeables<\/strong>, qu\u2019ils soient humains ou financiers.<\/p>\n\n\n\n<h3 class=\"wp-block-heading\" class=\"wp-block-heading\" id=\"des-avantages-en-matiere-de-fiscalite\"><a href=\"#des-avantages-en-matiere-de-fiscalite\" class=\"heading-link\"><i class=\"glyphicon glyphicon-link\"><\/i><\/a>Des avantages en mati\u00e8re de fiscalit\u00e9<\/h3>\n\n\n\n<p>La fiscalit\u00e9 qui s\u2019applique aux successions est souvent on\u00e9reuse. La donation immobili\u00e8re permet de la contourner.<\/p>\n\n\n\n<p>En effet, les droits de donation <strong>sont moindres<\/strong> en comparaison des frais de succession. <\/p>\n\n\n\n<p>De plus, les donations peuvent s\u2019<strong>effectuer par tranches<\/strong>, ce qui permet de <strong>limiter la progressivit\u00e9<\/strong> des frais de donation.<\/p>\n\n\n\n<p>Ainsi, les <strong>avantages fiscaux<\/strong> sont souvent au c\u0153ur des motivations des propri\u00e9taires qui effectuent une donation immobili\u00e8re.<\/p>\n\n\n\n<h3 class=\"wp-block-heading\" class=\"wp-block-heading\" id=\"des-avantages-pour-la-transmission-du-patrimoine\"><a href=\"#des-avantages-pour-la-transmission-du-patrimoine\" class=\"heading-link\"><i class=\"glyphicon glyphicon-link\"><\/i><\/a>Des avantages pour la transmission du patrimoine<\/h3>\n\n\n\n<p>Afin d\u2019\u00e9viter les <strong>conflits familiaux<\/strong> et de s\u2019assurer du respect de leurs volont\u00e9s, certains propri\u00e9taires souhaitent organiser leur succession de leur vivant.<\/p>\n\n\n\n<p>Leurs proches peuvent ainsi profiter <strong>plus longtemps des biens<\/strong> qui leur ont \u00e9t\u00e9 transmis.<\/p>\n\n\n\n<p>Les donations immobili\u00e8res peuvent pr\u00e9voir une <strong>contrepartie<\/strong> (rente mensuelle) ou un <strong>usufruit<\/strong>.&nbsp;<\/p>\n\n\n\n<p>Le donateur doit bien pr\u00e9parer sa donation car l\u2019acte est <strong>irr\u00e9vocable<\/strong>. Il doit donc anticiper les probl\u00e8mes et faire les bons choix pour s\u2019assurer un toit et des liquidit\u00e9s jusqu\u2019\u00e0 son d\u00e9c\u00e8s.<\/p>\n\n\n\n<h2 class=\"wp-block-heading\" class=\"wp-block-heading\" id=\"la-donation-immobiliere-un-cout-a-calculer\"><a href=\"#la-donation-immobiliere-un-cout-a-calculer\" class=\"heading-link\"><i class=\"glyphicon glyphicon-link\"><\/i><\/a>La donation immobili\u00e8re, un co\u00fbt \u00e0 calculer<\/h2>\n\n\n\n<p>Si la donation immobili\u00e8re pr\u00e9sente des avantages fiscaux, elle a n\u00e9anmoins un <strong>co\u00fbt<\/strong>. <\/p>\n\n\n\n<p>Des <strong>frais de donation<\/strong> sont appliqu\u00e9s aux actes de donation immobili\u00e8re. Ils sont d\u00e9sormais <strong>similaires<\/strong> dans <strong>toutes les r\u00e9gions<\/strong> de Belgique.<\/p>\n\n\n\n<p>Il faudra \u00e9galement prendre en compte les <strong>frais de notaire<\/strong> qui sont incontournables.<\/p>\n\n\n\n<h3 class=\"wp-block-heading\" class=\"wp-block-heading\" id=\"les-droits-de-donation-a-bruxelles\"><a href=\"#les-droits-de-donation-a-bruxelles\" class=\"heading-link\"><i class=\"glyphicon glyphicon-link\"><\/i><\/a>Les droits de donation \u00e0 Bruxelles<\/h3>\n\n\n\n<p>\u00c0 Bruxelles, les droits de donation d\u00e9pendent de <strong>deux \u00e9l\u00e9ments majeurs<\/strong> :<\/p>\n\n\n\n<ul class=\"wp-block-list\">\n<li>La valeur du bien immobilier concern\u00e9 par la donation<\/li>\n\n\n\n<li>Le lien de parent\u00e9 entre le donateur et le donataire<\/li>\n<\/ul>\n\n\n\n<p>\u00c0 partir de ces informations, il est tr\u00e8s simple de calculer le montant des droits de donation. Il suffit d\u2019appliquer le pourcentage de la tranche correspondante.<\/p>\n\n\n\n<p>Les donations en ligne <strong>directe<\/strong> concernent : les <strong>ascendants <\/strong>(p\u00e8re, m\u00e8re, grands-parents) et les <strong>descendants directs<\/strong> (enfants, petits-enfants). Les <strong>\u00e9poux et les \u00e9pouses<\/strong>.<\/p>\n\n\n\n<p>Les donations en ligne <strong>indirecte<\/strong> concernent : les personnes issues d&#8217;un <strong>m\u00eame anc\u00eatre<\/strong> (fr\u00e8re, soeur, oncle, tante\u2026) ainsi que les<strong> co-habitants<\/strong>.<\/p>\n\n\n\n<h4 class=\"wp-block-heading\" class=\"wp-block-heading\" id=\"voici-un-tableau-des-tarifs-qui-sappliquent-aux-donations-immobilieres-en-ligne-directe-a-bruxelles\"><a href=\"#voici-un-tableau-des-tarifs-qui-sappliquent-aux-donations-immobilieres-en-ligne-directe-a-bruxelles\" class=\"heading-link\"><i class=\"glyphicon glyphicon-link\"><\/i><\/a>Voici un tableau des tarifs qui s\u2019appliquent aux donations immobili\u00e8res en ligne directe \u00e0 Bruxelles :<\/h4>\n\n\n\n<figure class=\"wp-block-table\"><table><tbody><tr><td><strong>Valeur du bien immobilier<\/strong><\/td><td><strong>% applicable \u00e0 la tranche<\/strong><\/td><\/tr><tr><td>jusqu&#8217;\u00e0 150 000 \u20ac<\/td><td>3%<\/td><\/tr><tr><td>de 150 000,01 \u20ac \u00e0 250 000 \u20ac<\/td><td>9%<\/td><\/tr><tr><td>de 250 000,01 \u20ac \u00e0 450 000 \u20ac<\/td><td>18%<\/td><\/tr><tr><td>plus de 450 000,01 \u20ac<\/td><td>27%<\/td><\/tr><\/tbody><\/table><\/figure>\n\n\n\n<h4 class=\"wp-block-heading\" class=\"wp-block-heading\" id=\"voici-un-tableau-des-tarifs-qui-sappliquent-aux-donations-immobilieres-en-ligne-indirecte-dans-la-region-de-bruxelles\"><a href=\"#voici-un-tableau-des-tarifs-qui-sappliquent-aux-donations-immobilieres-en-ligne-indirecte-dans-la-region-de-bruxelles\" class=\"heading-link\"><i class=\"glyphicon glyphicon-link\"><\/i><\/a>Voici un tableau des tarifs qui s\u2019appliquent aux donations immobili\u00e8res en ligne indirecte dans la r\u00e9gion de Bruxelles :<\/h4>\n\n\n\n<figure class=\"wp-block-table\"><table><tbody><tr><td><strong>Valeur du bien immobilier<\/strong><\/td><td><strong>% applicable \u00e0 la tranche<\/strong><\/td><\/tr><tr><td>jusqu&#8217;\u00e0 150 000 \u20ac<\/td><td>10%<\/td><\/tr><tr><td>de 150 000,01 \u20ac \u00e0 250 000 \u20ac<\/td><td>20%<\/td><\/tr><tr><td>de 250 000,01 \u20ac \u00e0 450 000 \u20ac<\/td><td>30%<\/td><\/tr><tr><td>plus de 450 000,01 \u20ac<\/td><td>40%<\/td><\/tr><\/tbody><\/table><\/figure>\n\n\n\n<p>Les droits de donation concernent \u00e9galement les <strong>dons mobiliers<\/strong>. Ils ne sont pas obligatoirement enregistrables.<\/p>\n\n\n\n<p>Les frais qui s\u2019appliquent pour les meubles sont les suivants :<\/p>\n\n\n\n<ul class=\"wp-block-list\">\n<li>3 % pour une donation en ligne directe, entre \u00e9poux ou entre cohabitants ;<\/li>\n\n\n\n<li>7 % pour une donation aux autres personnes.<\/li>\n<\/ul>\n\n\n\n<h3 class=\"wp-block-heading\" class=\"wp-block-heading\" id=\"les-donations-par-tranche-a-bruxelles\"><a href=\"#les-donations-par-tranche-a-bruxelles\" class=\"heading-link\"><i class=\"glyphicon glyphicon-link\"><\/i><\/a>Les donations par tranche \u00e0 Bruxelles<\/h3>\n\n\n\n<p>Les donations par tranche de 150 000 euros <strong>tous les 3 ans<\/strong> permettent de maintenir les <strong>droits de donation \u00e0 3%.<\/strong><\/p>\n\n\n\n<p>En effet, la valeur des donations n\u2019est <strong>pas cumulable<\/strong> pass\u00e9 une p\u00e9riode de 3 ans. Le montant des droits de donation est ainsi r\u00e9duit.<\/p>\n\n\n\n<p>\u00c0 Bruxelles, contrairement \u00e0 la Wallonie, les frais de donation sont<strong> lib\u00e9ratoire<\/strong> des frais de succession. <\/p>\n\n\n\n<p>Et ce, m\u00eame si le donateur vient \u00e0 d\u00e9c\u00e9der dans les trois ans qui suivent la donation. <\/p>\n\n\n\n<p>Ainsi, les h\u00e9ritiers n\u2019auront <strong>aucun co\u00fbt<\/strong> <strong>suppl\u00e9mentaire<\/strong> \u00e0 r\u00e9gler sur les biens qui ont d\u00e9j\u00e0 \u00e9t\u00e9 transmis.<\/p>\n","protected":false},"excerpt":{"rendered":"<p>L\u2019acte de donation immobili\u00e8re doit \u00eatre r\u00e9alis\u00e9 par un notaire. Des droits de donations et frais de notaires seront \u00e9galement [&hellip;]<\/p>\n","protected":false},"author":208846801,"featured_media":18597,"parent":17723,"menu_order":0,"comment_status":"closed","ping_status":"closed","template":"","meta":{"_acf_changed":false,"content-type":"","site-sidebar-layout":"default","site-content-layout":"","ast-site-content-layout":"default","site-content-style":"default","site-sidebar-style":"default","ast-global-header-display":"","ast-banner-title-visibility":"","ast-main-header-display":"","ast-hfb-above-header-display":"","ast-hfb-below-header-display":"","ast-hfb-mobile-header-display":"","site-post-title":"","ast-breadcrumbs-content":"","ast-featured-img":"","footer-sml-layout":"","ast-disable-related-posts":"","theme-transparent-header-meta":"","adv-header-id-meta":"","stick-header-meta":"","header-above-stick-meta":"","header-main-stick-meta":"","header-below-stick-meta":"","astra-migrate-meta-layouts":"default","ast-page-background-enabled":"default","ast-page-background-meta":{"desktop":{"background-color":"var(--ast-global-color-5)","background-image":"","background-repeat":"repeat","background-position":"center center","background-size":"auto","background-attachment":"scroll","background-type":"","background-media":"","overlay-type":"","overlay-color":"","overlay-opacity":"","overlay-gradient":""},"tablet":{"background-color":"","background-image":"","background-repeat":"repeat","background-position":"center center","background-size":"auto","background-attachment":"scroll","background-type":"","background-media":"","overlay-type":"","overlay-color":"","overlay-opacity":"","overlay-gradient":""},"mobile":{"background-color":"","background-image":"","background-repeat":"repeat","background-position":"center center","background-size":"auto","background-attachment":"scroll","background-type":"","background-media":"","overlay-type":"","overlay-color":"","overlay-opacity":"","overlay-gradient":""}},"ast-content-background-meta":{"desktop":{"background-color":"var(--ast-global-color-4)","background-image":"","background-repeat":"repeat","background-position":"center center","background-size":"auto","background-attachment":"scroll","background-type":"","background-media":"","overlay-type":"","overlay-color":"","overlay-opacity":"","overlay-gradient":""},"tablet":{"background-color":"var(--ast-global-color-4)","background-image":"","background-repeat":"repeat","background-position":"center center","background-size":"auto","background-attachment":"scroll","background-type":"","background-media":"","overlay-type":"","overlay-color":"","overlay-opacity":"","overlay-gradient":""},"mobile":{"background-color":"var(--ast-global-color-4)","background-image":"","background-repeat":"repeat","background-position":"center center","background-size":"auto","background-attachment":"scroll","background-type":"","background-media":"","overlay-type":"","overlay-color":"","overlay-opacity":"","overlay-gradient":""}},"cybocfi_hide_featured_image":"","footnotes":""},"categories":[6435,6461],"tags":[6496,6497,6448,6495],"class_list":["post-18588","page","type-page","status-publish","has-post-thumbnail","hentry","category-blog","category-blog-nl","tag-donation-immobiliere","tag-donation-immobiliere-2","tag-seo","tag-seo-2"],"acf":[],"yoast_head":"<!-- This site is optimized with the Yoast SEO plugin v27.4 - https:\/\/yoast.com\/product\/yoast-seo-wordpress\/ -->\n<title>Donation immobili\u00e8re \u00e0 Bruxelles en 2026\u202f: comment \u00e7a marche<\/title>\n<meta name=\"description\" content=\"Faire une donation immobili\u00e8re lorsqu\u2019on est domicili\u00e9 \u00e0 Bruxelles ? D\u00e9couvrez tout ce qu\u2019il faut savoir dans cet article.\" \/>\n<meta name=\"robots\" content=\"index, follow, max-snippet:-1, max-image-preview:large, max-video-preview:-1\" \/>\n<link rel=\"canonical\" href=\"https:\/\/www.smovin.app\/fr-be\/donation-immobiliere\/bruxelles\/\" \/>\n<meta property=\"og:locale\" content=\"fr_FR\" \/>\n<meta property=\"og:type\" content=\"article\" \/>\n<meta property=\"og:title\" content=\"Donation immobili\u00e8re \u00e0 Bruxelles en 2026\u202f: comment \u00e7a marche\" \/>\n<meta property=\"og:description\" content=\"Faire une donation immobili\u00e8re lorsqu\u2019on est domicili\u00e9 \u00e0 Bruxelles ? D\u00e9couvrez tout ce qu\u2019il faut savoir dans cet article.\" \/>\n<meta property=\"og:url\" content=\"https:\/\/www.smovin.app\/fr-be\/donation-immobiliere\/bruxelles\/\" \/>\n<meta property=\"og:site_name\" content=\"Smovin | Focus on what really matters\" \/>\n<meta property=\"article:modified_time\" content=\"2023-07-26T08:41:32+00:00\" \/>\n<meta property=\"og:image\" content=\"https:\/\/www.smovin.app\/wp-content\/uploads\/2022\/09\/AdobeStock_119289471-scaled.jpeg\" \/>\n\t<meta property=\"og:image:width\" content=\"2560\" \/>\n\t<meta property=\"og:image:height\" content=\"1707\" \/>\n\t<meta property=\"og:image:type\" content=\"image\/jpeg\" \/>\n<meta name=\"twitter:card\" content=\"summary_large_image\" \/>\n<meta name=\"twitter:label1\" content=\"Est. reading time\" \/>\n\t<meta name=\"twitter:data1\" content=\"4 minutes\" \/>\n<script type=\"application\/ld+json\" class=\"yoast-schema-graph\">{\"@context\":\"https:\\\/\\\/schema.org\",\"@graph\":[{\"@type\":\"WebPage\",\"@id\":\"https:\\\/\\\/www.smovin.app\\\/fr-be\\\/donation-immobiliere\\\/bruxelles\\\/\",\"url\":\"https:\\\/\\\/www.smovin.app\\\/fr-be\\\/donation-immobiliere\\\/bruxelles\\\/\",\"name\":\"Donation immobili\u00e8re \u00e0 Bruxelles en 2026\u202f: comment \u00e7a marche\",\"isPartOf\":{\"@id\":\"https:\\\/\\\/www.smovin.app\\\/fr-be\\\/#website\"},\"primaryImageOfPage\":{\"@id\":\"https:\\\/\\\/www.smovin.app\\\/fr-be\\\/donation-immobiliere\\\/bruxelles\\\/#primaryimage\"},\"image\":{\"@id\":\"https:\\\/\\\/www.smovin.app\\\/fr-be\\\/donation-immobiliere\\\/bruxelles\\\/#primaryimage\"},\"thumbnailUrl\":\"https:\\\/\\\/www.smovin.app\\\/wp-content\\\/uploads\\\/2022\\\/09\\\/AdobeStock_119289471-scaled.jpeg\",\"datePublished\":\"2022-09-23T12:55:37+00:00\",\"dateModified\":\"2023-07-26T08:41:32+00:00\",\"description\":\"Faire une donation immobili\u00e8re lorsqu\u2019on est domicili\u00e9 \u00e0 Bruxelles ? D\u00e9couvrez tout ce qu\u2019il faut savoir dans cet article.\",\"breadcrumb\":{\"@id\":\"https:\\\/\\\/www.smovin.app\\\/fr-be\\\/donation-immobiliere\\\/bruxelles\\\/#breadcrumb\"},\"inLanguage\":\"fr-be\",\"potentialAction\":[{\"@type\":\"ReadAction\",\"target\":[\"https:\\\/\\\/www.smovin.app\\\/fr-be\\\/donation-immobiliere\\\/bruxelles\\\/\"]}]},{\"@type\":\"ImageObject\",\"inLanguage\":\"fr-be\",\"@id\":\"https:\\\/\\\/www.smovin.app\\\/fr-be\\\/donation-immobiliere\\\/bruxelles\\\/#primaryimage\",\"url\":\"https:\\\/\\\/www.smovin.app\\\/wp-content\\\/uploads\\\/2022\\\/09\\\/AdobeStock_119289471-scaled.jpeg\",\"contentUrl\":\"https:\\\/\\\/www.smovin.app\\\/wp-content\\\/uploads\\\/2022\\\/09\\\/AdobeStock_119289471-scaled.jpeg\",\"width\":2560,\"height\":1707,\"caption\":\"Donation immobili\u00e8re \u00e0 Bruxelles\"},{\"@type\":\"BreadcrumbList\",\"@id\":\"https:\\\/\\\/www.smovin.app\\\/fr-be\\\/donation-immobiliere\\\/bruxelles\\\/#breadcrumb\",\"itemListElement\":[{\"@type\":\"ListItem\",\"position\":1,\"name\":\"Accueil\",\"item\":\"https:\\\/\\\/www.smovin.app\\\/fr-be\\\/\"},{\"@type\":\"ListItem\",\"position\":2,\"name\":\"La donation immobili\u00e8re en Belgique\",\"item\":\"https:\\\/\\\/www.smovin.app\\\/fr-be\\\/donation-immobiliere\\\/\"},{\"@type\":\"ListItem\",\"position\":3,\"name\":\"Comment effectuer une donation immobili\u00e8re \u00e0 Bruxelles\u202f?\"}]},{\"@type\":\"WebSite\",\"@id\":\"https:\\\/\\\/www.smovin.app\\\/fr-be\\\/#website\",\"url\":\"https:\\\/\\\/www.smovin.app\\\/fr-be\\\/\",\"name\":\"Smovin | Focus on what really matters\",\"description\":\"Application de gestion locative puissante et intuitive pour investisseurs immobiliers.\",\"publisher\":{\"@id\":\"https:\\\/\\\/www.smovin.app\\\/fr-be\\\/#organization\"},\"potentialAction\":[{\"@type\":\"SearchAction\",\"target\":{\"@type\":\"EntryPoint\",\"urlTemplate\":\"https:\\\/\\\/www.smovin.app\\\/fr-be\\\/?s={search_term_string}\"},\"query-input\":{\"@type\":\"PropertyValueSpecification\",\"valueRequired\":true,\"valueName\":\"search_term_string\"}}],\"inLanguage\":\"fr-be\"},{\"@type\":\"Organization\",\"@id\":\"https:\\\/\\\/www.smovin.app\\\/fr-be\\\/#organization\",\"name\":\"Smovin\",\"url\":\"https:\\\/\\\/www.smovin.app\\\/fr-be\\\/\",\"logo\":{\"@type\":\"ImageObject\",\"inLanguage\":\"fr-be\",\"@id\":\"https:\\\/\\\/www.smovin.app\\\/fr-be\\\/#\\\/schema\\\/logo\\\/image\\\/\",\"url\":\"https:\\\/\\\/www.smovin.app\\\/wp-content\\\/uploads\\\/2021\\\/07\\\/LogoSmovinColors.svg\",\"contentUrl\":\"https:\\\/\\\/www.smovin.app\\\/wp-content\\\/uploads\\\/2021\\\/07\\\/LogoSmovinColors.svg\",\"width\":540,\"height\":103,\"caption\":\"Smovin\"},\"image\":{\"@id\":\"https:\\\/\\\/www.smovin.app\\\/fr-be\\\/#\\\/schema\\\/logo\\\/image\\\/\"}}]}<\/script>\n<!-- \/ Yoast SEO plugin. -->","yoast_head_json":{"title":"Donation immobili\u00e8re \u00e0 Bruxelles en 2026\u202f: comment \u00e7a marche","description":"Faire une donation immobili\u00e8re lorsqu\u2019on est domicili\u00e9 \u00e0 Bruxelles ? D\u00e9couvrez tout ce qu\u2019il faut savoir dans cet article.","robots":{"index":"index","follow":"follow","max-snippet":"max-snippet:-1","max-image-preview":"max-image-preview:large","max-video-preview":"max-video-preview:-1"},"canonical":"https:\/\/www.smovin.app\/fr-be\/donation-immobiliere\/bruxelles\/","og_locale":"fr_FR","og_type":"article","og_title":"Donation immobili\u00e8re \u00e0 Bruxelles en 2026\u202f: comment \u00e7a marche","og_description":"Faire une donation immobili\u00e8re lorsqu\u2019on est domicili\u00e9 \u00e0 Bruxelles ? D\u00e9couvrez tout ce qu\u2019il faut savoir dans cet article.","og_url":"https:\/\/www.smovin.app\/fr-be\/donation-immobiliere\/bruxelles\/","og_site_name":"Smovin | Focus on what really matters","article_modified_time":"2023-07-26T08:41:32+00:00","og_image":[{"width":2560,"height":1707,"url":"https:\/\/www.smovin.app\/wp-content\/uploads\/2022\/09\/AdobeStock_119289471-scaled.jpeg","type":"image\/jpeg"}],"twitter_card":"summary_large_image","twitter_misc":{"Est. reading time":"4 minutes"},"schema":{"@context":"https:\/\/schema.org","@graph":[{"@type":"WebPage","@id":"https:\/\/www.smovin.app\/fr-be\/donation-immobiliere\/bruxelles\/","url":"https:\/\/www.smovin.app\/fr-be\/donation-immobiliere\/bruxelles\/","name":"Donation immobili\u00e8re \u00e0 Bruxelles en 2026\u202f: comment \u00e7a marche","isPartOf":{"@id":"https:\/\/www.smovin.app\/fr-be\/#website"},"primaryImageOfPage":{"@id":"https:\/\/www.smovin.app\/fr-be\/donation-immobiliere\/bruxelles\/#primaryimage"},"image":{"@id":"https:\/\/www.smovin.app\/fr-be\/donation-immobiliere\/bruxelles\/#primaryimage"},"thumbnailUrl":"https:\/\/www.smovin.app\/wp-content\/uploads\/2022\/09\/AdobeStock_119289471-scaled.jpeg","datePublished":"2022-09-23T12:55:37+00:00","dateModified":"2023-07-26T08:41:32+00:00","description":"Faire une donation immobili\u00e8re lorsqu\u2019on est domicili\u00e9 \u00e0 Bruxelles ? D\u00e9couvrez tout ce qu\u2019il faut savoir dans cet article.","breadcrumb":{"@id":"https:\/\/www.smovin.app\/fr-be\/donation-immobiliere\/bruxelles\/#breadcrumb"},"inLanguage":"fr-be","potentialAction":[{"@type":"ReadAction","target":["https:\/\/www.smovin.app\/fr-be\/donation-immobiliere\/bruxelles\/"]}]},{"@type":"ImageObject","inLanguage":"fr-be","@id":"https:\/\/www.smovin.app\/fr-be\/donation-immobiliere\/bruxelles\/#primaryimage","url":"https:\/\/www.smovin.app\/wp-content\/uploads\/2022\/09\/AdobeStock_119289471-scaled.jpeg","contentUrl":"https:\/\/www.smovin.app\/wp-content\/uploads\/2022\/09\/AdobeStock_119289471-scaled.jpeg","width":2560,"height":1707,"caption":"Donation immobili\u00e8re \u00e0 Bruxelles"},{"@type":"BreadcrumbList","@id":"https:\/\/www.smovin.app\/fr-be\/donation-immobiliere\/bruxelles\/#breadcrumb","itemListElement":[{"@type":"ListItem","position":1,"name":"Accueil","item":"https:\/\/www.smovin.app\/fr-be\/"},{"@type":"ListItem","position":2,"name":"La donation immobili\u00e8re en Belgique","item":"https:\/\/www.smovin.app\/fr-be\/donation-immobiliere\/"},{"@type":"ListItem","position":3,"name":"Comment effectuer une donation immobili\u00e8re \u00e0 Bruxelles\u202f?"}]},{"@type":"WebSite","@id":"https:\/\/www.smovin.app\/fr-be\/#website","url":"https:\/\/www.smovin.app\/fr-be\/","name":"Smovin | Focus on what really matters","description":"Application de gestion locative puissante et intuitive pour investisseurs immobiliers.","publisher":{"@id":"https:\/\/www.smovin.app\/fr-be\/#organization"},"potentialAction":[{"@type":"SearchAction","target":{"@type":"EntryPoint","urlTemplate":"https:\/\/www.smovin.app\/fr-be\/?s={search_term_string}"},"query-input":{"@type":"PropertyValueSpecification","valueRequired":true,"valueName":"search_term_string"}}],"inLanguage":"fr-be"},{"@type":"Organization","@id":"https:\/\/www.smovin.app\/fr-be\/#organization","name":"Smovin","url":"https:\/\/www.smovin.app\/fr-be\/","logo":{"@type":"ImageObject","inLanguage":"fr-be","@id":"https:\/\/www.smovin.app\/fr-be\/#\/schema\/logo\/image\/","url":"https:\/\/www.smovin.app\/wp-content\/uploads\/2021\/07\/LogoSmovinColors.svg","contentUrl":"https:\/\/www.smovin.app\/wp-content\/uploads\/2021\/07\/LogoSmovinColors.svg","width":540,"height":103,"caption":"Smovin"},"image":{"@id":"https:\/\/www.smovin.app\/fr-be\/#\/schema\/logo\/image\/"}}]}},"_links":{"self":[{"href":"https:\/\/www.smovin.app\/fr-be\/wp-json\/wp\/v2\/pages\/18588","targetHints":{"allow":["GET"]}}],"collection":[{"href":"https:\/\/www.smovin.app\/fr-be\/wp-json\/wp\/v2\/pages"}],"about":[{"href":"https:\/\/www.smovin.app\/fr-be\/wp-json\/wp\/v2\/types\/page"}],"author":[{"embeddable":true,"href":"https:\/\/www.smovin.app\/fr-be\/wp-json\/wp\/v2\/users\/208846801"}],"replies":[{"embeddable":true,"href":"https:\/\/www.smovin.app\/fr-be\/wp-json\/wp\/v2\/comments?post=18588"}],"version-history":[{"count":0,"href":"https:\/\/www.smovin.app\/fr-be\/wp-json\/wp\/v2\/pages\/18588\/revisions"}],"up":[{"embeddable":true,"href":"https:\/\/www.smovin.app\/fr-be\/wp-json\/wp\/v2\/pages\/17723"}],"wp:featuredmedia":[{"embeddable":true,"href":"https:\/\/www.smovin.app\/fr-be\/wp-json\/wp\/v2\/media\/18597"}],"wp:attachment":[{"href":"https:\/\/www.smovin.app\/fr-be\/wp-json\/wp\/v2\/media?parent=18588"}],"wp:term":[{"taxonomy":"category","embeddable":true,"href":"https:\/\/www.smovin.app\/fr-be\/wp-json\/wp\/v2\/categories?post=18588"},{"taxonomy":"post_tag","embeddable":true,"href":"https:\/\/www.smovin.app\/fr-be\/wp-json\/wp\/v2\/tags?post=18588"}],"curies":[{"name":"wp","href":"https:\/\/api.w.org\/{rel}","templated":true}]}}