{"id":18199,"date":"2022-09-22T09:15:04","date_gmt":"2022-09-22T07:15:04","guid":{"rendered":"https:\/\/www.smovin.app\/?page_id=18199"},"modified":"2024-05-29T14:56:01","modified_gmt":"2024-05-29T12:56:01","slug":"wallonie","status":"publish","type":"page","link":"https:\/\/www.smovin.app\/fr-be\/donation-immobiliere\/wallonie\/","title":{"rendered":"Tout savoir sur la donation immobili\u00e8re en Wallonie"},"content":{"rendered":"\n\n<div class=\"kk-star-ratings kksr-shortcode\"\n    data-payload='{&quot;id&quot;:&quot;18199&quot;,&quot;slug&quot;:&quot;default&quot;,&quot;ignore&quot;:&quot;&quot;,&quot;reference&quot;:&quot;shortcode&quot;,&quot;align&quot;:&quot;&quot;,&quot;class&quot;:&quot;&quot;,&quot;count&quot;:&quot;40&quot;,&quot;legendonly&quot;:&quot;&quot;,&quot;readonly&quot;:&quot;&quot;,&quot;score&quot;:&quot;4.9&quot;,&quot;starsonly&quot;:&quot;&quot;,&quot;valign&quot;:&quot;&quot;,&quot;best&quot;:&quot;5&quot;,&quot;gap&quot;:&quot;5&quot;,&quot;greet&quot;:&quot;Rate this&quot;,&quot;legend&quot;:&quot;4.9\\\/5 - (40 votes)&quot;,&quot;size&quot;:&quot;14&quot;,&quot;title&quot;:&quot;Tout savoir sur la donation immobili\u00e8re en Wallonie&quot;,&quot;width&quot;:&quot;90.6&quot;,&quot;_legend&quot;:&quot;{score}\\\/{best} - ({count} {votes})&quot;,&quot;font_factor&quot;:&quot;1.25&quot;}'>\n            \n<div class=\"kksr-stars\">\n    \n<div class=\"kksr-stars-inactive\">\n            <div class=\"kksr-star\" data-star=\"1\" style=\"padding-right: 5px\">\n            \n\n<div class=\"kksr-icon\" style=\"width: 14px; height: 14px;\"><\/div>\n        <\/div>\n            <div class=\"kksr-star\" data-star=\"2\" style=\"padding-right: 5px\">\n            \n\n<div class=\"kksr-icon\" style=\"width: 14px; height: 14px;\"><\/div>\n        <\/div>\n            <div class=\"kksr-star\" data-star=\"3\" style=\"padding-right: 5px\">\n            \n\n<div class=\"kksr-icon\" style=\"width: 14px; height: 14px;\"><\/div>\n        <\/div>\n            <div class=\"kksr-star\" data-star=\"4\" style=\"padding-right: 5px\">\n            \n\n<div class=\"kksr-icon\" style=\"width: 14px; height: 14px;\"><\/div>\n        <\/div>\n            <div class=\"kksr-star\" data-star=\"5\" style=\"padding-right: 5px\">\n            \n\n<div class=\"kksr-icon\" style=\"width: 14px; height: 14px;\"><\/div>\n        <\/div>\n    <\/div>\n    \n<div class=\"kksr-stars-active\" style=\"width: 90.6px;\">\n            <div class=\"kksr-star\" style=\"padding-right: 5px\">\n            \n\n<div class=\"kksr-icon\" style=\"width: 14px; height: 14px;\"><\/div>\n        <\/div>\n            <div class=\"kksr-star\" style=\"padding-right: 5px\">\n            \n\n<div class=\"kksr-icon\" style=\"width: 14px; height: 14px;\"><\/div>\n        <\/div>\n            <div class=\"kksr-star\" style=\"padding-right: 5px\">\n            \n\n<div class=\"kksr-icon\" style=\"width: 14px; height: 14px;\"><\/div>\n        <\/div>\n            <div class=\"kksr-star\" style=\"padding-right: 5px\">\n            \n\n<div class=\"kksr-icon\" style=\"width: 14px; height: 14px;\"><\/div>\n        <\/div>\n            <div class=\"kksr-star\" style=\"padding-right: 5px\">\n            \n\n<div class=\"kksr-icon\" style=\"width: 14px; height: 14px;\"><\/div>\n        <\/div>\n    <\/div>\n<\/div>\n                \n\n<div class=\"kksr-legend\" style=\"font-size: 11.2px;\">\n            4.9\/5 - (40 votes)    <\/div>\n    <\/div>\n\n\n\n\n<p>De plus en plus de propri\u00e9taires belges optent pour la solution de <a href=\"https:\/\/www.smovin.app\/donation-immobiliere\/\"><strong>la<\/strong><\/a><strong><a href=\"https:\/\/www.smovin.app\/donation-immobiliere\/\"> <\/a><\/strong><a href=\"https:\/\/www.smovin.app\/donation-immobiliere\/\"><strong>donation<\/strong><\/a><strong><a href=\"https:\/\/www.smovin.app\/donation-immobiliere\/\"> <\/a><\/strong><a href=\"https:\/\/www.smovin.app\/donation-immobiliere\/\"><strong>immobili\u00e8re<\/strong><\/a>. Cette formule offre de nombreux avantages : diminuer la fiscalit\u00e9, \u00e9viter les conflits familiaux, planifier une succession<strong>\u2026<\/strong><\/p>\n\n\n\n<p>Le droit immobilier \u00e9tant une mati\u00e8re r\u00e9gionale, si vous vivez en <strong>Wallonie <\/strong>des r\u00e8gles sp\u00e9cifiques s\u2019appliquent aux donations immobili\u00e8res. <\/p>\n\n\n\n<p>Certaines concernent les <strong>biens mobiliers<\/strong>, d\u2019autres, les <strong>biens immobiliers<\/strong>. Il est important de bien les diff\u00e9rencier.<\/p>\n\n\n\n<p>Voici quelques pr\u00e9cieuses informations pour comprendre comment fonctionnent les proc\u00e9dures de donations immobili\u00e8res en Wallonie.<\/p>\n\n\n\n<h2 class=\"wp-block-heading\" class=\"wp-block-heading\" id=\"pourquoi-faire-une-donation-immobiliere-en-wallonie\"><a href=\"#pourquoi-faire-une-donation-immobiliere-en-wallonie\" class=\"heading-link\"><i class=\"glyphicon glyphicon-link\"><\/i><\/a>Pourquoi faire une donation immobili\u00e8re en Wallonie ?<\/h2>\n\n\n\n<p>En Wallonie, la donation immobili\u00e8re constitue une <strong>alternative \u00e0 la succession<\/strong>. <\/p>\n\n\n\n<p>Certains propri\u00e9taires souhaitent transmettre leur bien de leur vivant afin de g\u00e9rer les choses comme ils le souhaitent.&nbsp;<\/p>\n\n\n\n<p>Les propri\u00e9taires peuvent r\u00e9aliser une donation <strong>avec r\u00e9serve d\u2019usufruit<\/strong> ou <strong>avec charge<\/strong>. Ainsi, ils s\u2019assurent de pouvoir profiter du bien jusqu\u2019\u00e0 leur d\u00e9c\u00e8s ou le c\u00e8dent contre une rente.<\/p>\n\n\n\n<p>Voici deux points importants qui motivent les donations immobili\u00e8res :&nbsp;<\/p>\n\n\n\n<h3 class=\"wp-block-heading\" class=\"wp-block-heading\" id=\"les-avantages-fiscaux\"><a href=\"#les-avantages-fiscaux\" class=\"heading-link\"><i class=\"glyphicon glyphicon-link\"><\/i><\/a>Les avantages fiscaux<\/h3>\n\n\n\n<p>En effectuant une donation immobili\u00e8re, les avantages fiscaux sont r\u00e9els. Les frais de succession sont <strong>partiellement<\/strong> voire <strong>totalement acquitt\u00e9s<\/strong>.&nbsp;<\/p>\n\n\n\n<p>En revanche, des <strong>droits de donation<\/strong> seront dus. Ils demeurent moins importants que les frais de succession.<\/p>\n\n\n\n<p>La donation immobili\u00e8re permet donc de contourner les frais de succession et d\u2019optimiser la fiscalit\u00e9.<\/p>\n\n\n\n<p>Si le donateur d\u00e9c\u00e8de dans les trois ann\u00e9es qui suivent la donation, en <strong>Wallonie<\/strong>, la valeur du bien d\u00e9j\u00e0 transmis sera ajout\u00e9e fictivement \u00e0 celle du reste du patrimoine pour calculer le taux des frais de succession dus par les h\u00e9ritiers.<\/p>\n\n\n\n<h3 class=\"wp-block-heading\" class=\"wp-block-heading\" id=\"lanticipation-de-la-succession\"><a href=\"#lanticipation-de-la-succession\" class=\"heading-link\"><i class=\"glyphicon glyphicon-link\"><\/i><\/a>L\u2019anticipation de la succession<\/h3>\n\n\n\n<p>Certains propri\u00e9taires souhaitent c\u00e9der leur patrimoine de leur vivant afin d\u2019<strong>\u00e9viter les conflits familiaux<\/strong>. C\u2019est aussi une mani\u00e8re de permettre au successeur de <strong>profiter du bien plus longtemps<\/strong>.<\/p>\n\n\n\n<p>Ils partagent ainsi le patrimoine entre leurs proches et s\u2019assurent du respect de leur volont\u00e9 quant \u00e0 la transmission des biens immobiliers qu\u2019ils poss\u00e8dent.<\/p>\n\n\n\n<p>La <strong>planification de la succession <\/strong>est une motivation pour de nombreux donateurs immobiliers.<\/p>\n\n\n\n<h2 class=\"wp-block-heading\" class=\"wp-block-heading\" id=\"comment-calculer-les-frais-de-donation-immobiliere-en-wallonie\"><a href=\"#comment-calculer-les-frais-de-donation-immobiliere-en-wallonie\" class=\"heading-link\"><i class=\"glyphicon glyphicon-link\"><\/i><\/a>Comment calculer les frais de donation immobili\u00e8re en Wallonie ?<\/h2>\n\n\n\n<p>Si les frais de succession sont r\u00e9duits ou inexistants dans le cadre d\u2019une donation immobili\u00e8re, des <strong>droits de donation <\/strong>s\u2019appliquent. Ils sont calcul\u00e9s selon les \u00e9l\u00e9ments suivants :<\/p>\n\n\n\n<ul class=\"wp-block-list\">\n<li>la valeur du bien immobilier sur le march\u00e9,<\/li>\n\n\n\n<li>le lien de parent\u00e9 entre le donateur et son donataire.<\/li>\n<\/ul>\n\n\n\n<p>De plus, la donation immobili\u00e8re doit passer par un acte notari\u00e9 puisqu\u2019il s\u2019agit d\u2019un acte solennel. Les <strong>frais de notaires<\/strong> sont incontournables.<\/p>\n\n\n\n<h3 class=\"wp-block-heading\" class=\"wp-block-heading\" id=\"les-droits-de-donation-en-wallonie\"><a href=\"#les-droits-de-donation-en-wallonie\" class=\"heading-link\"><i class=\"glyphicon glyphicon-link\"><\/i><\/a>Les droits de donation en Wallonie<\/h3>\n\n\n\n<p>En Wallonie, les droits de donation sont calcul\u00e9s selon le <strong>prix estim\u00e9 du bien immobilier<\/strong>. <\/p>\n\n\n\n<p>L\u2019estimation <strong>doit \u00eatre juste<\/strong> afin de ne pas risquer une amende pour sous-estimation ou surestimation.<\/p>\n\n\n\n<p>Les droits de donation sont \u00e9galement calcul\u00e9s selon le <strong>lien de parent\u00e9<\/strong> qui unit le donateur et le donataire. <\/p>\n\n\n\n<p>Il peut \u00eatre <strong>direct<\/strong> (tous les ascendants et descendants d&#8217;une m\u00eame personne ainsi que les \u00e9poux\/\u00e9pouses) ou <strong>indirect<\/strong> (toutes les personnes qui ne descendent pas les unes des autres, mais qui poss\u00e8dent un auteur commun ainsi que les co-habitants).<\/p>\n\n\n\n<p><strong>Voici un tableau des tarifs qui s\u2019appliquent aux donations immobili\u00e8res en ligne directe en Wallonie depuis le 3 septembre 2018 :<\/strong><\/p>\n\n\n\n<figure class=\"wp-block-table\"><table><tbody><tr><td><strong>Valeur du bien immobilier<\/strong><\/td><td><strong>% applicable \u00e0 la tranche<\/strong><\/td><\/tr><tr><td>jusqu&#8217;\u00e0 150 000 \u20ac<\/td><td>3%<\/td><\/tr><tr><td>de 150 000,01 \u20ac \u00e0 250 000 \u20ac<\/td><td>9%<\/td><\/tr><tr><td>de 250 000,01 \u20ac \u00e0 450 000 \u20ac<\/td><td>18%<\/td><\/tr><tr><td>plus de 450 000,01 \u20ac<\/td><td>27%<\/td><\/tr><\/tbody><\/table><\/figure>\n\n\n\n<p>En Wallonie, il est possible de b\u00e9n\u00e9ficier d\u2019une <strong>r\u00e9duction d\u2019imp\u00f4t de 4% par enfant<\/strong> si le donataire en ligne directe poss\u00e8de au minimum <strong>3<\/strong> enfants en vie de <strong>moins de 21 ans<\/strong>, avec un maximum de 124 euros par enfant.<\/p>\n\n\n\n<p><strong>Voici un tableau des tarifs qui s\u2019appliquent aux donations immobili\u00e8res en ligne indirecte dans la r\u00e9gion Wallonne :<\/strong><\/p>\n\n\n\n<figure class=\"wp-block-table\"><table><tbody><tr><td><strong>Valeur du bien immobilier<\/strong><\/td><td><strong>% applicable \u00e0 la tranche<\/strong><\/td><\/tr><tr><td>jusqu&#8217;\u00e0 150 000 \u20ac<\/td><td>10%<\/td><\/tr><tr><td>de 150 000,01 \u20ac \u00e0 250 000 \u20ac<\/td><td>20%<\/td><\/tr><tr><td>de 250 000,01 \u20ac \u00e0 450 000 \u20ac<\/td><td>30%<\/td><\/tr><tr><td>plus de 450 000,01 \u20ac<\/td><td>40%<\/td><\/tr><\/tbody><\/table><\/figure>\n\n\n\n<p>En Wallonie, il est possible de b\u00e9n\u00e9ficier d\u2019une <strong>r\u00e9duction d\u2019imp\u00f4t de 2% par enfant<\/strong> si le donataire en ligne indirecte poss\u00e8de au minimum <strong>3 <\/strong>enfants en vie de <strong>moins de 21 ans<\/strong>, avec un maximum de 62 euros par enfant.<\/p>\n\n\n\n<h3 class=\"wp-block-heading\" class=\"wp-block-heading\" id=\"les-donations-immobilieres-par-tranche\"><a href=\"#les-donations-immobilieres-par-tranche\" class=\"heading-link\"><i class=\"glyphicon glyphicon-link\"><\/i><\/a>Les donations immobili\u00e8res par tranche<\/h3>\n\n\n\n<p>La donation immobili\u00e8re par tranche permet d\u2019att\u00e9nuer la progressivit\u00e9 des droits de donation.<\/p>\n\n\n\n<p>En \u00e9chelonnant les donations<strong> tous les 3 ans<\/strong>, le montant des biens transmis est remis \u00e0 z\u00e9ro et ne se cumule pas. Cela permet de <strong>limiter le % applicable<\/strong> dans le calcul des droits de donation.<\/p>\n","protected":false},"excerpt":{"rendered":"<p>De plus en plus de propri\u00e9taires belges optent pour la solution de la donation immobili\u00e8re. Cette formule offre de nombreux [&hellip;]<\/p>\n","protected":false},"author":208846801,"featured_media":50811,"parent":17723,"menu_order":0,"comment_status":"closed","ping_status":"closed","template":"","meta":{"_acf_changed":false,"content-type":"","site-sidebar-layout":"default","site-content-layout":"","ast-site-content-layout":"default","site-content-style":"default","site-sidebar-style":"default","ast-global-header-display":"","ast-banner-title-visibility":"","ast-main-header-display":"","ast-hfb-above-header-display":"","ast-hfb-below-header-display":"","ast-hfb-mobile-header-display":"","site-post-title":"","ast-breadcrumbs-content":"","ast-featured-img":"","footer-sml-layout":"","ast-disable-related-posts":"","theme-transparent-header-meta":"","adv-header-id-meta":"","stick-header-meta":"","header-above-stick-meta":"","header-main-stick-meta":"","header-below-stick-meta":"","astra-migrate-meta-layouts":"set","ast-page-background-enabled":"default","ast-page-background-meta":{"desktop":{"background-color":"var(--ast-global-color-5)","background-image":"","background-repeat":"repeat","background-position":"center center","background-size":"auto","background-attachment":"scroll","background-type":"","background-media":"","overlay-type":"","overlay-color":"","overlay-opacity":"","overlay-gradient":""},"tablet":{"background-color":"","background-image":"","background-repeat":"repeat","background-position":"center center","background-size":"auto","background-attachment":"scroll","background-type":"","background-media":"","overlay-type":"","overlay-color":"","overlay-opacity":"","overlay-gradient":""},"mobile":{"background-color":"","background-image":"","background-repeat":"repeat","background-position":"center center","background-size":"auto","background-attachment":"scroll","background-type":"","background-media":"","overlay-type":"","overlay-color":"","overlay-opacity":"","overlay-gradient":""}},"ast-content-background-meta":{"desktop":{"background-color":"var(--ast-global-color-4)","background-image":"","background-repeat":"repeat","background-position":"center center","background-size":"auto","background-attachment":"scroll","background-type":"","background-media":"","overlay-type":"","overlay-color":"","overlay-opacity":"","overlay-gradient":""},"tablet":{"background-color":"var(--ast-global-color-4)","background-image":"","background-repeat":"repeat","background-position":"center center","background-size":"auto","background-attachment":"scroll","background-type":"","background-media":"","overlay-type":"","overlay-color":"","overlay-opacity":"","overlay-gradient":""},"mobile":{"background-color":"var(--ast-global-color-4)","background-image":"","background-repeat":"repeat","background-position":"center center","background-size":"auto","background-attachment":"scroll","background-type":"","background-media":"","overlay-type":"","overlay-color":"","overlay-opacity":"","overlay-gradient":""}},"cybocfi_hide_featured_image":"","footnotes":""},"categories":[6435,6461],"tags":[6496,6497,6448,6495],"class_list":["post-18199","page","type-page","status-publish","has-post-thumbnail","hentry","category-blog","category-blog-nl","tag-donation-immobiliere","tag-donation-immobiliere-2","tag-seo","tag-seo-2"],"acf":[],"yoast_head":"<!-- This site is optimized with the Yoast SEO plugin v27.5 - https:\/\/yoast.com\/product\/yoast-seo-wordpress\/ -->\n<title>Donation immobili\u00e8re en Wallonie, on vous explique tout<\/title>\n<meta name=\"description\" content=\"Pourquoi faire une donation immobili\u00e8re en Wallonie et comment calculer les frais qui en d\u00e9coulent\u202f? Voici ce qu&#039;il faut savoir...\" \/>\n<meta name=\"robots\" content=\"index, follow, max-snippet:-1, max-image-preview:large, max-video-preview:-1\" \/>\n<link rel=\"canonical\" href=\"https:\/\/www.smovin.app\/fr-be\/donation-immobiliere\/wallonie\/\" \/>\n<meta property=\"og:locale\" content=\"fr_FR\" \/>\n<meta property=\"og:type\" content=\"article\" \/>\n<meta property=\"og:title\" content=\"Donation immobili\u00e8re en Wallonie, on vous explique tout\" \/>\n<meta property=\"og:description\" content=\"Pourquoi faire une donation immobili\u00e8re en Wallonie et comment calculer les frais qui en d\u00e9coulent\u202f? Voici ce qu&#039;il faut savoir...\" \/>\n<meta property=\"og:url\" content=\"https:\/\/www.smovin.app\/fr-be\/donation-immobiliere\/wallonie\/\" \/>\n<meta property=\"og:site_name\" content=\"Smovin | Focus on what really matters\" \/>\n<meta property=\"article:modified_time\" content=\"2024-05-29T12:56:01+00:00\" \/>\n<meta property=\"og:image\" content=\"https:\/\/www.smovin.app\/wp-content\/uploads\/2024\/05\/AdobeStock_299308451-2048x1365-1.webp\" \/>\n\t<meta property=\"og:image:width\" content=\"2048\" \/>\n\t<meta property=\"og:image:height\" content=\"1365\" \/>\n\t<meta property=\"og:image:type\" content=\"image\/webp\" \/>\n<meta name=\"twitter:card\" content=\"summary_large_image\" \/>\n<meta name=\"twitter:label1\" content=\"Est. reading time\" \/>\n\t<meta name=\"twitter:data1\" content=\"4 minutes\" \/>\n<script type=\"application\/ld+json\" class=\"yoast-schema-graph\">{\"@context\":\"https:\\\/\\\/schema.org\",\"@graph\":[{\"@type\":\"WebPage\",\"@id\":\"https:\\\/\\\/www.smovin.app\\\/fr-be\\\/donation-immobiliere\\\/wallonie\\\/\",\"url\":\"https:\\\/\\\/www.smovin.app\\\/fr-be\\\/donation-immobiliere\\\/wallonie\\\/\",\"name\":\"Donation immobili\u00e8re en Wallonie, on vous explique tout\",\"isPartOf\":{\"@id\":\"https:\\\/\\\/www.smovin.app\\\/fr-be\\\/#website\"},\"primaryImageOfPage\":{\"@id\":\"https:\\\/\\\/www.smovin.app\\\/fr-be\\\/donation-immobiliere\\\/wallonie\\\/#primaryimage\"},\"image\":{\"@id\":\"https:\\\/\\\/www.smovin.app\\\/fr-be\\\/donation-immobiliere\\\/wallonie\\\/#primaryimage\"},\"thumbnailUrl\":\"https:\\\/\\\/www.smovin.app\\\/wp-content\\\/uploads\\\/2024\\\/05\\\/AdobeStock_299308451-2048x1365-1.webp\",\"datePublished\":\"2022-09-22T07:15:04+00:00\",\"dateModified\":\"2024-05-29T12:56:01+00:00\",\"description\":\"Pourquoi faire une donation immobili\u00e8re en Wallonie et comment calculer les frais qui en d\u00e9coulent\u202f? Voici ce qu'il faut savoir...\",\"breadcrumb\":{\"@id\":\"https:\\\/\\\/www.smovin.app\\\/fr-be\\\/donation-immobiliere\\\/wallonie\\\/#breadcrumb\"},\"inLanguage\":\"fr-be\",\"potentialAction\":[{\"@type\":\"ReadAction\",\"target\":[\"https:\\\/\\\/www.smovin.app\\\/fr-be\\\/donation-immobiliere\\\/wallonie\\\/\"]}]},{\"@type\":\"ImageObject\",\"inLanguage\":\"fr-be\",\"@id\":\"https:\\\/\\\/www.smovin.app\\\/fr-be\\\/donation-immobiliere\\\/wallonie\\\/#primaryimage\",\"url\":\"https:\\\/\\\/www.smovin.app\\\/wp-content\\\/uploads\\\/2024\\\/05\\\/AdobeStock_299308451-2048x1365-1.webp\",\"contentUrl\":\"https:\\\/\\\/www.smovin.app\\\/wp-content\\\/uploads\\\/2024\\\/05\\\/AdobeStock_299308451-2048x1365-1.webp\",\"width\":2048,\"height\":1365,\"caption\":\"Donation immobili\u00e8re en Wallonie\"},{\"@type\":\"BreadcrumbList\",\"@id\":\"https:\\\/\\\/www.smovin.app\\\/fr-be\\\/donation-immobiliere\\\/wallonie\\\/#breadcrumb\",\"itemListElement\":[{\"@type\":\"ListItem\",\"position\":1,\"name\":\"Accueil\",\"item\":\"https:\\\/\\\/www.smovin.app\\\/fr-be\\\/\"},{\"@type\":\"ListItem\",\"position\":2,\"name\":\"La donation immobili\u00e8re en Belgique\",\"item\":\"https:\\\/\\\/www.smovin.app\\\/fr-be\\\/donation-immobiliere\\\/\"},{\"@type\":\"ListItem\",\"position\":3,\"name\":\"Tout savoir sur la donation immobili\u00e8re en Wallonie\"}]},{\"@type\":\"WebSite\",\"@id\":\"https:\\\/\\\/www.smovin.app\\\/fr-be\\\/#website\",\"url\":\"https:\\\/\\\/www.smovin.app\\\/fr-be\\\/\",\"name\":\"Smovin | Focus on what really matters\",\"description\":\"Application de gestion locative puissante et intuitive pour investisseurs immobiliers.\",\"publisher\":{\"@id\":\"https:\\\/\\\/www.smovin.app\\\/fr-be\\\/#organization\"},\"potentialAction\":[{\"@type\":\"SearchAction\",\"target\":{\"@type\":\"EntryPoint\",\"urlTemplate\":\"https:\\\/\\\/www.smovin.app\\\/fr-be\\\/?s={search_term_string}\"},\"query-input\":{\"@type\":\"PropertyValueSpecification\",\"valueRequired\":true,\"valueName\":\"search_term_string\"}}],\"inLanguage\":\"fr-be\"},{\"@type\":\"Organization\",\"@id\":\"https:\\\/\\\/www.smovin.app\\\/fr-be\\\/#organization\",\"name\":\"Smovin\",\"url\":\"https:\\\/\\\/www.smovin.app\\\/fr-be\\\/\",\"logo\":{\"@type\":\"ImageObject\",\"inLanguage\":\"fr-be\",\"@id\":\"https:\\\/\\\/www.smovin.app\\\/fr-be\\\/#\\\/schema\\\/logo\\\/image\\\/\",\"url\":\"https:\\\/\\\/www.smovin.app\\\/wp-content\\\/uploads\\\/2021\\\/07\\\/LogoSmovinColors.svg\",\"contentUrl\":\"https:\\\/\\\/www.smovin.app\\\/wp-content\\\/uploads\\\/2021\\\/07\\\/LogoSmovinColors.svg\",\"width\":540,\"height\":103,\"caption\":\"Smovin\"},\"image\":{\"@id\":\"https:\\\/\\\/www.smovin.app\\\/fr-be\\\/#\\\/schema\\\/logo\\\/image\\\/\"}}]}<\/script>\n<!-- \/ Yoast SEO plugin. -->","yoast_head_json":{"title":"Donation immobili\u00e8re en Wallonie, on vous explique tout","description":"Pourquoi faire une donation immobili\u00e8re en Wallonie et comment calculer les frais qui en d\u00e9coulent\u202f? Voici ce qu'il faut savoir...","robots":{"index":"index","follow":"follow","max-snippet":"max-snippet:-1","max-image-preview":"max-image-preview:large","max-video-preview":"max-video-preview:-1"},"canonical":"https:\/\/www.smovin.app\/fr-be\/donation-immobiliere\/wallonie\/","og_locale":"fr_FR","og_type":"article","og_title":"Donation immobili\u00e8re en Wallonie, on vous explique tout","og_description":"Pourquoi faire une donation immobili\u00e8re en Wallonie et comment calculer les frais qui en d\u00e9coulent\u202f? Voici ce qu'il faut savoir...","og_url":"https:\/\/www.smovin.app\/fr-be\/donation-immobiliere\/wallonie\/","og_site_name":"Smovin | Focus on what really matters","article_modified_time":"2024-05-29T12:56:01+00:00","og_image":[{"width":2048,"height":1365,"url":"https:\/\/www.smovin.app\/wp-content\/uploads\/2024\/05\/AdobeStock_299308451-2048x1365-1.webp","type":"image\/webp"}],"twitter_card":"summary_large_image","twitter_misc":{"Est. reading time":"4 minutes"},"schema":{"@context":"https:\/\/schema.org","@graph":[{"@type":"WebPage","@id":"https:\/\/www.smovin.app\/fr-be\/donation-immobiliere\/wallonie\/","url":"https:\/\/www.smovin.app\/fr-be\/donation-immobiliere\/wallonie\/","name":"Donation immobili\u00e8re en Wallonie, on vous explique tout","isPartOf":{"@id":"https:\/\/www.smovin.app\/fr-be\/#website"},"primaryImageOfPage":{"@id":"https:\/\/www.smovin.app\/fr-be\/donation-immobiliere\/wallonie\/#primaryimage"},"image":{"@id":"https:\/\/www.smovin.app\/fr-be\/donation-immobiliere\/wallonie\/#primaryimage"},"thumbnailUrl":"https:\/\/www.smovin.app\/wp-content\/uploads\/2024\/05\/AdobeStock_299308451-2048x1365-1.webp","datePublished":"2022-09-22T07:15:04+00:00","dateModified":"2024-05-29T12:56:01+00:00","description":"Pourquoi faire une donation immobili\u00e8re en Wallonie et comment calculer les frais qui en d\u00e9coulent\u202f? Voici ce qu'il faut savoir...","breadcrumb":{"@id":"https:\/\/www.smovin.app\/fr-be\/donation-immobiliere\/wallonie\/#breadcrumb"},"inLanguage":"fr-be","potentialAction":[{"@type":"ReadAction","target":["https:\/\/www.smovin.app\/fr-be\/donation-immobiliere\/wallonie\/"]}]},{"@type":"ImageObject","inLanguage":"fr-be","@id":"https:\/\/www.smovin.app\/fr-be\/donation-immobiliere\/wallonie\/#primaryimage","url":"https:\/\/www.smovin.app\/wp-content\/uploads\/2024\/05\/AdobeStock_299308451-2048x1365-1.webp","contentUrl":"https:\/\/www.smovin.app\/wp-content\/uploads\/2024\/05\/AdobeStock_299308451-2048x1365-1.webp","width":2048,"height":1365,"caption":"Donation immobili\u00e8re en Wallonie"},{"@type":"BreadcrumbList","@id":"https:\/\/www.smovin.app\/fr-be\/donation-immobiliere\/wallonie\/#breadcrumb","itemListElement":[{"@type":"ListItem","position":1,"name":"Accueil","item":"https:\/\/www.smovin.app\/fr-be\/"},{"@type":"ListItem","position":2,"name":"La donation immobili\u00e8re en Belgique","item":"https:\/\/www.smovin.app\/fr-be\/donation-immobiliere\/"},{"@type":"ListItem","position":3,"name":"Tout savoir sur la donation immobili\u00e8re en Wallonie"}]},{"@type":"WebSite","@id":"https:\/\/www.smovin.app\/fr-be\/#website","url":"https:\/\/www.smovin.app\/fr-be\/","name":"Smovin | Focus on what really matters","description":"Application de gestion locative puissante et intuitive pour investisseurs immobiliers.","publisher":{"@id":"https:\/\/www.smovin.app\/fr-be\/#organization"},"potentialAction":[{"@type":"SearchAction","target":{"@type":"EntryPoint","urlTemplate":"https:\/\/www.smovin.app\/fr-be\/?s={search_term_string}"},"query-input":{"@type":"PropertyValueSpecification","valueRequired":true,"valueName":"search_term_string"}}],"inLanguage":"fr-be"},{"@type":"Organization","@id":"https:\/\/www.smovin.app\/fr-be\/#organization","name":"Smovin","url":"https:\/\/www.smovin.app\/fr-be\/","logo":{"@type":"ImageObject","inLanguage":"fr-be","@id":"https:\/\/www.smovin.app\/fr-be\/#\/schema\/logo\/image\/","url":"https:\/\/www.smovin.app\/wp-content\/uploads\/2021\/07\/LogoSmovinColors.svg","contentUrl":"https:\/\/www.smovin.app\/wp-content\/uploads\/2021\/07\/LogoSmovinColors.svg","width":540,"height":103,"caption":"Smovin"},"image":{"@id":"https:\/\/www.smovin.app\/fr-be\/#\/schema\/logo\/image\/"}}]}},"_links":{"self":[{"href":"https:\/\/www.smovin.app\/fr-be\/wp-json\/wp\/v2\/pages\/18199","targetHints":{"allow":["GET"]}}],"collection":[{"href":"https:\/\/www.smovin.app\/fr-be\/wp-json\/wp\/v2\/pages"}],"about":[{"href":"https:\/\/www.smovin.app\/fr-be\/wp-json\/wp\/v2\/types\/page"}],"author":[{"embeddable":true,"href":"https:\/\/www.smovin.app\/fr-be\/wp-json\/wp\/v2\/users\/208846801"}],"replies":[{"embeddable":true,"href":"https:\/\/www.smovin.app\/fr-be\/wp-json\/wp\/v2\/comments?post=18199"}],"version-history":[{"count":0,"href":"https:\/\/www.smovin.app\/fr-be\/wp-json\/wp\/v2\/pages\/18199\/revisions"}],"up":[{"embeddable":true,"href":"https:\/\/www.smovin.app\/fr-be\/wp-json\/wp\/v2\/pages\/17723"}],"wp:featuredmedia":[{"embeddable":true,"href":"https:\/\/www.smovin.app\/fr-be\/wp-json\/wp\/v2\/media\/50811"}],"wp:attachment":[{"href":"https:\/\/www.smovin.app\/fr-be\/wp-json\/wp\/v2\/media?parent=18199"}],"wp:term":[{"taxonomy":"category","embeddable":true,"href":"https:\/\/www.smovin.app\/fr-be\/wp-json\/wp\/v2\/categories?post=18199"},{"taxonomy":"post_tag","embeddable":true,"href":"https:\/\/www.smovin.app\/fr-be\/wp-json\/wp\/v2\/tags?post=18199"}],"curies":[{"name":"wp","href":"https:\/\/api.w.org\/{rel}","templated":true}]}}