{"id":17723,"date":"2022-09-14T16:48:21","date_gmt":"2022-09-14T14:48:21","guid":{"rendered":"https:\/\/www.smovin.app\/?page_id=17723"},"modified":"2023-07-20T16:26:18","modified_gmt":"2023-07-20T14:26:18","slug":"donation-immobiliere","status":"publish","type":"page","link":"https:\/\/www.smovin.app\/fr-be\/donation-immobiliere\/","title":{"rendered":"La donation immobili\u00e8re en Belgique"},"content":{"rendered":"\n\n<div class=\"kk-star-ratings kksr-shortcode\"\n    data-payload='{&quot;id&quot;:&quot;17723&quot;,&quot;slug&quot;:&quot;default&quot;,&quot;ignore&quot;:&quot;&quot;,&quot;reference&quot;:&quot;shortcode&quot;,&quot;align&quot;:&quot;&quot;,&quot;class&quot;:&quot;&quot;,&quot;count&quot;:&quot;38&quot;,&quot;legendonly&quot;:&quot;&quot;,&quot;readonly&quot;:&quot;&quot;,&quot;score&quot;:&quot;4.9&quot;,&quot;starsonly&quot;:&quot;&quot;,&quot;valign&quot;:&quot;&quot;,&quot;best&quot;:&quot;5&quot;,&quot;gap&quot;:&quot;5&quot;,&quot;greet&quot;:&quot;Rate this&quot;,&quot;legend&quot;:&quot;4.9\\\/5 - (38 votes)&quot;,&quot;size&quot;:&quot;14&quot;,&quot;title&quot;:&quot;La donation immobili\u00e8re en Belgique&quot;,&quot;width&quot;:&quot;90.6&quot;,&quot;_legend&quot;:&quot;{score}\\\/{best} - ({count} {votes})&quot;,&quot;font_factor&quot;:&quot;1.25&quot;}'>\n            \n<div class=\"kksr-stars\">\n    \n<div class=\"kksr-stars-inactive\">\n            <div class=\"kksr-star\" data-star=\"1\" style=\"padding-right: 5px\">\n            \n\n<div class=\"kksr-icon\" style=\"width: 14px; height: 14px;\"><\/div>\n        <\/div>\n            <div class=\"kksr-star\" data-star=\"2\" style=\"padding-right: 5px\">\n            \n\n<div class=\"kksr-icon\" style=\"width: 14px; height: 14px;\"><\/div>\n        <\/div>\n            <div class=\"kksr-star\" data-star=\"3\" style=\"padding-right: 5px\">\n            \n\n<div class=\"kksr-icon\" style=\"width: 14px; height: 14px;\"><\/div>\n        <\/div>\n            <div class=\"kksr-star\" data-star=\"4\" style=\"padding-right: 5px\">\n            \n\n<div class=\"kksr-icon\" style=\"width: 14px; height: 14px;\"><\/div>\n        <\/div>\n            <div class=\"kksr-star\" data-star=\"5\" style=\"padding-right: 5px\">\n            \n\n<div class=\"kksr-icon\" style=\"width: 14px; height: 14px;\"><\/div>\n        <\/div>\n    <\/div>\n    \n<div class=\"kksr-stars-active\" style=\"width: 90.6px;\">\n            <div class=\"kksr-star\" style=\"padding-right: 5px\">\n            \n\n<div class=\"kksr-icon\" style=\"width: 14px; height: 14px;\"><\/div>\n        <\/div>\n            <div class=\"kksr-star\" style=\"padding-right: 5px\">\n            \n\n<div class=\"kksr-icon\" style=\"width: 14px; height: 14px;\"><\/div>\n        <\/div>\n            <div class=\"kksr-star\" style=\"padding-right: 5px\">\n            \n\n<div class=\"kksr-icon\" style=\"width: 14px; height: 14px;\"><\/div>\n        <\/div>\n            <div class=\"kksr-star\" style=\"padding-right: 5px\">\n            \n\n<div class=\"kksr-icon\" style=\"width: 14px; height: 14px;\"><\/div>\n        <\/div>\n            <div class=\"kksr-star\" style=\"padding-right: 5px\">\n            \n\n<div class=\"kksr-icon\" style=\"width: 14px; height: 14px;\"><\/div>\n        <\/div>\n    <\/div>\n<\/div>\n                \n\n<div class=\"kksr-legend\" style=\"font-size: 11.2px;\">\n            4.9\/5 - (38 votes)    <\/div>\n    <\/div>\n\n\n\n\n<p>En tant que propri\u00e9taire, il peut arriver que l\u2019on souhaite donner un bien \u00e0 un proche de son vivant. <\/p>\n\n\n\n<p>Cet acte pr\u00e9sente des <strong>avantages fiscaux<\/strong> non n\u00e9gligeables, c\u2019est pourquoi il est judicieux de s\u2019informer sur cette solution.<\/p>\n\n\n\n<p>Voici un <strong>r\u00e9capitulatif<\/strong> des diff\u00e9rentes proc\u00e9dures \u00e0 suivre pour r\u00e9aliser une donation immobili\u00e8re dans les r\u00e8gles.<\/p>\n\n\n\n<h2 class=\"wp-block-heading\" class=\"wp-block-heading\" id=\"quest-ce-que-la-donation-immobiliere\"><a href=\"#quest-ce-que-la-donation-immobiliere\" class=\"heading-link\"><i class=\"glyphicon glyphicon-link\"><\/i><\/a>Qu\u2019est-ce que la donation immobili\u00e8re ?<\/h2>\n\n\n\n<p>La donation immobili\u00e8re concerne l\u2019acte de <strong>transmission du bien<\/strong> d\u2019un propri\u00e9taire \u00e0 la personne de son choix (ami, famille\u2026).<\/p>\n\n\n\n<p>Le propri\u00e9taire du bien effectue une donation immobili\u00e8re de son vivant et ne doit recevoir aucune contrepartie en \u00e9change de la propri\u00e9t\u00e9.<\/p>\n\n\n\n<h2 class=\"wp-block-heading\" class=\"wp-block-heading\" id=\"comment-faire-une-donation-immobiliere\"><a href=\"#comment-faire-une-donation-immobiliere\" class=\"heading-link\"><i class=\"glyphicon glyphicon-link\"><\/i><\/a>Comment faire une donation immobili\u00e8re ?<\/h2>\n\n\n\n<p>Pour<strong> <\/strong>r\u00e9aliser une donation immobili\u00e8re, il est important de se renseigner sur la r\u00e9glementation en vigueur dans votre r\u00e9gion. Elle <strong>peut diff\u00e9rer d\u2019une province \u00e0 l\u2019autre<\/strong>.<\/p>\n\n\n\n<p>L\u2019acte de donation immobili\u00e8re doit \u00eatre <strong>r\u00e9alis\u00e9 par un notaire<\/strong> puisqu\u2019il s\u2019agit d\u2019un acte solennel. Des droits de donation sont dus au moment de la r\u00e9alisation de l\u2019acte notari\u00e9.<\/p>\n\n\n\n<p>Il s\u2019agit d\u2019une taxe au profit de la R\u00e9gion dans laquelle vit le donateur.<\/p>\n\n\n\n<p>La valeur du bien doit \u00eatre d\u00e9termin\u00e9e selon les prix du march\u00e9 immobilier au moment de la donation. <\/p>\n\n\n\n<p>Si le bien a \u00e9t\u00e9 sous-estim\u00e9 ou surestim\u00e9, des amendes ou des taxes suppl\u00e9mentaires peuvent \u00eatre appliqu\u00e9es. <\/p>\n\n\n\n<p>Un expert est d\u00e9sign\u00e9 pour effectuer une estimation r\u00e9elle du bien.<\/p>\n\n\n\n<h2 class=\"wp-block-heading\" class=\"wp-block-heading\" id=\"quels-sont-les-frais-afferents-a-une-donation\"><a href=\"#quels-sont-les-frais-afferents-a-une-donation\" class=\"heading-link\"><i class=\"glyphicon glyphicon-link\"><\/i><\/a>Quels sont les frais aff\u00e9rents \u00e0 une donation\u202f?&nbsp;<\/h2>\n\n\n\n<p>Lors d&#8217;une donation, les parties devront s&#8217;acquitter d&#8217;une taxe aussi appel\u00e9e <strong>droits de donation<\/strong>, ainsi que des <strong>frais de notaire<\/strong>. <\/p>\n\n\n\n<h3 class=\"wp-block-heading\" class=\"wp-block-heading\" id=\"les-droits-de-donations\"><a href=\"#les-droits-de-donations\" class=\"heading-link\"><i class=\"glyphicon glyphicon-link\"><\/i><\/a>Les droits de donations<\/h3>\n\n\n\n<p>Ces derniers diff\u00e8rent d&#8217;une r\u00e9gion \u00e0 l&#8217;autre et d\u00e9pendent de<\/p>\n\n\n\n<ul class=\"wp-block-list\">\n<li>la valeur du bien immobilier qui est transmis,<\/li>\n\n\n\n<li>du lien de parent\u00e9 entre le donneur et le donataire.<\/li>\n<\/ul>\n\n\n\n<h3 class=\"wp-block-heading\" class=\"wp-block-heading\" id=\"les-frais-de-notaires\"><a href=\"#les-frais-de-notaires\" class=\"heading-link\"><i class=\"glyphicon glyphicon-link\"><\/i><\/a>Les frais de notaires<\/h3>\n\n\n\n<p>Les actes notari\u00e9s font \u00e9galement l\u2019objet de frais qui doivent \u00eatre pris en charge par le donateur ou le donataire. <\/p>\n\n\n\n<p>Ils comprennent les honoraires du notaire ainsi que les \u00e9ventuelles recherches et formalit\u00e9s administratives. <\/p>\n\n\n\n<h2 class=\"wp-block-heading\" class=\"wp-block-heading\" id=\"pourquoi-faire-une-donation-immobiliere-de-son-vivant\"><a href=\"#pourquoi-faire-une-donation-immobiliere-de-son-vivant\" class=\"heading-link\"><i class=\"glyphicon glyphicon-link\"><\/i><\/a>Pourquoi faire une donation immobili\u00e8re (de son vivant) ?&nbsp;<\/h2>\n\n\n\n<p>De nombreux propri\u00e9taires optent pour la donation immobili\u00e8re de leur vivant. Cela permet d\u2019<strong>\u00e9viter<\/strong> au donataire de payer des <strong>frais de succession cons\u00e9quents<\/strong>. <\/p>\n\n\n\n<p>De plus, le successeur peut profiter du bien plus longtemps.<\/p>\n\n\n\n<p>Dans de nombreuses situations, il est fiscalement int\u00e9ressant de r\u00e9aliser une donation immobili\u00e8re plut\u00f4t que de l\u00e9guer un bien. <\/p>\n\n\n\n<p>Cela peut repr\u00e9senter une <strong>\u00e9conomie d\u2019imp\u00f4t<\/strong> non n\u00e9gligeable.<\/p>\n\n\n\n<h2 class=\"wp-block-heading\" class=\"wp-block-heading\" id=\"a-quel-age-faire-une-donation\"><a href=\"#a-quel-age-faire-une-donation\" class=\"heading-link\"><i class=\"glyphicon glyphicon-link\"><\/i><\/a>\u00c0 quel \u00e2ge faire une donation ?&nbsp;<\/h2>\n\n\n\n<p>Il n&#8217;y a <strong>pas d&#8217;\u00e2ge minimum ou maximum<\/strong> pour faire une donation immobili\u00e8re. <\/p>\n\n\n\n<p>Si le donateur d\u00e9c\u00e8de dans <strong>les trois ann\u00e9es<\/strong> qui suivent la donation, cela peut avoir un <strong>impact<\/strong> sur les <strong>frais de succession<\/strong> en <strong>Wallonie<\/strong> ou <strong>en Flandre<\/strong>.&nbsp;<\/p>\n\n\n\n<h2 class=\"wp-block-heading\" class=\"wp-block-heading\" id=\"a-qui-faire-une-donation\"><a href=\"#a-qui-faire-une-donation\" class=\"heading-link\"><i class=\"glyphicon glyphicon-link\"><\/i><\/a>\u00c0 qui faire une donation\u202f?&nbsp;<\/h2>\n\n\n\n<p>Un propri\u00e9taire peut effectuer une donation immobili\u00e8re \u00e0 la <strong>personne de son choix<\/strong> : ami, famille, parent\u2026<\/p>\n\n\n\n<p>Le <strong>lien de parent\u00e9<\/strong> entre le donateur et le donataire <strong>est d\u00e9terminant dans le calcul <\/strong>du montant des droits de donation. Plus le lien de parent\u00e9 est \u00e9troit, moins les frais seront importants. <\/p>\n\n\n\n<p>Ils peuvent aller de <strong>3% jusqu\u2019\u00e0 40% <\/strong>du prix estim\u00e9 du bien transmis.<\/p>\n\n\n\n<h2 class=\"wp-block-heading\" class=\"wp-block-heading\" id=\"quel-est-le-delai-entre-2-donations-pour-beneficier-des-abattements-fiscaux\"><a href=\"#quel-est-le-delai-entre-2-donations-pour-beneficier-des-abattements-fiscaux\" class=\"heading-link\"><i class=\"glyphicon glyphicon-link\"><\/i><\/a>Quel est le d\u00e9lai entre 2 donations pour b\u00e9n\u00e9ficier des abattements fiscaux ?&nbsp;<\/h2>\n\n\n\n<p>Les droits de donation \u00e9tant remis \u00e0 z\u00e9ros tous les trois ans, il est pr\u00e9f\u00e9rable d\u2019espacer les donations par tranches de <strong>p\u00e9riodes de trois ans<\/strong>. Les abattements fiscaux sont ainsi optimis\u00e9s.<\/p>\n\n\n\n<p>La donation par tranche permet donc de r\u00e9duire le montant des droits de donation sur la transmission des biens du donateur.<\/p>\n\n\n\n<h2 class=\"wp-block-heading\" class=\"wp-block-heading\" id=\"que-se-passe-t-il-si-le-donateur-decede-dans-les-3-ans\"><a href=\"#que-se-passe-t-il-si-le-donateur-decede-dans-les-3-ans\" class=\"heading-link\"><i class=\"glyphicon glyphicon-link\"><\/i><\/a>Que se passe-t-il si le donateur d\u00e9c\u00e8de dans les 3 ans ?<\/h2>\n\n\n\n<p>Si la donation immobili\u00e8re a \u00e9t\u00e9 effectu\u00e9e par tranche et que le donateur d\u00e9c\u00e8de, les tranches qui n\u2019ont pas encore \u00e9t\u00e9 transmises <strong>tombent dans la succession<\/strong>. <\/p>\n\n\n\n<p>Des<strong> frais de succession<\/strong> seront alors demand\u00e9s aux <strong>h\u00e9ritiers<\/strong>.<\/p>\n\n\n\n<p>Les tranches dont les droits de donations ont \u00e9t\u00e9 pay\u00e9es ne seront pas soumises aux frais de succession si le donateur d\u00e9pend de la r\u00e9gion de Bruxelles. <\/p>\n\n\n\n<p>En Flandre ou en Wallonie, le d\u00e9c\u00e8s du donateur dans les 3 ans impliquera tout de m\u00eame la prise en compte des biens donn\u00e9s dans le calcul des droits de succession. <\/p>\n\n\n\n<h2 class=\"wp-block-heading\" class=\"wp-block-heading\" id=\"donation-immobiliere-en-wallonie-ou-a-bruxelles\"><a href=\"#donation-immobiliere-en-wallonie-ou-a-bruxelles\" class=\"heading-link\"><i class=\"glyphicon glyphicon-link\"><\/i><\/a>Donation immobili\u00e8re en Wallonie ou \u00e0 Bruxelles<\/h2>\n\n\n\n<p>Le droit immobilier \u00e9tant une <strong>mati\u00e8re r\u00e9gionale<\/strong>, il existe des diff\u00e9rences entre les r\u00e9gions de <strong>Bruxelles<\/strong> et de <strong>Wallonie<\/strong> pour tout ce qui concerne les donations immobili\u00e8res.<\/p>\n\n\n\n<p>La r\u00e9glementation varie sur les points suivants :<\/p>\n\n\n\n<ul class=\"wp-block-list\">\n<li>En cas de d\u00e9c\u00e8s du donateur sur les donations par tranche,<\/li>\n\n\n\n<li>Le montant des droits de donation.<\/li>\n<\/ul>\n\n\n\n<p>La donation immobili\u00e8re est \u00e0 envisager si vous poss\u00e9dez des biens immobiliers afin d&#8217;\u00e9viter \u00e0 vos successeurs de payer des droits de successions cons\u00e9quents. Pensez-y suffisamment t\u00f4t si vous avez un gros patrimoine immobilier afin de profiter de plusieurs tranches de 3 ans et de minimiser les droits de donation. <\/p>\n","protected":false},"excerpt":{"rendered":"<p>En tant que propri\u00e9taire, il peut arriver que l\u2019on souhaite donner un bien \u00e0 un proche de son vivant. Cet [&hellip;]<\/p>\n","protected":false},"author":208846801,"featured_media":17872,"parent":0,"menu_order":1,"comment_status":"closed","ping_status":"closed","template":"","meta":{"_acf_changed":false,"content-type":"","site-sidebar-layout":"default","site-content-layout":"","ast-site-content-layout":"default","site-content-style":"default","site-sidebar-style":"default","ast-global-header-display":"","ast-banner-title-visibility":"","ast-main-header-display":"","ast-hfb-above-header-display":"","ast-hfb-below-header-display":"","ast-hfb-mobile-header-display":"","site-post-title":"","ast-breadcrumbs-content":"","ast-featured-img":"","footer-sml-layout":"","ast-disable-related-posts":"","theme-transparent-header-meta":"","adv-header-id-meta":"","stick-header-meta":"","header-above-stick-meta":"","header-main-stick-meta":"","header-below-stick-meta":"","astra-migrate-meta-layouts":"default","ast-page-background-enabled":"default","ast-page-background-meta":{"desktop":{"background-color":"var(--ast-global-color-5)","background-image":"","background-repeat":"repeat","background-position":"center center","background-size":"auto","background-attachment":"scroll","background-type":"","background-media":"","overlay-type":"","overlay-color":"","overlay-opacity":"","overlay-gradient":""},"tablet":{"background-color":"","background-image":"","background-repeat":"repeat","background-position":"center center","background-size":"auto","background-attachment":"scroll","background-type":"","background-media":"","overlay-type":"","overlay-color":"","overlay-opacity":"","overlay-gradient":""},"mobile":{"background-color":"","background-image":"","background-repeat":"repeat","background-position":"center center","background-size":"auto","background-attachment":"scroll","background-type":"","background-media":"","overlay-type":"","overlay-color":"","overlay-opacity":"","overlay-gradient":""}},"ast-content-background-meta":{"desktop":{"background-color":"var(--ast-global-color-4)","background-image":"","background-repeat":"repeat","background-position":"center center","background-size":"auto","background-attachment":"scroll","background-type":"","background-media":"","overlay-type":"","overlay-color":"","overlay-opacity":"","overlay-gradient":""},"tablet":{"background-color":"var(--ast-global-color-4)","background-image":"","background-repeat":"repeat","background-position":"center center","background-size":"auto","background-attachment":"scroll","background-type":"","background-media":"","overlay-type":"","overlay-color":"","overlay-opacity":"","overlay-gradient":""},"mobile":{"background-color":"var(--ast-global-color-4)","background-image":"","background-repeat":"repeat","background-position":"center center","background-size":"auto","background-attachment":"scroll","background-type":"","background-media":"","overlay-type":"","overlay-color":"","overlay-opacity":"","overlay-gradient":""}},"cybocfi_hide_featured_image":"","footnotes":""},"categories":[6435,6461],"tags":[6497,6448],"class_list":["post-17723","page","type-page","status-publish","has-post-thumbnail","hentry","category-blog","category-blog-nl","tag-donation-immobiliere-2","tag-seo"],"acf":[],"yoast_head":"<!-- This site is optimized with the Yoast SEO plugin v27.5 - https:\/\/yoast.com\/product\/yoast-seo-wordpress\/ -->\n<title>La donation immobili\u00e8re en Belgique en 2026<\/title>\n<meta name=\"description\" content=\"Voici un r\u00e9capitulatif des diff\u00e9rentes proc\u00e9dures \u00e0 suivre en 2026 pour r\u00e9aliser une donation immobili\u00e8re dans les r\u00e8gles.\" \/>\n<meta name=\"robots\" content=\"index, follow, max-snippet:-1, max-image-preview:large, max-video-preview:-1\" \/>\n<link rel=\"canonical\" href=\"https:\/\/www.smovin.app\/fr-be\/donation-immobiliere\/\" \/>\n<meta property=\"og:locale\" content=\"fr_FR\" \/>\n<meta property=\"og:type\" content=\"article\" \/>\n<meta property=\"og:title\" content=\"La donation immobili\u00e8re en Belgique en 2026\" \/>\n<meta property=\"og:description\" content=\"Voici un r\u00e9capitulatif des diff\u00e9rentes proc\u00e9dures \u00e0 suivre en 2026 pour r\u00e9aliser une donation immobili\u00e8re dans les r\u00e8gles.\" \/>\n<meta property=\"og:url\" content=\"https:\/\/www.smovin.app\/fr-be\/donation-immobiliere\/\" \/>\n<meta property=\"og:site_name\" content=\"Smovin | Focus on what really matters\" \/>\n<meta property=\"article:modified_time\" content=\"2023-07-20T14:26:18+00:00\" \/>\n<meta property=\"og:image\" content=\"https:\/\/www.smovin.app\/wp-content\/uploads\/2022\/09\/AdobeStock_300626614-1024x683.jpeg\" \/>\n\t<meta property=\"og:image:width\" content=\"1024\" \/>\n\t<meta property=\"og:image:height\" content=\"683\" \/>\n\t<meta property=\"og:image:type\" content=\"image\/jpeg\" \/>\n<meta name=\"twitter:card\" content=\"summary_large_image\" \/>\n<meta name=\"twitter:label1\" content=\"Est. reading time\" \/>\n\t<meta name=\"twitter:data1\" content=\"4 minutes\" \/>\n<script type=\"application\/ld+json\" class=\"yoast-schema-graph\">{\"@context\":\"https:\\\/\\\/schema.org\",\"@graph\":[{\"@type\":\"WebPage\",\"@id\":\"https:\\\/\\\/www.smovin.app\\\/fr-be\\\/donation-immobiliere\\\/\",\"url\":\"https:\\\/\\\/www.smovin.app\\\/fr-be\\\/donation-immobiliere\\\/\",\"name\":\"La donation immobili\u00e8re en Belgique en 2026\",\"isPartOf\":{\"@id\":\"https:\\\/\\\/www.smovin.app\\\/fr-be\\\/#website\"},\"primaryImageOfPage\":{\"@id\":\"https:\\\/\\\/www.smovin.app\\\/fr-be\\\/donation-immobiliere\\\/#primaryimage\"},\"image\":{\"@id\":\"https:\\\/\\\/www.smovin.app\\\/fr-be\\\/donation-immobiliere\\\/#primaryimage\"},\"thumbnailUrl\":\"https:\\\/\\\/www.smovin.app\\\/wp-content\\\/uploads\\\/2022\\\/09\\\/AdobeStock_300626614.jpeg\",\"datePublished\":\"2022-09-14T14:48:21+00:00\",\"dateModified\":\"2023-07-20T14:26:18+00:00\",\"description\":\"Voici un r\u00e9capitulatif des diff\u00e9rentes proc\u00e9dures \u00e0 suivre en 2026 pour r\u00e9aliser une donation immobili\u00e8re dans les r\u00e8gles.\",\"breadcrumb\":{\"@id\":\"https:\\\/\\\/www.smovin.app\\\/fr-be\\\/donation-immobiliere\\\/#breadcrumb\"},\"inLanguage\":\"fr-be\",\"potentialAction\":[{\"@type\":\"ReadAction\",\"target\":[\"https:\\\/\\\/www.smovin.app\\\/fr-be\\\/donation-immobiliere\\\/\"]}]},{\"@type\":\"ImageObject\",\"inLanguage\":\"fr-be\",\"@id\":\"https:\\\/\\\/www.smovin.app\\\/fr-be\\\/donation-immobiliere\\\/#primaryimage\",\"url\":\"https:\\\/\\\/www.smovin.app\\\/wp-content\\\/uploads\\\/2022\\\/09\\\/AdobeStock_300626614.jpeg\",\"contentUrl\":\"https:\\\/\\\/www.smovin.app\\\/wp-content\\\/uploads\\\/2022\\\/09\\\/AdobeStock_300626614.jpeg\",\"width\":8000,\"height\":5333,\"caption\":\"Schenking van onroerend goed\"},{\"@type\":\"BreadcrumbList\",\"@id\":\"https:\\\/\\\/www.smovin.app\\\/fr-be\\\/donation-immobiliere\\\/#breadcrumb\",\"itemListElement\":[{\"@type\":\"ListItem\",\"position\":1,\"name\":\"Accueil\",\"item\":\"https:\\\/\\\/www.smovin.app\\\/fr-be\\\/\"},{\"@type\":\"ListItem\",\"position\":2,\"name\":\"La donation immobili\u00e8re en Belgique\"}]},{\"@type\":\"WebSite\",\"@id\":\"https:\\\/\\\/www.smovin.app\\\/fr-be\\\/#website\",\"url\":\"https:\\\/\\\/www.smovin.app\\\/fr-be\\\/\",\"name\":\"Smovin | Focus on what really matters\",\"description\":\"Application de gestion locative puissante et intuitive pour investisseurs immobiliers.\",\"publisher\":{\"@id\":\"https:\\\/\\\/www.smovin.app\\\/fr-be\\\/#organization\"},\"potentialAction\":[{\"@type\":\"SearchAction\",\"target\":{\"@type\":\"EntryPoint\",\"urlTemplate\":\"https:\\\/\\\/www.smovin.app\\\/fr-be\\\/?s={search_term_string}\"},\"query-input\":{\"@type\":\"PropertyValueSpecification\",\"valueRequired\":true,\"valueName\":\"search_term_string\"}}],\"inLanguage\":\"fr-be\"},{\"@type\":\"Organization\",\"@id\":\"https:\\\/\\\/www.smovin.app\\\/fr-be\\\/#organization\",\"name\":\"Smovin\",\"url\":\"https:\\\/\\\/www.smovin.app\\\/fr-be\\\/\",\"logo\":{\"@type\":\"ImageObject\",\"inLanguage\":\"fr-be\",\"@id\":\"https:\\\/\\\/www.smovin.app\\\/fr-be\\\/#\\\/schema\\\/logo\\\/image\\\/\",\"url\":\"https:\\\/\\\/www.smovin.app\\\/wp-content\\\/uploads\\\/2021\\\/07\\\/LogoSmovinColors.svg\",\"contentUrl\":\"https:\\\/\\\/www.smovin.app\\\/wp-content\\\/uploads\\\/2021\\\/07\\\/LogoSmovinColors.svg\",\"width\":540,\"height\":103,\"caption\":\"Smovin\"},\"image\":{\"@id\":\"https:\\\/\\\/www.smovin.app\\\/fr-be\\\/#\\\/schema\\\/logo\\\/image\\\/\"}}]}<\/script>\n<!-- \/ Yoast SEO plugin. -->","yoast_head_json":{"title":"La donation immobili\u00e8re en Belgique en 2026","description":"Voici un r\u00e9capitulatif des diff\u00e9rentes proc\u00e9dures \u00e0 suivre en 2026 pour r\u00e9aliser une donation immobili\u00e8re dans les r\u00e8gles.","robots":{"index":"index","follow":"follow","max-snippet":"max-snippet:-1","max-image-preview":"max-image-preview:large","max-video-preview":"max-video-preview:-1"},"canonical":"https:\/\/www.smovin.app\/fr-be\/donation-immobiliere\/","og_locale":"fr_FR","og_type":"article","og_title":"La donation immobili\u00e8re en Belgique en 2026","og_description":"Voici un r\u00e9capitulatif des diff\u00e9rentes proc\u00e9dures \u00e0 suivre en 2026 pour r\u00e9aliser une donation immobili\u00e8re dans les r\u00e8gles.","og_url":"https:\/\/www.smovin.app\/fr-be\/donation-immobiliere\/","og_site_name":"Smovin | Focus on what really matters","article_modified_time":"2023-07-20T14:26:18+00:00","og_image":[{"width":1024,"height":683,"url":"https:\/\/www.smovin.app\/wp-content\/uploads\/2022\/09\/AdobeStock_300626614-1024x683.jpeg","type":"image\/jpeg"}],"twitter_card":"summary_large_image","twitter_misc":{"Est. reading time":"4 minutes"},"schema":{"@context":"https:\/\/schema.org","@graph":[{"@type":"WebPage","@id":"https:\/\/www.smovin.app\/fr-be\/donation-immobiliere\/","url":"https:\/\/www.smovin.app\/fr-be\/donation-immobiliere\/","name":"La donation immobili\u00e8re en Belgique en 2026","isPartOf":{"@id":"https:\/\/www.smovin.app\/fr-be\/#website"},"primaryImageOfPage":{"@id":"https:\/\/www.smovin.app\/fr-be\/donation-immobiliere\/#primaryimage"},"image":{"@id":"https:\/\/www.smovin.app\/fr-be\/donation-immobiliere\/#primaryimage"},"thumbnailUrl":"https:\/\/www.smovin.app\/wp-content\/uploads\/2022\/09\/AdobeStock_300626614.jpeg","datePublished":"2022-09-14T14:48:21+00:00","dateModified":"2023-07-20T14:26:18+00:00","description":"Voici un r\u00e9capitulatif des diff\u00e9rentes proc\u00e9dures \u00e0 suivre en 2026 pour r\u00e9aliser une donation immobili\u00e8re dans les r\u00e8gles.","breadcrumb":{"@id":"https:\/\/www.smovin.app\/fr-be\/donation-immobiliere\/#breadcrumb"},"inLanguage":"fr-be","potentialAction":[{"@type":"ReadAction","target":["https:\/\/www.smovin.app\/fr-be\/donation-immobiliere\/"]}]},{"@type":"ImageObject","inLanguage":"fr-be","@id":"https:\/\/www.smovin.app\/fr-be\/donation-immobiliere\/#primaryimage","url":"https:\/\/www.smovin.app\/wp-content\/uploads\/2022\/09\/AdobeStock_300626614.jpeg","contentUrl":"https:\/\/www.smovin.app\/wp-content\/uploads\/2022\/09\/AdobeStock_300626614.jpeg","width":8000,"height":5333,"caption":"Schenking van onroerend goed"},{"@type":"BreadcrumbList","@id":"https:\/\/www.smovin.app\/fr-be\/donation-immobiliere\/#breadcrumb","itemListElement":[{"@type":"ListItem","position":1,"name":"Accueil","item":"https:\/\/www.smovin.app\/fr-be\/"},{"@type":"ListItem","position":2,"name":"La donation immobili\u00e8re en Belgique"}]},{"@type":"WebSite","@id":"https:\/\/www.smovin.app\/fr-be\/#website","url":"https:\/\/www.smovin.app\/fr-be\/","name":"Smovin | Focus on what really matters","description":"Application de gestion locative puissante et intuitive pour investisseurs immobiliers.","publisher":{"@id":"https:\/\/www.smovin.app\/fr-be\/#organization"},"potentialAction":[{"@type":"SearchAction","target":{"@type":"EntryPoint","urlTemplate":"https:\/\/www.smovin.app\/fr-be\/?s={search_term_string}"},"query-input":{"@type":"PropertyValueSpecification","valueRequired":true,"valueName":"search_term_string"}}],"inLanguage":"fr-be"},{"@type":"Organization","@id":"https:\/\/www.smovin.app\/fr-be\/#organization","name":"Smovin","url":"https:\/\/www.smovin.app\/fr-be\/","logo":{"@type":"ImageObject","inLanguage":"fr-be","@id":"https:\/\/www.smovin.app\/fr-be\/#\/schema\/logo\/image\/","url":"https:\/\/www.smovin.app\/wp-content\/uploads\/2021\/07\/LogoSmovinColors.svg","contentUrl":"https:\/\/www.smovin.app\/wp-content\/uploads\/2021\/07\/LogoSmovinColors.svg","width":540,"height":103,"caption":"Smovin"},"image":{"@id":"https:\/\/www.smovin.app\/fr-be\/#\/schema\/logo\/image\/"}}]}},"_links":{"self":[{"href":"https:\/\/www.smovin.app\/fr-be\/wp-json\/wp\/v2\/pages\/17723","targetHints":{"allow":["GET"]}}],"collection":[{"href":"https:\/\/www.smovin.app\/fr-be\/wp-json\/wp\/v2\/pages"}],"about":[{"href":"https:\/\/www.smovin.app\/fr-be\/wp-json\/wp\/v2\/types\/page"}],"author":[{"embeddable":true,"href":"https:\/\/www.smovin.app\/fr-be\/wp-json\/wp\/v2\/users\/208846801"}],"replies":[{"embeddable":true,"href":"https:\/\/www.smovin.app\/fr-be\/wp-json\/wp\/v2\/comments?post=17723"}],"version-history":[{"count":0,"href":"https:\/\/www.smovin.app\/fr-be\/wp-json\/wp\/v2\/pages\/17723\/revisions"}],"wp:featuredmedia":[{"embeddable":true,"href":"https:\/\/www.smovin.app\/fr-be\/wp-json\/wp\/v2\/media\/17872"}],"wp:attachment":[{"href":"https:\/\/www.smovin.app\/fr-be\/wp-json\/wp\/v2\/media?parent=17723"}],"wp:term":[{"taxonomy":"category","embeddable":true,"href":"https:\/\/www.smovin.app\/fr-be\/wp-json\/wp\/v2\/categories?post=17723"},{"taxonomy":"post_tag","embeddable":true,"href":"https:\/\/www.smovin.app\/fr-be\/wp-json\/wp\/v2\/tags?post=17723"}],"curies":[{"name":"wp","href":"https:\/\/api.w.org\/{rel}","templated":true}]}}