{"id":15398,"date":"2022-07-05T17:12:14","date_gmt":"2022-07-05T15:12:14","guid":{"rendered":"https:\/\/www.smovin.app\/?page_id=15398"},"modified":"2023-07-13T14:39:51","modified_gmt":"2023-07-13T12:39:51","slug":"modele","status":"publish","type":"page","link":"https:\/\/www.smovin.app\/fr-be\/etat-des-lieux\/modele\/","title":{"rendered":"T\u00e9l\u00e9chargez notre mod\u00e8le d&#8217;\u00e9tat des lieux gratuit"},"content":{"rendered":"\n\n<div class=\"kk-star-ratings kksr-shortcode\"\n    data-payload='{&quot;id&quot;:&quot;15398&quot;,&quot;slug&quot;:&quot;default&quot;,&quot;ignore&quot;:&quot;&quot;,&quot;reference&quot;:&quot;shortcode&quot;,&quot;align&quot;:&quot;&quot;,&quot;class&quot;:&quot;&quot;,&quot;count&quot;:&quot;44&quot;,&quot;legendonly&quot;:&quot;&quot;,&quot;readonly&quot;:&quot;&quot;,&quot;score&quot;:&quot;4.9&quot;,&quot;starsonly&quot;:&quot;&quot;,&quot;valign&quot;:&quot;&quot;,&quot;best&quot;:&quot;5&quot;,&quot;gap&quot;:&quot;5&quot;,&quot;greet&quot;:&quot;Rate this&quot;,&quot;legend&quot;:&quot;4.9\\\/5 - (44 votes)&quot;,&quot;size&quot;:&quot;14&quot;,&quot;title&quot;:&quot;T\u00e9l\u00e9chargez notre mod\u00e8le d\\u0026#039;\u00e9tat des lieux gratuit&quot;,&quot;width&quot;:&quot;90.6&quot;,&quot;_legend&quot;:&quot;{score}\\\/{best} - ({count} {votes})&quot;,&quot;font_factor&quot;:&quot;1.25&quot;}'>\n            \n<div class=\"kksr-stars\">\n    \n<div class=\"kksr-stars-inactive\">\n            <div class=\"kksr-star\" data-star=\"1\" style=\"padding-right: 5px\">\n            \n\n<div class=\"kksr-icon\" style=\"width: 14px; height: 14px;\"><\/div>\n        <\/div>\n            <div class=\"kksr-star\" data-star=\"2\" style=\"padding-right: 5px\">\n            \n\n<div class=\"kksr-icon\" style=\"width: 14px; height: 14px;\"><\/div>\n        <\/div>\n            <div class=\"kksr-star\" data-star=\"3\" style=\"padding-right: 5px\">\n            \n\n<div class=\"kksr-icon\" style=\"width: 14px; height: 14px;\"><\/div>\n        <\/div>\n            <div class=\"kksr-star\" data-star=\"4\" style=\"padding-right: 5px\">\n            \n\n<div class=\"kksr-icon\" style=\"width: 14px; height: 14px;\"><\/div>\n        <\/div>\n            <div class=\"kksr-star\" data-star=\"5\" style=\"padding-right: 5px\">\n            \n\n<div class=\"kksr-icon\" style=\"width: 14px; height: 14px;\"><\/div>\n        <\/div>\n    <\/div>\n    \n<div class=\"kksr-stars-active\" style=\"width: 90.6px;\">\n            <div class=\"kksr-star\" style=\"padding-right: 5px\">\n            \n\n<div class=\"kksr-icon\" style=\"width: 14px; height: 14px;\"><\/div>\n        <\/div>\n            <div class=\"kksr-star\" style=\"padding-right: 5px\">\n            \n\n<div class=\"kksr-icon\" style=\"width: 14px; height: 14px;\"><\/div>\n        <\/div>\n            <div class=\"kksr-star\" style=\"padding-right: 5px\">\n            \n\n<div class=\"kksr-icon\" style=\"width: 14px; height: 14px;\"><\/div>\n        <\/div>\n            <div class=\"kksr-star\" style=\"padding-right: 5px\">\n            \n\n<div class=\"kksr-icon\" style=\"width: 14px; height: 14px;\"><\/div>\n        <\/div>\n            <div class=\"kksr-star\" style=\"padding-right: 5px\">\n            \n\n<div class=\"kksr-icon\" style=\"width: 14px; height: 14px;\"><\/div>\n        <\/div>\n    <\/div>\n<\/div>\n                \n\n<div class=\"kksr-legend\" style=\"font-size: 11.2px;\">\n            4.9\/5 - (44 votes)    <\/div>\n    <\/div>\n\n\n\n\n<p><a href=\"https:\/\/www.smovin.app\/etat-des-lieux\"><strong>L&#8217;\u00e9tat des lieux<\/strong><\/a> est un document important \u00e0 remplir en d\u00e9but et en fin de contrat de location par le propri\u00e9taire et le locataire. <\/p>\n\n\n\n<p>Il doit \u00eatre sign\u00e9 par les 2 parties, et enregistr\u00e9 en m\u00eame temps que le bail si le bien se trouve \u00e0 Bruxelles. Il n&#8217;y a pas d&#8217;obligation de l&#8217;enregistrer en Wallonie. <\/p>\n\n\n\n<p>Il n&#8217;existe pas de forme officielle, le propri\u00e9taire peut donc le r\u00e9diger lui-m\u00eame ou utiliser un mod\u00e8le comme notre mod\u00e8le d&#8217;\u00e9tat des lieux \u00e0 t\u00e9l\u00e9charger ci-dessous. <\/p>\n\n\n\n<figure class=\"wp-block-image size-large\"><a href=\"https:\/\/www.smovin.app\/wp-content\/uploads\/2022\/10\/Etat-des-lieux.pdf?utm_source=seo&amp;utm_medium=organic&amp;utm_campaign=etat-des-lieux-fr\"><img fetchpriority=\"high\" decoding=\"async\" width=\"1024\" height=\"1014\" src=\"https:\/\/www.smovin.app\/wp-content\/uploads\/2022\/07\/Capture-de\u0301cran-2022-07-05-a\u0300-17.21.37-1024x1014.png\" alt=\"Mod\u00e8le d'\u00e9tat des lieux\" class=\"wp-image-15424\" srcset=\"https:\/\/www.smovin.app\/wp-content\/uploads\/2022\/07\/Capture-de\u0301cran-2022-07-05-a\u0300-17.21.37-1024x1014.png 1024w, https:\/\/www.smovin.app\/wp-content\/uploads\/2022\/07\/Capture-de\u0301cran-2022-07-05-a\u0300-17.21.37-300x297.png 300w, https:\/\/www.smovin.app\/wp-content\/uploads\/2022\/07\/Capture-de\u0301cran-2022-07-05-a\u0300-17.21.37-150x150.png 150w, https:\/\/www.smovin.app\/wp-content\/uploads\/2022\/07\/Capture-de\u0301cran-2022-07-05-a\u0300-17.21.37-768x761.png 768w, https:\/\/www.smovin.app\/wp-content\/uploads\/2022\/07\/Capture-de\u0301cran-2022-07-05-a\u0300-17.21.37.png 1072w\" sizes=\"(max-width: 1024px) 100vw, 1024px\" \/><\/a><\/figure>\n","protected":false},"excerpt":{"rendered":"<p>L&#8217;\u00e9tat des lieux est un document important \u00e0 remplir en d\u00e9but et en fin de contrat de location par le [&hellip;]<\/p>\n","protected":false},"author":208846801,"featured_media":15402,"parent":15378,"menu_order":0,"comment_status":"closed","ping_status":"closed","template":"","meta":{"_acf_changed":false,"content-type":"","site-sidebar-layout":"default","site-content-layout":"","ast-site-content-layout":"default","site-content-style":"default","site-sidebar-style":"default","ast-global-header-display":"","ast-banner-title-visibility":"","ast-main-header-display":"","ast-hfb-above-header-display":"","ast-hfb-below-header-display":"","ast-hfb-mobile-header-display":"","site-post-title":"","ast-breadcrumbs-content":"","ast-featured-img":"","footer-sml-layout":"","ast-disable-related-posts":"","theme-transparent-header-meta":"","adv-header-id-meta":"","stick-header-meta":"","header-above-stick-meta":"","header-main-stick-meta":"","header-below-stick-meta":"","astra-migrate-meta-layouts":"default","ast-page-background-enabled":"default","ast-page-background-meta":{"desktop":{"background-color":"var(--ast-global-color-5)","background-image":"","background-repeat":"repeat","background-position":"center center","background-size":"auto","background-attachment":"scroll","background-type":"","background-media":"","overlay-type":"","overlay-color":"","overlay-opacity":"","overlay-gradient":""},"tablet":{"background-color":"","background-image":"","background-repeat":"repeat","background-position":"center center","background-size":"auto","background-attachment":"scroll","background-type":"","background-media":"","overlay-type":"","overlay-color":"","overlay-opacity":"","overlay-gradient":""},"mobile":{"background-color":"","background-image":"","background-repeat":"repeat","background-position":"center center","background-size":"auto","background-attachment":"scroll","background-type":"","background-media":"","overlay-type":"","overlay-color":"","overlay-opacity":"","overlay-gradient":""}},"ast-content-background-meta":{"desktop":{"background-color":"var(--ast-global-color-4)","background-image":"","background-repeat":"repeat","background-position":"center center","background-size":"auto","background-attachment":"scroll","background-type":"","background-media":"","overlay-type":"","overlay-color":"","overlay-opacity":"","overlay-gradient":""},"tablet":{"background-color":"var(--ast-global-color-4)","background-image":"","background-repeat":"repeat","background-position":"center center","background-size":"auto","background-attachment":"scroll","background-type":"","background-media":"","overlay-type":"","overlay-color":"","overlay-opacity":"","overlay-gradient":""},"mobile":{"background-color":"var(--ast-global-color-4)","background-image":"","background-repeat":"repeat","background-position":"center center","background-size":"auto","background-attachment":"scroll","background-type":"","background-media":"","overlay-type":"","overlay-color":"","overlay-opacity":"","overlay-gradient":""}},"cybocfi_hide_featured_image":"","footnotes":""},"categories":[6435],"tags":[6478,6448],"class_list":["post-15398","page","type-page","status-publish","has-post-thumbnail","hentry","category-blog","tag-etat-des-lieux","tag-seo"],"acf":[],"yoast_head":"<!-- This site is optimized with the Yoast SEO plugin v27.4 - https:\/\/yoast.com\/product\/yoast-seo-wordpress\/ -->\n<title>T\u00e9l\u00e9chargez notre mod\u00e8le d&#039;\u00e9tat des lieux gratuit 2026<\/title>\n<meta name=\"description\" content=\"T\u00e9l\u00e9chargez gratuitement notre mod\u00e8le d&#039;\u00e9tat des lieux d&#039;entr\u00e9e et de sortie pour l&#039;ann\u00e9e 2026. Facilitez votre gestion locative !\" \/>\n<meta name=\"robots\" content=\"index, follow, max-snippet:-1, max-image-preview:large, max-video-preview:-1\" \/>\n<link rel=\"canonical\" href=\"https:\/\/www.smovin.app\/fr-be\/etat-des-lieux\/modele\/\" \/>\n<meta property=\"og:locale\" content=\"fr_FR\" \/>\n<meta property=\"og:type\" content=\"article\" \/>\n<meta property=\"og:title\" content=\"T\u00e9l\u00e9chargez notre mod\u00e8le d&#039;\u00e9tat des lieux gratuit 2026\" \/>\n<meta property=\"og:description\" content=\"T\u00e9l\u00e9chargez gratuitement notre mod\u00e8le d&#039;\u00e9tat des lieux d&#039;entr\u00e9e et de sortie pour l&#039;ann\u00e9e 2026. Facilitez votre gestion locative !\" \/>\n<meta property=\"og:url\" content=\"https:\/\/www.smovin.app\/fr-be\/etat-des-lieux\/modele\/\" \/>\n<meta property=\"og:site_name\" content=\"Smovin | Focus on what really matters\" \/>\n<meta property=\"article:modified_time\" content=\"2023-07-13T12:39:51+00:00\" \/>\n<meta property=\"og:image\" content=\"https:\/\/www.smovin.app\/wp-content\/uploads\/2022\/07\/AdobeStock_93943448-scaled.jpeg\" \/>\n\t<meta property=\"og:image:width\" content=\"2560\" \/>\n\t<meta property=\"og:image:height\" content=\"1707\" \/>\n\t<meta property=\"og:image:type\" content=\"image\/jpeg\" \/>\n<meta name=\"twitter:card\" content=\"summary_large_image\" \/>\n<meta name=\"twitter:label1\" content=\"Est. reading time\" \/>\n\t<meta name=\"twitter:data1\" content=\"1 minute\" \/>\n<script type=\"application\/ld+json\" class=\"yoast-schema-graph\">{\"@context\":\"https:\\\/\\\/schema.org\",\"@graph\":[{\"@type\":\"WebPage\",\"@id\":\"https:\\\/\\\/www.smovin.app\\\/fr-be\\\/etat-des-lieux\\\/modele\\\/\",\"url\":\"https:\\\/\\\/www.smovin.app\\\/fr-be\\\/etat-des-lieux\\\/modele\\\/\",\"name\":\"T\u00e9l\u00e9chargez notre mod\u00e8le d'\u00e9tat des lieux gratuit 2026\",\"isPartOf\":{\"@id\":\"https:\\\/\\\/www.smovin.app\\\/fr-be\\\/#website\"},\"primaryImageOfPage\":{\"@id\":\"https:\\\/\\\/www.smovin.app\\\/fr-be\\\/etat-des-lieux\\\/modele\\\/#primaryimage\"},\"image\":{\"@id\":\"https:\\\/\\\/www.smovin.app\\\/fr-be\\\/etat-des-lieux\\\/modele\\\/#primaryimage\"},\"thumbnailUrl\":\"https:\\\/\\\/www.smovin.app\\\/wp-content\\\/uploads\\\/2022\\\/07\\\/AdobeStock_93943448-scaled.jpeg\",\"datePublished\":\"2022-07-05T15:12:14+00:00\",\"dateModified\":\"2023-07-13T12:39:51+00:00\",\"description\":\"T\u00e9l\u00e9chargez gratuitement notre mod\u00e8le d'\u00e9tat des lieux d'entr\u00e9e et de sortie pour l'ann\u00e9e 2026. Facilitez votre gestion locative !\",\"breadcrumb\":{\"@id\":\"https:\\\/\\\/www.smovin.app\\\/fr-be\\\/etat-des-lieux\\\/modele\\\/#breadcrumb\"},\"inLanguage\":\"fr-be\",\"potentialAction\":[{\"@type\":\"ReadAction\",\"target\":[\"https:\\\/\\\/www.smovin.app\\\/fr-be\\\/etat-des-lieux\\\/modele\\\/\"]}]},{\"@type\":\"ImageObject\",\"inLanguage\":\"fr-be\",\"@id\":\"https:\\\/\\\/www.smovin.app\\\/fr-be\\\/etat-des-lieux\\\/modele\\\/#primaryimage\",\"url\":\"https:\\\/\\\/www.smovin.app\\\/wp-content\\\/uploads\\\/2022\\\/07\\\/AdobeStock_93943448-scaled.jpeg\",\"contentUrl\":\"https:\\\/\\\/www.smovin.app\\\/wp-content\\\/uploads\\\/2022\\\/07\\\/AdobeStock_93943448-scaled.jpeg\",\"width\":2560,\"height\":1707,\"caption\":\"Mod\u00e8le \u00e9tat des lieux\"},{\"@type\":\"BreadcrumbList\",\"@id\":\"https:\\\/\\\/www.smovin.app\\\/fr-be\\\/etat-des-lieux\\\/modele\\\/#breadcrumb\",\"itemListElement\":[{\"@type\":\"ListItem\",\"position\":1,\"name\":\"Accueil\",\"item\":\"https:\\\/\\\/www.smovin.app\\\/fr-be\\\/\"},{\"@type\":\"ListItem\",\"position\":2,\"name\":\"L&#8217;\u00e9tat des lieux en Belgique, comment \u00e7a marche\u202f?\",\"item\":\"https:\\\/\\\/www.smovin.app\\\/fr-be\\\/etat-des-lieux\\\/\"},{\"@type\":\"ListItem\",\"position\":3,\"name\":\"T\u00e9l\u00e9chargez notre mod\u00e8le d&#8217;\u00e9tat des lieux gratuit\"}]},{\"@type\":\"WebSite\",\"@id\":\"https:\\\/\\\/www.smovin.app\\\/fr-be\\\/#website\",\"url\":\"https:\\\/\\\/www.smovin.app\\\/fr-be\\\/\",\"name\":\"Smovin | Focus on what really matters\",\"description\":\"Application de gestion locative puissante et intuitive pour investisseurs immobiliers.\",\"publisher\":{\"@id\":\"https:\\\/\\\/www.smovin.app\\\/fr-be\\\/#organization\"},\"potentialAction\":[{\"@type\":\"SearchAction\",\"target\":{\"@type\":\"EntryPoint\",\"urlTemplate\":\"https:\\\/\\\/www.smovin.app\\\/fr-be\\\/?s={search_term_string}\"},\"query-input\":{\"@type\":\"PropertyValueSpecification\",\"valueRequired\":true,\"valueName\":\"search_term_string\"}}],\"inLanguage\":\"fr-be\"},{\"@type\":\"Organization\",\"@id\":\"https:\\\/\\\/www.smovin.app\\\/fr-be\\\/#organization\",\"name\":\"Smovin\",\"url\":\"https:\\\/\\\/www.smovin.app\\\/fr-be\\\/\",\"logo\":{\"@type\":\"ImageObject\",\"inLanguage\":\"fr-be\",\"@id\":\"https:\\\/\\\/www.smovin.app\\\/fr-be\\\/#\\\/schema\\\/logo\\\/image\\\/\",\"url\":\"https:\\\/\\\/www.smovin.app\\\/wp-content\\\/uploads\\\/2021\\\/07\\\/LogoSmovinColors.svg\",\"contentUrl\":\"https:\\\/\\\/www.smovin.app\\\/wp-content\\\/uploads\\\/2021\\\/07\\\/LogoSmovinColors.svg\",\"width\":540,\"height\":103,\"caption\":\"Smovin\"},\"image\":{\"@id\":\"https:\\\/\\\/www.smovin.app\\\/fr-be\\\/#\\\/schema\\\/logo\\\/image\\\/\"}}]}<\/script>\n<!-- \/ Yoast SEO plugin. -->","yoast_head_json":{"title":"T\u00e9l\u00e9chargez notre mod\u00e8le d'\u00e9tat des lieux gratuit 2026","description":"T\u00e9l\u00e9chargez gratuitement notre mod\u00e8le d'\u00e9tat des lieux d'entr\u00e9e et de sortie pour l'ann\u00e9e 2026. Facilitez votre gestion locative !","robots":{"index":"index","follow":"follow","max-snippet":"max-snippet:-1","max-image-preview":"max-image-preview:large","max-video-preview":"max-video-preview:-1"},"canonical":"https:\/\/www.smovin.app\/fr-be\/etat-des-lieux\/modele\/","og_locale":"fr_FR","og_type":"article","og_title":"T\u00e9l\u00e9chargez notre mod\u00e8le d'\u00e9tat des lieux gratuit 2026","og_description":"T\u00e9l\u00e9chargez gratuitement notre mod\u00e8le d'\u00e9tat des lieux d'entr\u00e9e et de sortie pour l'ann\u00e9e 2026. Facilitez votre gestion locative !","og_url":"https:\/\/www.smovin.app\/fr-be\/etat-des-lieux\/modele\/","og_site_name":"Smovin | Focus on what really matters","article_modified_time":"2023-07-13T12:39:51+00:00","og_image":[{"width":2560,"height":1707,"url":"https:\/\/www.smovin.app\/wp-content\/uploads\/2022\/07\/AdobeStock_93943448-scaled.jpeg","type":"image\/jpeg"}],"twitter_card":"summary_large_image","twitter_misc":{"Est. reading time":"1 minute"},"schema":{"@context":"https:\/\/schema.org","@graph":[{"@type":"WebPage","@id":"https:\/\/www.smovin.app\/fr-be\/etat-des-lieux\/modele\/","url":"https:\/\/www.smovin.app\/fr-be\/etat-des-lieux\/modele\/","name":"T\u00e9l\u00e9chargez notre mod\u00e8le d'\u00e9tat des lieux gratuit 2026","isPartOf":{"@id":"https:\/\/www.smovin.app\/fr-be\/#website"},"primaryImageOfPage":{"@id":"https:\/\/www.smovin.app\/fr-be\/etat-des-lieux\/modele\/#primaryimage"},"image":{"@id":"https:\/\/www.smovin.app\/fr-be\/etat-des-lieux\/modele\/#primaryimage"},"thumbnailUrl":"https:\/\/www.smovin.app\/wp-content\/uploads\/2022\/07\/AdobeStock_93943448-scaled.jpeg","datePublished":"2022-07-05T15:12:14+00:00","dateModified":"2023-07-13T12:39:51+00:00","description":"T\u00e9l\u00e9chargez gratuitement notre mod\u00e8le d'\u00e9tat des lieux d'entr\u00e9e et de sortie pour l'ann\u00e9e 2026. Facilitez votre gestion locative !","breadcrumb":{"@id":"https:\/\/www.smovin.app\/fr-be\/etat-des-lieux\/modele\/#breadcrumb"},"inLanguage":"fr-be","potentialAction":[{"@type":"ReadAction","target":["https:\/\/www.smovin.app\/fr-be\/etat-des-lieux\/modele\/"]}]},{"@type":"ImageObject","inLanguage":"fr-be","@id":"https:\/\/www.smovin.app\/fr-be\/etat-des-lieux\/modele\/#primaryimage","url":"https:\/\/www.smovin.app\/wp-content\/uploads\/2022\/07\/AdobeStock_93943448-scaled.jpeg","contentUrl":"https:\/\/www.smovin.app\/wp-content\/uploads\/2022\/07\/AdobeStock_93943448-scaled.jpeg","width":2560,"height":1707,"caption":"Mod\u00e8le \u00e9tat des lieux"},{"@type":"BreadcrumbList","@id":"https:\/\/www.smovin.app\/fr-be\/etat-des-lieux\/modele\/#breadcrumb","itemListElement":[{"@type":"ListItem","position":1,"name":"Accueil","item":"https:\/\/www.smovin.app\/fr-be\/"},{"@type":"ListItem","position":2,"name":"L&#8217;\u00e9tat des lieux en Belgique, comment \u00e7a marche\u202f?","item":"https:\/\/www.smovin.app\/fr-be\/etat-des-lieux\/"},{"@type":"ListItem","position":3,"name":"T\u00e9l\u00e9chargez notre mod\u00e8le d&#8217;\u00e9tat des lieux gratuit"}]},{"@type":"WebSite","@id":"https:\/\/www.smovin.app\/fr-be\/#website","url":"https:\/\/www.smovin.app\/fr-be\/","name":"Smovin | Focus on what really matters","description":"Application de gestion locative puissante et intuitive pour investisseurs immobiliers.","publisher":{"@id":"https:\/\/www.smovin.app\/fr-be\/#organization"},"potentialAction":[{"@type":"SearchAction","target":{"@type":"EntryPoint","urlTemplate":"https:\/\/www.smovin.app\/fr-be\/?s={search_term_string}"},"query-input":{"@type":"PropertyValueSpecification","valueRequired":true,"valueName":"search_term_string"}}],"inLanguage":"fr-be"},{"@type":"Organization","@id":"https:\/\/www.smovin.app\/fr-be\/#organization","name":"Smovin","url":"https:\/\/www.smovin.app\/fr-be\/","logo":{"@type":"ImageObject","inLanguage":"fr-be","@id":"https:\/\/www.smovin.app\/fr-be\/#\/schema\/logo\/image\/","url":"https:\/\/www.smovin.app\/wp-content\/uploads\/2021\/07\/LogoSmovinColors.svg","contentUrl":"https:\/\/www.smovin.app\/wp-content\/uploads\/2021\/07\/LogoSmovinColors.svg","width":540,"height":103,"caption":"Smovin"},"image":{"@id":"https:\/\/www.smovin.app\/fr-be\/#\/schema\/logo\/image\/"}}]}},"_links":{"self":[{"href":"https:\/\/www.smovin.app\/fr-be\/wp-json\/wp\/v2\/pages\/15398","targetHints":{"allow":["GET"]}}],"collection":[{"href":"https:\/\/www.smovin.app\/fr-be\/wp-json\/wp\/v2\/pages"}],"about":[{"href":"https:\/\/www.smovin.app\/fr-be\/wp-json\/wp\/v2\/types\/page"}],"author":[{"embeddable":true,"href":"https:\/\/www.smovin.app\/fr-be\/wp-json\/wp\/v2\/users\/208846801"}],"replies":[{"embeddable":true,"href":"https:\/\/www.smovin.app\/fr-be\/wp-json\/wp\/v2\/comments?post=15398"}],"version-history":[{"count":0,"href":"https:\/\/www.smovin.app\/fr-be\/wp-json\/wp\/v2\/pages\/15398\/revisions"}],"up":[{"embeddable":true,"href":"https:\/\/www.smovin.app\/fr-be\/wp-json\/wp\/v2\/pages\/15378"}],"wp:featuredmedia":[{"embeddable":true,"href":"https:\/\/www.smovin.app\/fr-be\/wp-json\/wp\/v2\/media\/15402"}],"wp:attachment":[{"href":"https:\/\/www.smovin.app\/fr-be\/wp-json\/wp\/v2\/media?parent=15398"}],"wp:term":[{"taxonomy":"category","embeddable":true,"href":"https:\/\/www.smovin.app\/fr-be\/wp-json\/wp\/v2\/categories?post=15398"},{"taxonomy":"post_tag","embeddable":true,"href":"https:\/\/www.smovin.app\/fr-be\/wp-json\/wp\/v2\/tags?post=15398"}],"curies":[{"name":"wp","href":"https:\/\/api.w.org\/{rel}","templated":true}]}}